{"id":6381,"date":"2021-11-09T01:03:17","date_gmt":"2021-11-09T00:03:17","guid":{"rendered":"https:\/\/flughafen-muenchen-riem.de\/?page_id=6381"},"modified":"2021-11-09T01:14:47","modified_gmt":"2021-11-09T00:14:47","slug":"riem-geschichte","status":"publish","type":"page","link":"https:\/\/flughafen-muenchen-riem.de\/pl\/riem-geschichte\/","title":{"rendered":"Monachium - Riem"},"content":{"rendered":"<p>[et_pb_section fb_built = \u201c1 \u2033 _builder_version = \u201c 3.22 \u2033 custom_padding = \u201c137px | 0px | 161px | 0px | false | false\u201d global_colors_info = \u201c{}\u201d] [et_pb_row _builder_version = \u201c3.25 \u2033 29px | .x | 0 | false \u201cglobal_colors_info =&quot; {} &quot;] [et_pb_column type =&quot; 4_4 \u2033 _builder_version = &quot;3.25 \u2033 custom_padding =&quot; ||| &quot;global_colors_info =&quot; {} &quot;custom_padding__hover =&quot; ||| &quot;] [et_pb_textbuilder_palm_class = &quot;Zweis = \u201e4.13.0 \u2033 link_font =\u201e ||||||||\u201eglobal_colors_info =&quot;{}&quot;]<\/p>\n<p><strong>Riem znajduje si\u0119 oko\u0142o 7 km na wsch\u00f3d od centrum Monachium i wraz z Trudering tworzy dzielnic\u0119 15 Trudering-Riem<\/strong><\/p>\n<h2>Riem przed 1900: fakty historyczne o Riem<\/h2>\n<p>Pierwsza pisemna wzmianka o dzisiejszym Riem pochodzi z 788 roku. Pierwotna nazwa Riema, kt\u00f3ra powsta\u0142a oko\u0142o IX wieku, wywodzi si\u0119 ze znaczenia \u201epasa\u201d. By\u0107 mo\u017ce dlatego, \u017ce pierwotna wie\u015b Riema z dziedzi\u0144cami zosta\u0142a zbudowana wok\u00f3\u0142 ko\u015bcio\u0142a \u015bw. Marcina w dzisiejszym Trudering-Riem od 1183 roku jak pas.<\/p>\n<p>Od 1158 r. przez wie\u015b Riem przebiega\u0142a droga solna Reichenhall-Augsburg, przywo\u017c\u0105ca rocznie 5 tys. woz\u00f3w. W 1644 r. Thurn und Taxis zbudowali stacj\u0119 pocztow\u0105 i przeka\u017anikow\u0105, aw 1881 r. gmina Dornach przekaza\u0142a Riem w\u0142asny budynek szkolny.<\/p>\n<p>Od 1818 r. Riem by\u0142o samodzieln\u0105 gmin\u0105, p\u00f3\u017aniej na pewien czas przydzielono je gminie Dornach. Tor wy\u015bcig\u00f3w konnych w Riem by\u0142 budowany w latach 1895-1897.<\/p>\n<h2>Riem 1937: Nowa lokalizacja lotniska w Monachium<\/h2>\n<p>W 1936 r. Riem zosta\u0142o nazwane now\u0105 lokalizacj\u0105 lotniska po tym, jak stare lotnisko w Oberwiesenfeld nie mog\u0142o zosta\u0107 rozbudowane ze wzgl\u0119du na brak miejsca i blisko\u015b\u0107 centrum Monachium. 1 stycznia 1937 r. Riem zosta\u0142o w\u0142\u0105czone do aglomeracji monachijskiej w zwi\u0105zku z budow\u0105 lotniska.<\/p>\n<p>Po dw\u00f3ch latach budowy nowe lotnisko Monachium - Riem zosta\u0142o otwarte 1 wrze\u015bnia 1939 roku. Poniewa\u017c otwarcie lotniska zbieg\u0142o si\u0119 z wybuchem II wojny \u015bwiatowej, cywilny ruch lotniczy rozpocz\u0119to dopiero 25 pa\u017adziernika 1939 r. W kwietniu 1945 r. Riem zosta\u0142o znacznie zniszczone podczas bombardowa\u0144. Po odbudowie Riem ro\u015bnie wraz z lotniskiem i ostatecznie przez kr\u00f3tki czas jest centrum \u015bwiata na letnie igrzyska olimpijskie w 1972 roku. 1975 staje si\u0119 <a href=\"https:\/\/de.wikipedia.org\/wiki\/Bahnhof_M%C3%BCnchen-Riem\" target=\"_blank\" rel=\"noopener\">Stacja kolei miejskiej Riem<\/a> wybudowany.<\/p>\n<h2>Riem 1992: Z lotniska do centrum wystawowego<\/h2>\n<p>W 1992 roku lotnisko w Riem zosta\u0142o zamkni\u0119te i przeniesione do Erdinger Moos. Ju\u017c w 1990 roku podstawowy plan wykorzystania terenu lotniska jako \u201e<a href=\"https:\/\/messe-muenchen.de\/de\/unternehmen\/vollendung-messegelaende\/\" target=\"_blank\" rel=\"noopener\">nowe centrum wystawiennicze w Monachium<\/a>&quot;Przyj\u0119ty. Jednak w nast\u0119pnych latach stary obiekt lotniska by\u0142 pocz\u0105tkowo wykorzystywany jako miejsce imprez i pchli targ. Od 1994 roku na cz\u0119\u015bci starego lotniska zbudowano nowe tereny wystawowe i apartamenty. Jako zabytki zachowa\u0142a si\u0119 wie\u017ca, trybuna i sala herbowa.<\/p>\n<p>We wrze\u015bniu 1992 roku w Riem otwarto jedn\u0105 z najwi\u0119kszych stacji prze\u0142adunkowych. Terminal prze\u0142adunkowy jako obiekt dwumodu\u0142owy na obrze\u017cach stolicy Bawarii jest wa\u017cnym w\u0119z\u0142em komunikacyjnym w ruchu p\u00f3\u0142noc-po\u0142udnie mi\u0119dzy Niemcami a W\u0142ochami. Wiele tysi\u0119cy ton jest tu codziennie przywo\u017conych z szosy na kolej i odwrotnie. Udzia\u0142 tych kopert stanowi ok. 25% ca\u0142kowitego ruchu kolejowego na stacji prze\u0142adunkowej Riem. Terminal prze\u0142adunkowy ma bezpo\u015brednie po\u0142\u0105czenie kolejowe z g\u0142\u00f3wn\u0105 lini\u0105 we wszystkich kierunkach. Cech\u0105 szczeg\u00f3ln\u0105 systemu jest mo\u017cliwo\u015b\u0107 wjazdu poci\u0105g\u00f3w bezpo\u015brednio z sieci. W 2011 roku obiekt zosta\u0142 rozbudowany o trzeci tor suwnicowy, zwi\u0119kszaj\u0105c \u0142\u0105czn\u0105 pojemno\u015b\u0107 stacji prze\u0142adunkowej Riemer do 400 000 kontener\u00f3w morskich i do 7 000 poci\u0105g\u00f3w rocznie (20 poci\u0105g\u00f3w i ponad 1000 kontener\u00f3w dziennie).<\/p>\n<p>12 lutego 1998 roku po zaledwie 3,5 latach budowy oficjalnie otwarto nowe centrum wystawiennicze Riem o \u0142\u0105cznej powierzchni 140 000 metr\u00f3w kwadratowych. Prawie 6 tygodni p\u00f3\u017aniej Riem otrzyma\u0142 now\u0105 remiz\u0119 stra\u017cack\u0105. Remiza stra\u017cacka 10 - Riem \/ Neue Messe jako obszar stra\u017cy obejmuje dzielnice miasta Daglfing, Riem, Neu Riem, Moosfeld, cz\u0119\u015b\u0107 Trudering i ca\u0142y obszar Nowego Centrum Targowego w Monachium, miasta targowego i p\u00f3\u017aniej stacja metra i Riem Arcaden.<\/p>\n<p>Linia U2 otwiera ca\u0142y obiekt od 29 maja 1999 r., po spektakularnym zawaleniu si\u0119 tunelu 20 wrze\u015bnia 1994 r., w kt\u00f3rym zawali\u0142 si\u0119 dach nowo powsta\u0142ego tunelu na stacji Trudering z powodu wnikania wody i autobusu 192 z tylnym pierwszym zsun\u0105\u0142 si\u0119 do powsta\u0142ego krateru. W autobusie zgin\u0119\u0142o dw\u00f3ch pasa\u017cer\u00f3w, zgin\u0105\u0142 te\u017c robotnik budowlany. Z powodu wypadku otwarcie stacji metra U2\/Messe op\u00f3\u017ani\u0142o si\u0119 o p\u00f3\u0142tora roku, co skutkowa\u0142o dodatkowymi kosztami w wysoko\u015bci 30 mln euro.<\/p>\n<p>ICM (Mi\u0119dzynarodowe Centrum Kongresowe w Monachium) otwiera si\u0119 9 pa\u017adziernika 1998 roku i jest obecnie jednym z wiod\u0105cych centr\u00f3w kongresowych na \u015bwiecie. Mi\u0119dzy innymi w ICM w targowym mie\u015bcie Riem odby\u0142y si\u0119 nagrody Bambi Awards, Bavarian Sports Prize oraz Kaiserball. Wraz z Messe M\u00fcnchen International i MOC, ICM tworzy lokalizacje Messe M\u00fcnchen. Dzi\u0119ki dobrym po\u0142\u0105czeniom komunikacyjnym zar\u00f3wno na lotnisko, jak i na g\u0142\u00f3wny dworzec kolejowy w Monachium mo\u017cna dojecha\u0107 w 20 minut.<\/p>\n<p>R\u00f3wnocze\u015bnie z otwarciem nowych targ\u00f3w w Monachium na 200 hektarach starego lotniska z 1997 roku powsta\u0142 Park Riemer, na kt\u00f3rym od 28 kwietnia do 9 pa\u017adziernika 2005 r. odbywa\u0142y si\u0119 Federalne Targi Ogrodnicze. Z centraln\u0105 powierzchni\u0105 wystawiennicz\u0105 o powierzchni 130 hektar\u00f3w w obr\u0119bie oko\u0142o 200 hektar\u00f3w Parku Krajobrazowego Riemer, BUGA2005 w Monachium by\u0142a jedn\u0105 z najwi\u0119kszych tego typu w Europie.<\/p>\n<h2>Riem 2000: ekologiczne \u017cycie w Riem?<\/h2>\n<p>Nowo powsta\u0142a dzielnica Messestadt Riem jest oddzielona od dzielnicy Riem autostrad\u0105 A94. Od 1999 roku mieszka\u0144cy zacz\u0119li przenosi\u0107 si\u0119 do targowego miasta Riem. Centrum handlowe Riem Arcaden ze 120 sklepami detalicznymi, hotelem oraz licznymi lokalami biurowymi i mieszkalnymi zosta\u0142o otwarte 10 marca 2004 roku, a obok wybudowano ekumeniczne centrum ko\u015bcielne. W 1999 roku Messestadt Riem wci\u0105\u017c liczy\u0142o 1600 mieszka\u0144c\u00f3w, dzi\u015b ma miejsce dla prawie 12 000 mieszka\u0144c\u00f3w ze 111 narodowo\u015bci. Oczekuje si\u0119, \u017ce do 2014 roku Messestadt Riem b\u0119dzie liczy\u0142o 16 000 mieszka\u0144c\u00f3w. Dziesi\u0119ciokrotny wzrost liczby mieszka\u0144c\u00f3w w ci\u0105gu zaledwie 15 lat, co nie jest ca\u0142kowicie bezkrytyczne pod wzgl\u0119dem spo\u0142eczno-politycznym. Wed\u0142ug wydzia\u0142u socjalnego miasta Monachium, na pocz\u0105tku 2013 roku w Riem by\u0142o o 638 procent wi\u0119cej mieszka\u0144 socjalnych i zawodowych ni\u017c \u015brednia miejska. Liczba dzieci jest prawie trzykrotnie wy\u017csza od \u015bredniej miejskiej, a ponadprzeci\u0119tna liczba rodzin ma nawet wi\u0119cej ni\u017c pi\u0119cioro dzieci. Jednocze\u015bnie brakuje odpowiedniej infrastruktury: brakuje pediatr\u00f3w, miejskich \u017c\u0142obk\u00f3w i szk\u00f3\u0142 \u015brednich.<\/p>\n<p>Po rocznej fazie planowania, w dniu 2 lipca 2008 r. w Werner-Eckert-Strasse zosta\u0142a oficjalnie uruchomiona inspekcja policyjna 25 jako najm\u0142odsza inspekcja Komendy G\u0142\u00f3wnej Policji w Monachium. Rejon kontroli Komisariatu Policji 25 obejmuje zasadniczo obszar 15. dzielnicy (Trudering - Riem)<\/p>\n<h2>Riem 2006: Papie\u017c w targowym mie\u015bcie<\/h2>\n<p>10 wrze\u015bnia 2006 r. Papie\u017c odprawi\u0142 niedzielne nabo\u017ce\u0144stwo w Messestadt Riem. W nabo\u017ce\u0144stwie tym wzi\u0119\u0142o udzia\u0142 ponad \u0107wier\u0107 miliona os\u00f3b. W kazaniu papie\u017ca w Riem po\u015brednio skrytykowa\u0142 niemiecki Ko\u015bci\u00f3\u0142 katolicki, poniewa\u017c jest bardziej zaanga\u017cowany w projekty spo\u0142eczne ni\u017c misyjne \u2013 ale oba s\u0105 \u015bci\u015ble ze sob\u0105 powi\u0105zane. Narzeka\u0142 tak\u017ce na narastaj\u0105c\u0105 \u201eg\u0142uchni\u0119 na Boga\u201d.<\/p>\n<p>[\/ et_pb_text] [\/ et_pb_column] [\/ et_pb_row] [\/ et_pb_section]<\/p>","protected":false},"excerpt":{"rendered":"<p>Prezentacja historyczna Monachium - Riem. Od spo\u0142eczno\u015bci do lokalizacji lotniska i integracji jako dzielnicy Monachium.<\/p>","protected":false},"author":1,"featured_media":6391,"parent":0,"menu_order":0,"comment_status":"closed","ping_status":"closed","template":"","meta":{"_acf_changed":false,"_et_pb_use_builder":"on","_et_pb_old_content":"","_et_gb_content_width":"","footnotes":""},"dipi_cpt_category":[],"class_list":["post-6381","page","type-page","status-publish","has-post-thumbnail","hentry"],"acf":[],"_links":{"self":[{"href":"https:\/\/flughafen-muenchen-riem.de\/pl\/wp-json\/wp\/v2\/pages\/6381","targetHints":{"allow":["GET"]}}],"collection":[{"href":"https:\/\/flughafen-muenchen-riem.de\/pl\/wp-json\/wp\/v2\/pages"}],"about":[{"href":"https:\/\/flughafen-muenchen-riem.de\/pl\/wp-json\/wp\/v2\/types\/page"}],"author":[{"embeddable":true,"href":"https:\/\/flughafen-muenchen-riem.de\/pl\/wp-json\/wp\/v2\/users\/1"}],"replies":[{"embeddable":true,"href":"https:\/\/flughafen-muenchen-riem.de\/pl\/wp-json\/wp\/v2\/comments?post=6381"}],"version-history":[{"count":0,"href":"https:\/\/flughafen-muenchen-riem.de\/pl\/wp-json\/wp\/v2\/pages\/6381\/revisions"}],"wp:featuredmedia":[{"embeddable":true,"href":"https:\/\/flughafen-muenchen-riem.de\/pl\/wp-json\/wp\/v2\/media\/6391"}],"wp:attachment":[{"href":"https:\/\/flughafen-muenchen-riem.de\/pl\/wp-json\/wp\/v2\/media?parent=6381"}],"wp:term":[{"taxonomy":"dipi_cpt_category","embeddable":true,"href":"https:\/\/flughafen-muenchen-riem.de\/pl\/wp-json\/wp\/v2\/dipi_cpt_category?post=6381"}],"curies":[{"name":"wp","href":"https:\/\/api.w.org\/{rel}","templated":true}]}}