{"id":6258,"date":"2021-11-14T01:25:14","date_gmt":"2021-11-14T00:25:14","guid":{"rendered":"https:\/\/flughafen-muenchen-riem.de\/?page_id=6258"},"modified":"2021-11-14T01:27:54","modified_gmt":"2021-11-14T00:27:54","slug":"flughafen-muenchen-administrator-charles-d-daily","status":"publish","type":"page","link":"https:\/\/flughafen-muenchen-riem.de\/pl\/flughafen-muenchen-administrator-charles-d-daily\/","title":{"rendered":"Zarz\u0105dca lotniska w Monachium Charles D. Daily"},"content":{"rendered":"<p>[et_pb_section fb_built = \u201c1 \u2033 _builder_version = \u201c 3.22 \u2033 custom_padding = \u201c137px | 0px | 161px | 0px | false | false\u201d global_colors_info = \u201c{}\u201d] [et_pb_row _builder_version = \u201c3.25 \u2033 custom_margin =\u201d | auto | auto || \u201ccustom_padding =\u201d 0 | 0px | 29px | 0 | false | false \u201cglobal_colors_info =&quot; {} &quot;] [et_pb_column type =&quot; 4_4 \u2033 _builder_version = &quot;3.25 \u2033 custom_padding =&quot; ||| &quot;global_colors_info =&quot; {} \u201eCustom_padding__hover =\u201d ||| \u201e] [et_pb_text module_class =\u201d podziel dwa \u201e_builder_version =\u201d 4.13.0 \u2033 link_font = \u201e||||||||\u201d global_colors_info = \u201e{}\u201d]<\/p>\n<h1>Charles Dennis Daily, s.r.<\/h1>\n<p>Urodzony 15 maja 1899 w Bethany w stanie Missouri. Charles D. Daily by\u0142 jednym z 13 dzieci. Charles D. Daily opu\u015bci\u0142 dom w wieku 12 lat i zamieszka\u0142 ze swoj\u0105 najstarsz\u0105 siostr\u0105 w Curtiss w stanie Nebraska. Tam pracowa\u0142 na farmie jako kowboj.<\/p>\n<p>W 1916 zdoby\u0142 mistrzostwo Bronco Busting Championship na Cheyenne Rodeo, a rok p\u00f3\u017aniej do\u0142\u0105czy\u0142 do jednostki Colorado Army jako je\u017adziec. W tym samym roku zosta\u0142 u\u017cyty jako \u017co\u0142nierz piechoty we francuskim sektorze Verdun (ofensywa Meuse-Argonne). Walczy\u0142 w Chateau Thierry nad Marn\u0105 i a\u017c do Metz a\u017c do rozejmu 11 listopada 1918. W tym czasie by\u0142 nara\u017cony na ataki Niemc\u00f3w z u\u017cyciem truj\u0105cego gazu, zosta\u0142 ranny w walce i tym samym zosta\u0142 odznaczony Orderem Purpurowego Serca .<\/p>\n<p>W 1919 Charles D. Daily powr\u00f3ci\u0142 do Stan\u00f3w Zjednoczonych. On i jego brat John ucz\u0119szczali do Merchant Marine Academy i pop\u0142yn\u0119li kwadratow\u0105 platform\u0105 przez Przyl\u0105dek Horn do San Francisco. Jednak marynarze nie mogli go przekona\u0107, dlatego ucz\u0119szcza\u0142 na Uniwersytet Valapriso (Indianna), aby uko\u0144czy\u0107 szkolenie radiowe.<\/p>\n<p>Wraz ze swoim wsp\u00f3\u0142lokatorem Charlesem Colechestrem \u2013 synem zamo\u017cnej kanadyjskiej rodziny, zosta\u0142 wydalony z uniwersytetu z powodu nielegalnej produkcji wina. Pracowa\u0142 wi\u0119c przy wydobyciu soli na pustyni, aby zaoszcz\u0119dzi\u0107 troch\u0119 pieni\u0119dzy, i wr\u00f3ci\u0142 do Kansas City, gdzie w ramach prospektu dosta\u0142 prac\u0119 jako konduktor tramwajowy.<\/p>\n<p>Nied\u0142ugo potem zosta\u0142 u\u017cyty jako oficer patrolu konnego.<\/p>\n<p>W 1926 roku Charles D. Daily zacz\u0105\u0142 bra\u0107 lekcje latania w starym Richards Field. Kupi\u0142 dwup\u0142atowiec American Eagle. W mi\u0119dzyczasie zosta\u0142 awansowany na sier\u017canta policji i otrzyma\u0142 zadanie odnalezienia gangster\u00f3w Pretty Boy Floyd, a tak\u017ce Bonnie i Clyde&#039;a z samolotami wyposa\u017conymi w radio na \u015arodkowym Zachodzie.<\/p>\n<p>Wysy\u0142a\u0142 poczt\u0119 lotnicz\u0105 podczas kryzysu pocztowego w 1934 roku. 17 marca 1934 r. rozbi\u0142 si\u0119 Douglasem O-38 w pobli\u017cu St. Joseph, MO, na szcz\u0119\u015bcie tylko lekko ranny. W 1936 zosta\u0142 mianowany kierownikiem miejskiego lotniska Kansas City, gdzie pozna\u0142 Dorothy Margaret Widener, kt\u00f3r\u0105 po\u015blubi\u0142 w 1937 roku.<\/p>\n<p>W 1940 roku Charles D. Daily zosta\u0142 powo\u0142any do Korpusu Powietrznego Armii i za\u0142o\u017cy\u0142 szko\u0142y lotnicze na \u015arodkowym Zachodzie. W 1943 zosta\u0142 przeniesiony do dow\u00f3dztwa transportu lotniczego i pe\u0142ni\u0142 funkcj\u0119 inspektora na wszystkich lotniskach ATC na \u015bwiecie (Alaska, USA, Brazylia, Afryka, Arabia, Indie, Chiny, Anglia i W\u0142ochy). Zako\u0144czy\u0142 wojn\u0119 jako pu\u0142kownik w USAAC (Army Air Corps, poprzednik Si\u0142 Powietrznych Stan\u00f3w Zjednoczonych).<\/p>\n<p>Po zako\u0144czeniu wojny by\u0142 pu\u0142kownikiem w Korpusie Powietrznym Armii Stan\u00f3w Zjednoczonych i powr\u00f3ci\u0142 jako dyrektor lotnictwa cywilnego w Kansas City i dyrektor generalny miejskiego lotniska Kansas City, pozostaj\u0105c w si\u0142ach powietrznych USA jako rezerwista.<\/p>\n<p>W 1948 otrzyma\u0142 od Najwy\u017cszej Komisji alianckiej rozkaz wznowienia dzia\u0142alno\u015bci na lotnisku zniszczonym przez 70% na lotnisku Monachium-Riem. Pod koniec 1949 roku oddano do u\u017cytku wyd\u0142u\u017cone pasy startowe, kt\u00f3re zaproponowa\u0142, aby ponownie umo\u017cliwi\u0107 lotnictwo cywilne. Na nowego dyrektora lotniska wyznaczy\u0142 r\u00f3wnie\u017c \u0142adowniczego Wulfa Dietera zu Castell (kt\u00f3ry opr\u00f3cz tego, \u017ce jest bardzo energiczny, potrafi\u0142 r\u00f3wnie\u017c biegle m\u00f3wi\u0107 w 3 j\u0119zykach).<\/p>\n<p>[\/ et_pb_text] [et_pb_image src = \u201ehttps:\/\/flughafen-muenchen-riem.de\/wp-content\/uploads\/2021\/11\/charles-d-daily-wulf-dieter-zu-castell-1.jpg\u201d title_text = \u201cCharles-d-daily-wulf-dieter-zu-castell\u201d _builder_version = \u201c4.13.0 \u2033 _module_preset =\u201d default \u201cfilter_saturate =\u201d 0% \u201cfilter_brightness =\u201d 89% \u201cfilter_contrast =\u201d 130% \u201cglobal_colors}]info =\u201d [\/ et_pb_image] [et_pb_text _builder_version = \u201c4.13.0 \u2033 _module_preset = \u201c default \u201cglobal_colors_info =\u201d {} \u201c]<\/p>\n<p>W 1952 Charles D. Daily powr\u00f3ci\u0142 do Kansas City, a w 1953 zosta\u0142 mianowany dow\u00f3dc\u0105 <a href=\"https:\/\/en.wikipedia.org\/wiki\/442nd_Operations_Group\" target=\"_blank\" rel=\"noopener\">442. Grupa Top Carrier Rezerwy USAF<\/a> wybrany. Lata\u0142 samolotami C-46, C-119 i C-124 i przeszed\u0142 na emerytur\u0119 z USAF w 1962 z 28 000 godzin w samolotach wojskowych i tysi\u0105cami innych godzin cywilnych. Skrzyd\u0142o 442 Troop Carrier Wing mia\u0142o w tym czasie najlepszy wynik w zakresie bezpiecze\u0144stwa w USAF.<\/p>\n<p>[\/ et_pb_text] [et_pb_image src = \u201chttps:\/\/flughafen-muenchen-riem.de\/wp-content\/uploads\/2021\/11\/daily-442-scaled.jpeg\u201d title_text = \u201cdaily-442\u2033 _builder_version =\u201d 4.13 .0 \u2033 _module_preset = \u201cdefault\u201d global_colors_info = \u201c{}\u201d] [\/ et_pb_image] [et_pb_text _builder_version = \u201c4.13.0 \u2033 _module_preset = \u201c default \u201cglobal_colors_info =\u201d {} \u201c]<\/p>\n<p>Charles D. Daily zmar\u0142 w Kansas City w 1972 roku, maj\u0105c trzech syn\u00f3w (wszyscy w departamentach marynarki wojennej USA i armii medycznej jako kapitanowie lub emerytowani pu\u0142kownicy) i c\u00f3rk\u0119 (piel\u0119gniark\u0119)<\/p>\n<p>[\/ et_pb_text] [\/ et_pb_column] [\/ et_pb_row] [\/ et_pb_section]<\/p>","protected":false},"excerpt":{"rendered":"<p>9 listopada 1948 r. wydzia\u0142 lotnictwa cywilnego ameryka\u0144skich si\u0142 okupacyjnych wyznaczy\u0142 by\u0142ego ameryka\u0144skiego pilota Charlesa D. Dailya na administratora lotniska Monachium-Riem.<\/p>","protected":false},"author":1,"featured_media":6266,"parent":0,"menu_order":0,"comment_status":"closed","ping_status":"closed","template":"","meta":{"_acf_changed":false,"_et_pb_use_builder":"on","_et_pb_old_content":"","_et_gb_content_width":"","footnotes":""},"dipi_cpt_category":[],"class_list":["post-6258","page","type-page","status-publish","has-post-thumbnail","hentry"],"acf":[],"_links":{"self":[{"href":"https:\/\/flughafen-muenchen-riem.de\/pl\/wp-json\/wp\/v2\/pages\/6258","targetHints":{"allow":["GET"]}}],"collection":[{"href":"https:\/\/flughafen-muenchen-riem.de\/pl\/wp-json\/wp\/v2\/pages"}],"about":[{"href":"https:\/\/flughafen-muenchen-riem.de\/pl\/wp-json\/wp\/v2\/types\/page"}],"author":[{"embeddable":true,"href":"https:\/\/flughafen-muenchen-riem.de\/pl\/wp-json\/wp\/v2\/users\/1"}],"replies":[{"embeddable":true,"href":"https:\/\/flughafen-muenchen-riem.de\/pl\/wp-json\/wp\/v2\/comments?post=6258"}],"version-history":[{"count":0,"href":"https:\/\/flughafen-muenchen-riem.de\/pl\/wp-json\/wp\/v2\/pages\/6258\/revisions"}],"wp:featuredmedia":[{"embeddable":true,"href":"https:\/\/flughafen-muenchen-riem.de\/pl\/wp-json\/wp\/v2\/media\/6266"}],"wp:attachment":[{"href":"https:\/\/flughafen-muenchen-riem.de\/pl\/wp-json\/wp\/v2\/media?parent=6258"}],"wp:term":[{"taxonomy":"dipi_cpt_category","embeddable":true,"href":"https:\/\/flughafen-muenchen-riem.de\/pl\/wp-json\/wp\/v2\/dipi_cpt_category?post=6258"}],"curies":[{"name":"wp","href":"https:\/\/api.w.org\/{rel}","templated":true}]}}