{"id":3054,"date":"2019-05-13T11:53:10","date_gmt":"2019-05-13T09:53:10","guid":{"rendered":"https:\/\/flughafen-muenchen-riem.de\/?page_id=3054"},"modified":"2024-03-06T23:38:26","modified_gmt":"2024-03-06T22:38:26","slug":"bilder","status":"publish","type":"page","link":"https:\/\/flughafen-muenchen-riem.de\/pl\/bilder\/","title":{"rendered":"Zdj\u0119cia ze starego lotniska Monachium-Riem"},"content":{"rendered":"<p>[et_pb_section fb_built=\u201d1\u2033 _builder_version=\u201d4.16\u2033 _module_preset=\u201ddomy\u015blny\u201d global_colors_info=\u201d{}\u201d][et_pb_row _builder_version=\u201d4.16\u2033 _module_preset=\u201ddomy\u015blny\u201d global_colors_info=\u201d{}\u201d][et_pb_column type=\u201d4_4\u2033 _builder_version=\u201d4.16\u2033 _module_preset=\u201ddomy\u015blny\u201d global_colors_info=\u201d{}\u201d][et_pb_text _builder_version=\u201d4.16\u2033 _module_preset=\u201ddomy\u015blny\u201d hover_enabled=\u201d0\u2033 global_colors_info=\u201d{}\u201d sticky_enabled=\u201d0\u2033]<\/p>\n<h1>Zdj\u0119cia z lotniska Monachium-Riem<\/h1>\n<p>... nie znikn\u0119\u0142y, ale to jest obecnie w budowie.<\/p>\n<p>[\/ et_pb_text] [\/ et_pb_column] [\/ et_pb_row] [\/ et_pb_section]<\/p>","protected":false},"excerpt":{"rendered":"<p>W tym miejscu prezentujemy zdj\u0119cia starego lotniska w Monachium z r\u00f3\u017cnych \u017ar\u00f3de\u0142. Dzi\u0119ki niekt\u00f3rym zwolennikom sami te\u017c posiadamy troch\u0119 materia\u0142u graficznego - ale ten materia\u0142 zdj\u0119ciowy jest obecnie przetwarzany i przesy\u0142any p\u00f3\u017aniej.<\/p>","protected":false},"author":1,"featured_media":144,"parent":0,"menu_order":0,"comment_status":"closed","ping_status":"closed","template":"","meta":{"_acf_changed":false,"_et_pb_use_builder":"on","_et_pb_old_content":"","_et_gb_content_width":"","footnotes":""},"dipi_cpt_category":[],"class_list":["post-3054","page","type-page","status-publish","has-post-thumbnail","hentry"],"acf":[],"_links":{"self":[{"href":"https:\/\/flughafen-muenchen-riem.de\/pl\/wp-json\/wp\/v2\/pages\/3054","targetHints":{"allow":["GET"]}}],"collection":[{"href":"https:\/\/flughafen-muenchen-riem.de\/pl\/wp-json\/wp\/v2\/pages"}],"about":[{"href":"https:\/\/flughafen-muenchen-riem.de\/pl\/wp-json\/wp\/v2\/types\/page"}],"author":[{"embeddable":true,"href":"https:\/\/flughafen-muenchen-riem.de\/pl\/wp-json\/wp\/v2\/users\/1"}],"replies":[{"embeddable":true,"href":"https:\/\/flughafen-muenchen-riem.de\/pl\/wp-json\/wp\/v2\/comments?post=3054"}],"version-history":[{"count":0,"href":"https:\/\/flughafen-muenchen-riem.de\/pl\/wp-json\/wp\/v2\/pages\/3054\/revisions"}],"wp:featuredmedia":[{"embeddable":true,"href":"https:\/\/flughafen-muenchen-riem.de\/pl\/wp-json\/wp\/v2\/media\/144"}],"wp:attachment":[{"href":"https:\/\/flughafen-muenchen-riem.de\/pl\/wp-json\/wp\/v2\/media?parent=3054"}],"wp:term":[{"taxonomy":"dipi_cpt_category","embeddable":true,"href":"https:\/\/flughafen-muenchen-riem.de\/pl\/wp-json\/wp\/v2\/dipi_cpt_category?post=3054"}],"curies":[{"name":"wp","href":"https:\/\/api.w.org\/{rel}","templated":true}]}}