{"id":2617,"date":"2018-12-28T12:18:51","date_gmt":"2018-12-28T11:18:51","guid":{"rendered":"https:\/\/flughafen-muenchen-riem.de\/?page_id=2617"},"modified":"2024-03-07T00:16:18","modified_gmt":"2024-03-06T23:16:18","slug":"relikte","status":"publish","type":"page","link":"https:\/\/flughafen-muenchen-riem.de\/pl\/relikte\/","title":{"rendered":"Relikty starego lotniska w Monachium-Riem"},"content":{"rendered":"<p>[et_pb_section fb_built=\u201c1\u2033 _builder_version=\u201c4.16\u2033 global_colors_info=\u201c{}\u201c][et_pb_row _builder_version=\u201c4.16\u2033 global_colors_info=\u201c{}\u201c][et_pb_column type=\u201c4_4\u2033 _builder_version=\u201c4.16\u2033 custom_padding=&quot;|||&quot; global_colors_info=\u201d{}\u201d custom_padding__hover=\u201d|||\u201d][et_pb_text _builder_version=\u201d4.24.2\u2033 hover_enabled=\u201d0\u2033 global_colors_info=\u201d{}\u201d text_font=\u201dspecialelite||||||||\u201d sticky_enabled=\u201c0\u2033]<\/p>\n<h2>Stare lotnisko w Monachium ust\u0119puje miejsca monachijskiemu centrum wystawowemu<\/h2>\n<p>Zaraz po likwidacji przyst\u0105piono do demonta\u017cu lotniska w Monachium-Riem, np. do listopada 1992 roku rozebrano pomosty pasa\u017cerskie i gara\u017ce. Od 1992 roku do lata 1996 roku tereny by\u0142ego lotniska wykorzystywano jako centrum kulturalne. Stopniowo ostatnie pozosta\u0142o\u015bci lotniska w Riem znikn\u0119\u0142y, aby zrobi\u0107 miejsce dla nowego centrum targowego w Monachium i miasta targowego. Na przyk\u0142ad w listopadzie 1996 r. <a href=\"https:\/\/flughafen-muenchen-riem.de\/pl\/history\/lufthansa-wartungshalle-gesprengt\/\">Hangar serwisowy Lufthansy wysadzony w powietrze<\/a>.<\/p>\n<p><strong>Demonta\u017c monachijskiego lotniska Riem zako\u0144czono w 1998 roku.<\/strong><\/p>\n<p>Dzi\u015b Nowe Centrum Targowe Monachium i targowe miasto Riem znajduj\u0105 si\u0119 na ok. 500 hektarach terenu dawnego monachijskiego lotniska w Riem. Po starym lotnisku pozosta\u0142o jeszcze kilka:<\/p>\n<p>[\/et_pb_text][\/et_pb_column][\/et_pb_row][et_pb_row _wersja_budowniczego=\u201d4.16\u2033 global_colors_info=\u201d{}\u201d][et_pb_column type=\u201d4_4\u2033 _wersja_budowniczego=\u201d4.16\u2033 custom_padding=\u201d|||\u201d global_colors_info=\u201d{}\u201d custom_padding__hover=\u201d|||\u201d][et_pb_text _wersja_budowniczego=\u201d4.16\u2033 global_colors_info=\u201d{}\u201d]<\/p>\n<h2><\/h2>\n<h2>Pozosta\u0142o\u015bci starego lotniska w Monachium-Riem<\/h2>\n<p>[\/et_pb_text][\/et_pb_column][\/et_pb_row][et_pb_row column_structure=\u201c1_2,1_2\u2033 _builder_version=\u201c4.16\u2033 global_colors_info=\u201c{}\u201c][et_pb_column type=\u201c1_2\u2033 _builder_version=\u201c4.16\u2033 custom_padding=&quot;|||&quot; global_colors_info=\u201d{}\u201d custom_padding__hover=\u201d|||\u201d][et_pb_text _wersja_buildera=\u201d4.16\u2033 global_colors_info=\u201d{}\u201d]<\/p>\n<div id=\"attachment_2628\" style=\"width: 610px\" class=\"wp-caption alignnone\"><img loading=\"lazy\" decoding=\"async\" aria-describedby=\"caption-attachment-2628\" src=\"https:\/\/flughafen-muenchen-riem.de\/wp-content\/uploads\/2018\/12\/tower.jpg\" width=\"600\" height=\"270\" alt=\"\" class=\"wp-image-2628 size-full\" srcset=\"https:\/\/flughafen-muenchen-riem.de\/wp-content\/uploads\/2018\/12\/tower.jpg 600w, https:\/\/flughafen-muenchen-riem.de\/wp-content\/uploads\/2018\/12\/tower-300x135.jpg 300w\" sizes=\"(max-width: 600px) 100vw, 600px\" \/><p id=\"caption-attachment-2628\" class=\"wp-caption-text\">Wie\u017ca kontrolna lotniska Riem bez budynk\u00f3w na terenach wystawowych - \u00a9 Gelbmann<\/p><\/div>\n<p>[\/et_pb_text][\/et_pb_column][et_pb_column typ=\u201c1_2\u2033 _builder_version=\u201c4.16\u2033 custom_padding=\u201c|||\u201c global_colors_info=\u201d{}\u201d custom_padding__hover=\u201d|||\u201d][et_pb_text _wersja_buildera=\u201d4.16\u2033 global_colors_info=\u201d{}\u201d]<\/p>\n<h3>Wie\u017ca \/ wie\u017ca kontrolna<\/h3>\n<p><span>O\u015bmiopi\u0119trowa wie\u017ca kontrolna zosta\u0142a obj\u0119ta ochron\u0105 zabytk\u00f3w w 1995 roku i sta\u0142a swobodnie na terenie wystawowym miasta Monachium z 14 000 m2 powierzchni u\u017cytkowej do 2016 roku. R\u00f3\u017cne pr\u00f3by dobrego wykorzystania dawnej wie\u017cy lotniska i otaczaj\u0105cej j\u0105 otwartej przestrzeni nie powiod\u0142y si\u0119 w latach 1995, 2006 i 2009. <\/span><\/p>\n<p><span>W 2016 roku wie\u017ca zosta\u0142a przekszta\u0142cona w nowoczesny kompleks biurowy. 11 lipca 2017 r. nowa siedziba BRAINLAB Kanclerza Federalnego dr. Angela Merkel zostanie oficjalnie otwarta. Elementem przyci\u0105gaj\u0105cym wzrok kompleksu biurowego jest zabytkowa wie\u017ca.<\/span><\/p>\n<p>[\/et_pb_text][\/et_pb_column][\/et_pb_row][et_pb_row column_structure=\u201c1_2,1_2\u2033 _builder_version=\u201c4.16\u2033 global_colors_info=\u201c{}\u201c][et_pb_column type=\u201c1_2\u2033 _builder_version=\u201c4.16\u2033 custom_padding=&quot;|||&quot; global_colors_info=\u201d{}\u201d custom_padding__hover=\u201d|||\u201d][et_pb_text _wersja_buildera=\u201d4.16\u2033 global_colors_info=\u201d{}\u201d]<\/p>\n<h3>Recepcja \/ sala herbowa<\/h3>\n<p><span>Hol lotniska, kt\u00f3ry zosta\u0142 zbudowany w 1939 i otwarty w 1951 - znany r\u00f3wnie\u017c jako sala herbowa - zosta\u0142 wpisany jako zabytek w 1995 roku i jest teraz zintegrowany z nowoczesnym centrum biznesowym. <\/span><\/p>\n<p><span>Dlatego Wappenhalle jest dzi\u015b dost\u0119pna tylko w ograniczonym zakresie jako centrum biznesowe i mo\u017cna j\u0105 wynajmowa\u0107 na imprezy.<\/span><\/p>\n<p>&nbsp;<\/p>\n<p>[\/et_pb_text][\/et_pb_column][et_pb_column typ=\u201c1_2\u2033 _builder_version=\u201c4.16\u2033 custom_padding=\u201c|||\u201c global_colors_info=\u201d{}\u201d custom_padding__hover=\u201d|||\u201d][et_pb_text _wersja_buildera=\u201d4.16\u2033 global_colors_info=\u201d{}\u201d]<\/p>\n<div id=\"attachment_2634\" style=\"width: 610px\" class=\"wp-caption alignnone\"><img loading=\"lazy\" decoding=\"async\" aria-describedby=\"caption-attachment-2634\" src=\"https:\/\/flughafen-muenchen-riem.de\/wp-content\/uploads\/2018\/12\/wappenhalle.jpg\" width=\"600\" height=\"270\" alt=\"\" class=\"wp-image-2634 size-full\" srcset=\"https:\/\/flughafen-muenchen-riem.de\/wp-content\/uploads\/2018\/12\/wappenhalle.jpg 600w, https:\/\/flughafen-muenchen-riem.de\/wp-content\/uploads\/2018\/12\/wappenhalle-300x135.jpg 300w\" sizes=\"(max-width: 600px) 100vw, 600px\" \/><p id=\"caption-attachment-2634\" class=\"wp-caption-text\">Sala Herbowa Lotniska Riem w pobli\u017cu monachijskiego centrum wystawowego. \u00a9 Gelbmann<\/p><\/div>\n<p>[\/et_pb_text][\/et_pb_column][\/et_pb_row][et_pb_row column_structure=\u201c1_2,1_2\u2033 _builder_version=\u201c4.16\u2033 global_colors_info=\u201c{}\u201c][et_pb_column type=\u201c1_2\u2033 _builder_version=\u201c4.16\u2033 custom_padding=&quot;|||&quot; global_colors_info=\u201d{}\u201d custom_padding__hover=\u201d|||\u201d][et_pb_text _wersja_buildera=\u201d4.16\u2033 global_colors_info=\u201d{}\u201d]<div id=\"attachment_2635\" style=\"width: 610px\" class=\"wp-caption alignnone\"><img loading=\"lazy\" decoding=\"async\" aria-describedby=\"caption-attachment-2635\" src=\"https:\/\/flughafen-muenchen-riem.de\/wp-content\/uploads\/2018\/12\/zuschauertribuehne-riem.jpg\" width=\"600\" height=\"270\" alt=\"\" class=\"wp-image-2635 size-full\" srcset=\"https:\/\/flughafen-muenchen-riem.de\/wp-content\/uploads\/2018\/12\/zuschauertribuehne-riem.jpg 600w, https:\/\/flughafen-muenchen-riem.de\/wp-content\/uploads\/2018\/12\/zuschauertribuehne-riem-300x135.jpg 300w\" sizes=\"(max-width: 600px) 100vw, 600px\" \/><p id=\"caption-attachment-2635\" class=\"wp-caption-text\">Trybuna Zeppelin jest zamkni\u0119ta dla zwiedzaj\u0105cych ze wzgl\u0119du na ryzyko zawalenia si\u0119<\/p><\/div>[\/et_pb_text][\/et_pb_column][et_pb_column typ=\u201c1_2\u2033 _builder_version=\u201c4.16\u2033 custom_padding=\u201c|||\u201c global_colors_info=\u201d{}\u201d custom_padding__hover=\u201d|||\u201d][et_pb_text _wersja_buildera=\u201d4.16\u2033 global_colors_info=\u201d{}\u201d]<\/p>\n<h3>Zeppelin - trybuna<\/h3>\n<p><span><\/span><\/p>\n<p>Trybuna Zeppelin, kt\u00f3ra ma lekko \u0142ukowaty plan i dzi\u015b ma oko\u0142o 530 m d\u0142ugo\u015bci, znajduje si\u0119 po zachodniej stronie by\u0142ego lotniska Riem w Monachium. Zrujnowana i zapadaj\u0105ca si\u0119 trybuna zosta\u0142a ogrodzona kordonem w 2008 roku.<\/p>\n<p>Podobnie jak wie\u017ca i sala herbowa, trybuna i budynek frontowy zosta\u0142y obj\u0119te ochron\u0105 zabytk\u00f3w w 1995 roku.<\/p>\n<p>[\/et_pb_text][\/et_pb_column][\/et_pb_row][et_pb_row column_structure=\u201c1_2,1_2\u2033 _builder_version=\u201c4.16\u2033 global_colors_info=\u201c{}\u201c][et_pb_column type=\u201c1_2\u2033 _builder_version=\u201c4.16\u2033 custom_padding=&quot;|||&quot; global_colors_info=\u201d{}\u201d custom_padding__hover=\u201d|||\u201d][et_pb_text _wersja_buildera=\u201d4.16\u2033 global_colors_info=\u201d{}\u201d]<\/p>\n<h3>Koniec budynku \/ widownia kas biletowych<\/h3>\n<p><span>Tzw. budynek g\u0142\u00f3wny to dawna kasa trybuny. Do po\u0142owy lat 70. taki frontowy budynek znajdowa\u0142 si\u0119 zar\u00f3wno na pocz\u0105tku, jak i na ko\u0144cu trybuny. Dzi\u015b pozosta\u0142 tylko zachodni kraniec lotniska w Monachium. Zosta\u0142 on gruntownie wyremontowany jako BUGA LOUNGE na Federaln\u0105 Wystaw\u0119 Ogrodnicz\u0105 i m\u00f3g\u0142 by\u0107 wynajmowany z 530m\u00b2 powierzchni u\u017cytkowej dla maksymalnie 500 os\u00f3b. <\/span><\/p>\n<p><span>Od po\u0142owy 2014 roku budynek frontowy nie jest oficjalnie u\u017cytkowany, budynek nie mo\u017ce by\u0107 ju\u017c wynajmowany.<\/span><\/p>\n<p>&nbsp;<\/p>\n<p>&nbsp;<\/p>\n<p>[\/et_pb_text][\/et_pb_column][et_pb_column typ=\u201c1_2\u2033 _builder_version=\u201c4.16\u2033 custom_padding=\u201c|||\u201c global_colors_info=\u201d{}\u201d custom_padding__hover=\u201d|||\u201d][et_pb_text _wersja_buildera=\u201d4.16\u2033 global_colors_info=\u201d{}\u201d]<div id=\"attachment_2638\" style=\"width: 610px\" class=\"wp-caption alignnone\"><img loading=\"lazy\" decoding=\"async\" aria-describedby=\"caption-attachment-2638\" src=\"https:\/\/flughafen-muenchen-riem.de\/wp-content\/uploads\/2018\/12\/kopfbau.jpg\" width=\"600\" height=\"291\" alt=\"\" class=\"wp-image-2638 size-full\" srcset=\"https:\/\/flughafen-muenchen-riem.de\/wp-content\/uploads\/2018\/12\/kopfbau.jpg 600w, https:\/\/flughafen-muenchen-riem.de\/wp-content\/uploads\/2018\/12\/kopfbau-300x146.jpg 300w\" sizes=\"(max-width: 600px) 100vw, 600px\" \/><p id=\"caption-attachment-2638\" class=\"wp-caption-text\">Dawna kasa biletowa audytorium Riem, od 2005 BUGA LOUNGE<\/p><\/div>[\/et_pb_text][\/et_pb_column][\/et_pb_row][et_pb_row column_structure=\u201c1_2,1_2\u2033 _builder_version=\u201c4.16\u2033 global_colors_info=\u201c{}\u201c][et_pb_column type=\u201c1_2\u2033 _builder_version=\u201c4.16\u2033 custom_padding=&quot;|||&quot; global_colors_info=\u201d{}\u201d custom_padding__hover=\u201d|||\u201d][et_pb_text _wersja_buildera=\u201d4.16\u2033 global_colors_info=\u201d{}\u201d]<div id=\"attachment_2639\" style=\"width: 610px\" class=\"wp-caption alignnone\"><img loading=\"lazy\" decoding=\"async\" aria-describedby=\"caption-attachment-2639\" src=\"https:\/\/flughafen-muenchen-riem.de\/wp-content\/uploads\/2018\/12\/rest-start-landebahn-flughafen-muenchen-riem.jpg\" width=\"600\" height=\"270\" alt=\"\" class=\"wp-image-2639 size-full\" srcset=\"https:\/\/flughafen-muenchen-riem.de\/wp-content\/uploads\/2018\/12\/rest-start-landebahn-flughafen-muenchen-riem.jpg 600w, https:\/\/flughafen-muenchen-riem.de\/wp-content\/uploads\/2018\/12\/rest-start-landebahn-flughafen-muenchen-riem-300x135.jpg 300w\" sizes=\"(max-width: 600px) 100vw, 600px\" \/><p id=\"caption-attachment-2639\" class=\"wp-caption-text\">Pozosta\u0142o\u015bci pasa startowego (SLB) \/ pasa startowego na lotnisku Monachium-Riem<\/p><\/div>[\/et_pb_text][\/et_pb_column][et_pb_column typ=\u201c1_2\u2033 _builder_version=\u201c4.16\u2033 custom_padding=\u201c|||\u201c global_colors_info=\u201d{}\u201d custom_padding__hover=\u201d|||\u201d][et_pb_text _wersja_buildera=\u201d4.16\u2033 global_colors_info=\u201d{}\u201d]<\/p>\n<h3>Odcinek pasa startowego<\/h3>\n<p>Kawa\u0142ek starego pasa startowego Monachium-Riem zosta\u0142 zachowany na wystaw\u0119 przez \u201eIngold Airlines\u201d podczas Federalnej Wystawy Ogrodniczej w 2005 roku \u2013 lub fragment, kt\u00f3ry do tej pory zachowa\u0142 si\u0119, zosta\u0142 skr\u00f3cony (niepotrzebnie).<\/p>\n<p>Obszar znajduje si\u0119 w rezerwacie przyrody i dlatego mo\u017cna do niego dotrze\u0107 tylko pieszo lub rowerem.<\/p>\n<p>&nbsp;<\/p>\n<p>[\/et_pb_text][\/et_pb_column][\/et_pb_row][et_pb_row column_structure=\u201c1_2,1_2\u2033 _builder_version=\u201c4.16\u2033 global_colors_info=\u201c{}\u201c][et_pb_column type=\u201c1_2\u2033 _builder_version=\u201c4.16\u2033 custom_padding=&quot;|||&quot; global_colors_info=\u201d{}\u201d custom_padding__hover=\u201d|||\u201d][et_pb_text _wersja_buildera=\u201d4.16\u2033 global_colors_info=\u201d{}\u201d]<\/p>\n<h3>Linie starego pasa startowego<\/h3>\n<p>S\u0105 to bardzo ukryte odniesienia do starego lotniska w Monachium, kt\u00f3re trudno dostrzec z ziemi.<\/p>\n<p>Na przyk\u0142ad linie starego pasa startowego przy Georg-Kerschensteiner-Strasse s\u0105 osadzone w ziemi. Z powietrza wida\u0107 zachodni\u0105 cz\u0119\u015b\u0107 pasa startowego w pobli\u017cu nowej \u201eFlughafen-Riem-Strasse\u201d.<\/p>\n<p>&nbsp;<\/p>\n<p>&nbsp;<\/p>\n<p>[\/et_pb_text][\/et_pb_column][et_pb_column typ=\u201c1_2\u2033 _builder_version=\u201c4.16\u2033 custom_padding=\u201c|||\u201c global_colors_info=\u201d{}\u201d custom_padding__hover=\u201d|||\u201d][et_pb_text _wersja_buildera=\u201d4.16\u2033 global_colors_info=\u201d{}\u201d]<\/p>\n<div id=\"attachment_2642\" style=\"width: 610px\" class=\"wp-caption alignnone\"><img loading=\"lazy\" decoding=\"async\" aria-describedby=\"caption-attachment-2642\" src=\"https:\/\/flughafen-muenchen-riem.de\/wp-content\/uploads\/2018\/12\/linienfuehrung.jpg\" width=\"600\" height=\"270\" alt=\"\" class=\"wp-image-2642 size-full\" srcset=\"https:\/\/flughafen-muenchen-riem.de\/wp-content\/uploads\/2018\/12\/linienfuehrung.jpg 600w, https:\/\/flughafen-muenchen-riem.de\/wp-content\/uploads\/2018\/12\/linienfuehrung-300x135.jpg 300w\" sizes=\"(max-width: 600px) 100vw, 600px\" \/><p id=\"caption-attachment-2642\" class=\"wp-caption-text\">Przebieg pasa startowego w Riem \u00a9 Google Earth, Zdj\u0119cie: Renate W\u00f6he<\/p><\/div>\n<p>[\/et_pb_text][\/et_pb_column][\/et_pb_row][et_pb_row column_structure=\u201c1_2,1_2\u2033 _builder_version=\u201c4.16\u2033 global_colors_info=\u201c{}\u201c][et_pb_column type=\u201c1_2\u2033 _builder_version=\u201c4.16\u2033 custom_padding=&quot;|||&quot; global_colors_info=\u201d{}\u201d custom_padding__hover=\u201d|||\u201d][et_pb_text _wersja_buildera=\u201d4.16\u2033 global_colors_info=\u201d{}\u201d]<\/p>\n<div id=\"attachment_2652\" style=\"width: 610px\" class=\"wp-caption alignnone\"><img loading=\"lazy\" decoding=\"async\" aria-describedby=\"caption-attachment-2652\" src=\"https:\/\/flughafen-muenchen-riem.de\/wp-content\/uploads\/2018\/12\/abflug.jpg\" width=\"600\" height=\"270\" alt=\"\" class=\"wp-image-2652 size-full\" srcset=\"https:\/\/flughafen-muenchen-riem.de\/wp-content\/uploads\/2018\/12\/abflug.jpg 600w, https:\/\/flughafen-muenchen-riem.de\/wp-content\/uploads\/2018\/12\/abflug-300x135.jpg 300w\" sizes=\"(max-width: 600px) 100vw, 600px\" \/><p id=\"caption-attachment-2652\" class=\"wp-caption-text\">Znak wyjazdu starej licencji CC lotniska w Monachium - U\u017cytkownik: Pahu<\/p><\/div>\n<p>[\/et_pb_text][\/et_pb_column][et_pb_column typ=\u201c1_2\u2033 _builder_version=\u201c4.16\u2033 custom_padding=\u201c|||\u201c global_colors_info=\u201d{}\u201d custom_padding__hover=\u201d|||\u201d][et_pb_text _wersja_buildera=\u201d4.16\u2033 global_colors_info=\u201d{}\u201d]<\/p>\n<h3>Znak wyjazdu<\/h3>\n<p><span>Znak odlotu lotniska Riemer zapiecz\u0119towany w betonie w parku Riemer Buga. Abfugschild by\u0142 niegdy\u015b intronizowany przed sal\u0105 herbow\u0105 i jest teraz w pe\u0142ni dost\u0119pny.\u00a0<\/span><\/p>\n<p><span>Stary znak odlotu lotniska Riem znajduje si\u0119 r\u00f3wnie\u017c na linii starego pasa startowego w zachodniej cz\u0119\u015bci starego lotniska, r\u00f3wnie\u017c w pobli\u017cu nowej \u201eFlughafen-Riem-Strasse\u201d.<\/span><\/p>\n<p>&nbsp;<\/p>\n<p>[\/ et_pb_text] [\/ et_pb_column] [\/ et_pb_row] [\/ et_pb_section]<\/p>","protected":false},"excerpt":{"rendered":"<p>Port lotniczy Monachium-Riem zosta\u0142 oficjalnie wycofany z eksploatacji 16 maja 1992 roku o godzinie 22:55 po prawie 53 latach s\u0142u\u017cby, koncesja na eksploatacj\u0119 jako lotnisko wygas\u0142a w sierpniu 1992 roku.<\/p>\n<p>W miejscu starego lotniska znajduje si\u0119 obecnie Nowe Centrum Targowe w Monachium, a tak\u017ce Buga Park, kt\u00f3ry otacza nowopowsta\u0142e targowe miasto.<\/p>","protected":false},"author":1,"featured_media":2656,"parent":0,"menu_order":0,"comment_status":"closed","ping_status":"closed","template":"","meta":{"_acf_changed":false,"_et_pb_use_builder":"on","_et_pb_old_content":"","_et_gb_content_width":"","footnotes":""},"dipi_cpt_category":[],"class_list":["post-2617","page","type-page","status-publish","has-post-thumbnail","hentry"],"acf":[],"_links":{"self":[{"href":"https:\/\/flughafen-muenchen-riem.de\/pl\/wp-json\/wp\/v2\/pages\/2617","targetHints":{"allow":["GET"]}}],"collection":[{"href":"https:\/\/flughafen-muenchen-riem.de\/pl\/wp-json\/wp\/v2\/pages"}],"about":[{"href":"https:\/\/flughafen-muenchen-riem.de\/pl\/wp-json\/wp\/v2\/types\/page"}],"author":[{"embeddable":true,"href":"https:\/\/flughafen-muenchen-riem.de\/pl\/wp-json\/wp\/v2\/users\/1"}],"replies":[{"embeddable":true,"href":"https:\/\/flughafen-muenchen-riem.de\/pl\/wp-json\/wp\/v2\/comments?post=2617"}],"version-history":[{"count":0,"href":"https:\/\/flughafen-muenchen-riem.de\/pl\/wp-json\/wp\/v2\/pages\/2617\/revisions"}],"wp:featuredmedia":[{"embeddable":true,"href":"https:\/\/flughafen-muenchen-riem.de\/pl\/wp-json\/wp\/v2\/media\/2656"}],"wp:attachment":[{"href":"https:\/\/flughafen-muenchen-riem.de\/pl\/wp-json\/wp\/v2\/media?parent=2617"}],"wp:term":[{"taxonomy":"dipi_cpt_category","embeddable":true,"href":"https:\/\/flughafen-muenchen-riem.de\/pl\/wp-json\/wp\/v2\/dipi_cpt_category?post=2617"}],"curies":[{"name":"wp","href":"https:\/\/api.w.org\/{rel}","templated":true}]}}