{"id":2543,"date":"2018-12-26T15:24:03","date_gmt":"2018-12-26T14:24:03","guid":{"rendered":"https:\/\/flughafen-muenchen-riem.de\/?page_id=2543"},"modified":"2021-11-18T01:48:44","modified_gmt":"2021-11-18T00:48:44","slug":"about","status":"publish","type":"page","link":"https:\/\/flughafen-muenchen-riem.de\/pl\/about\/","title":{"rendered":"Projekt lotniska Riem"},"content":{"rendered":"<p>[et_pb_section fb_built = \u201c1 \u2033 _builder_version = \u201c 3.22 \u2033 custom_padding = \u201c137px | 0px | 125px | 0px | false | false\u201d global_colors_info = \u201c{}\u201d] [et_pb_row _builder_version = \u201c3.25 \u2033 29px | .x | 0 | false \u201cglobal_colors_info =&quot; {} &quot;] [et_pb_column type =&quot; 4_4 \u2033 _builder_version = &quot;3.25 \u2033 custom_padding =&quot; ||| &quot;global_colors_info =&quot; {} &quot;custom_padding__hover =&quot; ||| &quot;] [et_pb_textbuilder_palm_class = &quot;Zweis = \u201c4.7.7 \u2033 link_font =\u201d ||||||| \u201cglobal_colors_info =\u201d {} \u201c]<\/p>\n<h2>O operatorze tej strony ...<\/h2>\n<p>... tak naprawd\u0119 nie ma wiele do powiedzenia. Nazywam si\u0119 Carsten Tauber i nie mam absolutnie nic wsp\u00f3lnego z lataniem.<\/p>\n<p>Innymi s\u0142owy: nie jestem ani pilotem, ani nigdy nie pracowa\u0142em na lotnisku. Nie potrafi\u0119 rozr\u00f3\u017cni\u0107 typ\u00f3w samolot\u00f3w i mam tylko mgliste przeb\u0142yski tego, jak dzia\u0142a lotnisko, a jednak to w\u0142a\u015bnie mnie fascynuje. Marzenie o lataniu i niezb\u0119dny szacunek dla organizacji p\u0142ynnego przep\u0142ywu ruchu lotniczego na lotnisku.<\/p>\n<h3>Wi\u0119c co ten facet ma wsp\u00f3lnego z lotniskiem Riem?<\/h3>\n<p>C\u00f3\u017c, w m\u0142odo\u015bci mieszka\u0142em niedaleko lotniska Monachium-Riem. Kiedy byli\u015bmy mali, cz\u0119sto je\u017adzili\u015bmy rowerami na lotnisko Riem i obserwowali\u015bmy starty i l\u0105dowania. W dniu, w kt\u00f3rym ca\u0142e lotnisko przenios\u0142o si\u0119 w maju 1992 roku, ogl\u0105dali\u015bmy spektakl - kt\u00f3ry trwa\u0142 ca\u0142y dzie\u0144 - w ci\u0105gu dnia na A99 i byli\u015bmy tam z setkami widz\u00f3w na pocz\u0105tku ostatniego oficjalnego odlotu z lotniska Riem w Monachium.<\/p>\n<p>Pod tym wzgl\u0119dem do dzi\u015b pami\u0119tam, \u017ce ostatni samolot wylecia\u0142 z lotniska Monachium-Riem oko\u0142o godziny 23.00 trzepocz\u0105c skrzyd\u0142ami w noc pe\u0142ni ksi\u0119\u017cyca przy najlepszej pogodzie, przy aplauzie publiczno\u015bci. Wkr\u00f3tce potem na zawsze zgas\u0142o o\u015bwietlenie lotniska. Wydarzenie, kt\u00f3re do dzi\u015b przyprawia mnie o g\u0119si\u0105 sk\u00f3rk\u0119 \u2013 przecie\u017c lotnisko nie jest codziennie zamykane\u2026<\/p>\n<p>Nast\u0119pnego dnia pojechali\u015bmy rowerami na nowe lotnisko (tak, je\u017adzili\u015bmy wtedy na rowerach\u2026). Nawiasem m\u00f3wi\u0105c, potrzebowali\u015bmy chwili, aby zorientowa\u0107 si\u0119, \u017ce jeste\u015bmy na zje\u017adzie z autostrady z naszymi \u201es\u0142abymi\u201d towarzyszami \u2013 chyba tak nas zafascynowa\u0142o\u2026<\/p>\n<p>&nbsp;<\/p>\n<h2>Dlaczego ten projekt?<\/h2>\n<p>Projekt monachijskiego lotniska Riem powsta\u0142 we wrze\u015bniu 2011 roku z powodu braku centralnych i emocjonalnych informacji. Wikipedia ma charakter informacyjny, ale moim zdaniem nie mo\u017ce przekaza\u0107 informacji w tak emocjonalny i szczeg\u00f3\u0142owy spos\u00f3b.<\/p>\n<p>Wszystkie dalsze informacje o starym lotnisku s\u0105 rozpowszechniane na forach lub s\u0105 u\u015bpione w archiwach, z kt\u00f3rych cz\u0119\u015b\u0107 nie jest publicznie dost\u0119pna. Tak wi\u0119c celem jest oddanie ho\u0142du lotnisku w Riem, mimo \u017ce operacje w Riem zosta\u0142y w\u00f3wczas oczywi\u015bcie ca\u0142kowicie s\u0142usznie przerwane. Monachium zbli\u017cy\u0142o si\u0119 do lotniska i nie by\u0142o ju\u017c wystarczaj\u0105co du\u017co miejsca na zaleg\u0142\u0105 rozbudow\u0119 do 1955 roku. Ponadto w Riem z pewno\u015bci\u0105 brakuje podstaw technicznych dla wsp\u00f3\u0142czesno\u015bci - ale to w\u0142a\u015bnie wyr\u00f3\u017cnia\u0142o lotnisko do samego ko\u0144ca: spojrzenie wstecz na pocz\u0105tki i rozw\u00f3j lotnictwa.<\/p>\n<p>Projekt jest obecnie przygotowywany przez Carstena Taubera, kt\u00f3ry opr\u00f3cz tego projektu jest przede wszystkim odpowiedzialny za: <a href=\"https:\/\/greatsolution.de\" target=\"_blank\" rel=\"noopener\">mobilna agencja WordPress<\/a> dzia\u0142a.<\/p>\n<p>Celem projektu lotniska Riem w Monachium jest stworzenie platformy na by\u0142ym lotnisku Riem, kt\u00f3ra jest tak szczeg\u00f3\u0142owa i pouczaj\u0105ca, jak to tylko mo\u017cliwe - ale wsp\u00f3\u0142praca jest zawsze mile widziana i wyra\u017anie po\u017c\u0105dana!<\/p>\n<p>[\/ et_pb_text] [\/ et_pb_column] [\/ et_pb_row] [\/ et_pb_section]<\/p>","protected":false},"excerpt":{"rendered":"<p>To archiwum online zosta\u0142o za\u0142o\u017cone w 2011 roku przez osob\u0119 prywatn\u0105 Carstena Taubera i od tego czasu jest rozbudowywane w jego wolnym czasie.<\/p>\n<p>Od tego czasu lotnisko w Monachium zatwierdzi\u0142o i wspiera\u0142o projekt w miar\u0119 mo\u017cliwo\u015bci, ale w zwi\u0105zku z tym nale\u017cy go rozumie\u0107 jako sponsora, a nie jako operatora tego projektu.<\/p>","protected":false},"author":1,"featured_media":2546,"parent":0,"menu_order":0,"comment_status":"closed","ping_status":"closed","template":"","meta":{"_acf_changed":false,"_et_pb_use_builder":"on","_et_pb_old_content":"","_et_gb_content_width":"","footnotes":""},"dipi_cpt_category":[],"class_list":["post-2543","page","type-page","status-publish","has-post-thumbnail","hentry"],"acf":[],"_links":{"self":[{"href":"https:\/\/flughafen-muenchen-riem.de\/pl\/wp-json\/wp\/v2\/pages\/2543","targetHints":{"allow":["GET"]}}],"collection":[{"href":"https:\/\/flughafen-muenchen-riem.de\/pl\/wp-json\/wp\/v2\/pages"}],"about":[{"href":"https:\/\/flughafen-muenchen-riem.de\/pl\/wp-json\/wp\/v2\/types\/page"}],"author":[{"embeddable":true,"href":"https:\/\/flughafen-muenchen-riem.de\/pl\/wp-json\/wp\/v2\/users\/1"}],"replies":[{"embeddable":true,"href":"https:\/\/flughafen-muenchen-riem.de\/pl\/wp-json\/wp\/v2\/comments?post=2543"}],"version-history":[{"count":0,"href":"https:\/\/flughafen-muenchen-riem.de\/pl\/wp-json\/wp\/v2\/pages\/2543\/revisions"}],"wp:featuredmedia":[{"embeddable":true,"href":"https:\/\/flughafen-muenchen-riem.de\/pl\/wp-json\/wp\/v2\/media\/2546"}],"wp:attachment":[{"href":"https:\/\/flughafen-muenchen-riem.de\/pl\/wp-json\/wp\/v2\/media?parent=2543"}],"wp:term":[{"taxonomy":"dipi_cpt_category","embeddable":true,"href":"https:\/\/flughafen-muenchen-riem.de\/pl\/wp-json\/wp\/v2\/dipi_cpt_category?post=2543"}],"curies":[{"name":"wp","href":"https:\/\/api.w.org\/{rel}","templated":true}]}}