{"id":2514,"date":"2018-12-25T19:20:33","date_gmt":"2018-12-25T18:20:33","guid":{"rendered":"https:\/\/flughafen-muenchen-riem.de\/?page_id=2514"},"modified":"2021-11-14T03:04:13","modified_gmt":"2021-11-14T02:04:13","slug":"datenschutz","status":"publish","type":"page","link":"https:\/\/flughafen-muenchen-riem.de\/pl\/datenschutz\/","title":{"rendered":"Ochrona danych"},"content":{"rendered":"<p>[et_pb_section fb_built = \u201c1 \u2033 _builder_version = \u201c 3.22 \u2033 global_colors_info = \u201c{}\u201d] [et_pb_row _builder_version = \u201c3.25 \u2033 global_colors_info = \u201c {} \u201c] [et_pb_column type = \u201c 4_4 \u2033 _dinger__version = \u201c3.25 \u2033 \u2033 _dinger_version = \u201c3.25 \u2033 | \u201cGlobal_colors_info =\u201d {} \u201ccustom_padding__hover =\u201d ||| \u201c] [et_pb_text _builder_version =\u201d 3.27.4 \u2033 global_colors_info = \u201c{}\u201d]<\/p>\n<h2>1. Ochrona danych w skr\u00f3cie<\/h2>\n<h3><\/h3>\n<h3><\/h3>\n<h3>Informacje og\u00f3lne<\/h3>\n<p>Poni\u017csze informacje zawieraj\u0105 prosty przegl\u0105d tego, co dzieje si\u0119 z Twoimi danymi osobowymi podczas odwiedzania naszej strony internetowej. Dane osobowe to wszystkie dane, za pomoc\u0105 kt\u00f3rych mo\u017cna Ci\u0119 zidentyfikowa\u0107. Szczeg\u00f3\u0142owe informacje na temat ochrony danych mo\u017cna znale\u017a\u0107 w naszym o\u015bwiadczeniu o ochronie danych, kt\u00f3re znajduje si\u0119 pod tym tekstem.<\/p>\n<h3><\/h3>\n<h3><\/h3>\n<h3>Zbieranie danych na naszej stronie internetowej<\/h3>\n<p><strong>Kto jest odpowiedzialny za gromadzenie danych na tej stronie?<\/strong><\/p>\n<p>Przetwarzanie danych na tej stronie odbywa si\u0119 przez operatora strony. Ich dane kontaktowe mo\u017cna znale\u017a\u0107 w nadruku tej strony internetowej.<\/p>\n<p><strong>Jak zbieramy Twoje dane?<\/strong><\/p>\n<p>Z jednej strony Twoje dane s\u0105 gromadzone, gdy je nam przekazujesz. Mog\u0105 to by\u0107 np. dane, kt\u00f3re wprowadzasz w formularzu kontaktowym.<\/p>\n<p>Inne dane s\u0105 automatycznie rejestrowane przez nasze systemy informatyczne podczas odwiedzania strony internetowej. S\u0105 to g\u0142\u00f3wnie dane techniczne (np. przegl\u0105darka internetowa, system operacyjny czy godzina wy\u015bwietlenia strony). Dane te s\u0105 zbierane automatycznie po wej\u015bciu na nasz\u0105 stron\u0119 internetow\u0105.<\/p>\n<p><strong>Do czego wykorzystujemy Twoje dane?<\/strong><\/p>\n<p>Niekt\u00f3re dane s\u0105 zbierane w celu zapewnienia bezb\u0142\u0119dno\u015bci serwisu. Inne dane mog\u0105 by\u0107 wykorzystane do analizy zachowania u\u017cytkownika.<\/p>\n<p><strong>Jakie masz prawa w odniesieniu do swoich danych?<\/strong><\/p>\n<p>W ka\u017cdej chwili masz prawo do bezp\u0142atnego otrzymania informacji o pochodzeniu, odbiorcy i celu przechowywanych przez Ciebie danych osobowych. Przys\u0142uguje Ci r\u00f3wnie\u017c prawo \u017c\u0105dania poprawienia, zablokowania lub usuni\u0119cia tych danych. Mo\u017cesz skontaktowa\u0107 si\u0119 z nami w dowolnym momencie pod adresem podanym w informacji prawnej, je\u015bli masz dodatkowe pytania dotycz\u0105ce ochrony danych. Przys\u0142uguje Ci r\u00f3wnie\u017c prawo do wniesienia skargi do w\u0142a\u015bciwego organu nadzorczego.<\/p>\n<h3><\/h3>\n<h3><\/h3>\n<h3>Narz\u0119dzia analityczne i narz\u0119dzia innych firm<\/h3>\n<p>Kiedy odwiedzasz nasz\u0105 stron\u0119 internetow\u0105, Twoje zachowanie podczas surfowania mo\u017ce zosta\u0107 ocenione statystycznie. Odbywa si\u0119 to g\u0142\u00f3wnie za pomoc\u0105 plik\u00f3w cookie i tak zwanych program\u00f3w analitycznych. Twoje zachowanie podczas surfowania jest zwykle analizowane anonimowo; zachowanie podczas surfowania nie mo\u017ce by\u0107 powi\u0105zane z tob\u0105. Mo\u017cesz sprzeciwi\u0107 si\u0119 tej analizie lub jej zapobiec, nie u\u017cywaj\u0105c okre\u015blonych narz\u0119dzi. Szczeg\u00f3\u0142owe informacje na ten temat mo\u017cna znale\u017a\u0107 w poni\u017cszym o\u015bwiadczeniu o ochronie danych.<\/p>\n<p>Mo\u017cesz sprzeciwi\u0107 si\u0119 tej analizie. O mo\u017cliwo\u015bciach sprzeciwu poinformujemy Ci\u0119 w niniejszym o\u015bwiadczeniu o ochronie danych.<\/p>\n<h2><\/h2>\n<h2><\/h2>\n<h2>2. Informacje og\u00f3lne i informacje obowi\u0105zkowe<\/h2>\n<h3><\/h3>\n<h3><\/h3>\n<h3>Ochrona danych<\/h3>\n<p>Operatorzy tej strony bardzo powa\u017cnie traktuj\u0105 ochron\u0119 Twoich danych osobowych. Traktujemy Twoje dane osobowe poufnie i zgodnie z ustawowymi przepisami o ochronie danych oraz niniejszym o\u015bwiadczeniem o ochronie danych.<\/p>\n<p>Podczas korzystania z tej witryny zbierane s\u0105 r\u00f3\u017cne dane osobowe. Dane osobowe to dane, za pomoc\u0105 kt\u00f3rych mo\u017cna Ci\u0119 osobi\u015bcie zidentyfikowa\u0107. Niniejsze o\u015bwiadczenie o ochronie danych wyja\u015bnia, jakie dane gromadzimy i do czego je wykorzystujemy. Wyja\u015bnia r\u00f3wnie\u017c, w jaki spos\u00f3b i w jakim celu to si\u0119 robi.<\/p>\n<p>Zwracamy uwag\u0119, \u017ce transmisja danych przez Internet (np. podczas komunikacji przez e-mail) mo\u017ce mie\u0107 luki w zabezpieczeniach. Pe\u0142na ochrona danych przed dost\u0119pem os\u00f3b trzecich nie jest mo\u017cliwa.<\/p>\n<h3><\/h3>\n<h3>Uwaga dotycz\u0105ca odpowiedzialnego organu<\/h3>\n<p>Organem odpowiedzialnym za przetwarzanie danych na tej stronie internetowej jest:<\/p>\n<p>WSPANIA\u0141E rozwi\u0105zanie<br \/>Carsten Tauber<br \/>Lerchenfeldstr. 15.<br \/>94060 Dziurkowanie<\/p>\n<p>Telefon: +49 (0) 8531\/978 588 - 0<br \/>E-mail: info@greatsolution.de<\/p>\n<p>Organem odpowiedzialnym jest osoba fizyczna lub prawna, kt\u00f3ra samodzielnie lub wsp\u00f3lnie z innymi decyduje o celach i \u015brodkach przetwarzania danych osobowych (np. nazwiska, adresy e-mail itp.).<\/p>\n<h3><\/h3>\n<h3><\/h3>\n<h3>Cofni\u0119cie zgody na przetwarzanie danych<\/h3>\n<p>Wiele operacji przetwarzania danych jest mo\u017cliwych tylko za Twoj\u0105 wyra\u017an\u0105 zgod\u0105. W ka\u017cdej chwili mo\u017cesz odwo\u0142a\u0107 swoj\u0105 zgod\u0119. Wystarczy nieformalny e-mail do nas. Odwo\u0142anie nie ma wp\u0142ywu na zgodno\u015b\u0107 z prawem przetwarzania danych dokonanego przed cofni\u0119ciem zgody.<\/p>\n<h3><\/h3>\n<h3><\/h3>\n<h3>Prawo do odwo\u0142ania si\u0119 do w\u0142a\u015bciwego organu nadzorczego<\/h3>\n<p>W przypadku naruszenia przepis\u00f3w o ochronie danych osobie zainteresowanej przys\u0142uguje prawo wniesienia skargi do w\u0142a\u015bciwego organu nadzorczego. W\u0142a\u015bciwym organem nadzorczym ds. ochrony danych jest stanowy inspektor ochrony danych kraju zwi\u0105zkowego, w kt\u00f3rym nasza firma ma siedzib\u0119. List\u0119 inspektor\u00f3w ochrony danych i ich dane kontaktowe mo\u017cna znale\u017a\u0107 pod poni\u017cszym linkiem:<span>\u00a0<\/span><a href=\"https:\/\/www.bfdi.bund.de\/DE\/Infothek\/Anschriften_Links\/anschriften_links-node.html\" target=\"_blank\" rel=\"noopener\">https:\/\/www.bfdi.bund.de\/DE\/Infothek\/Anschriften_Links\/anschriften_links-node.html<\/a>.<\/p>\n<h3><\/h3>\n<h3><\/h3>\n<h3>Prawo do przenoszenia danych<\/h3>\n<p>Masz prawo do posiadania danych, kt\u00f3re przetwarzamy automatycznie na podstawie Twojej zgody lub w ramach realizacji umowy przekazanej Tobie lub osobie trzeciej w powszechnym formacie nadaj\u0105cym si\u0119 do odczytu maszynowego. Je\u015bli za\u017c\u0105dasz bezpo\u015bredniego przekazania danych innej odpowiedzialnej osobie, nast\u0105pi to tylko wtedy, gdy b\u0119dzie to technicznie wykonalne.<\/p>\n<h3><\/h3>\n<h3><\/h3>\n<h3>Szyfrowanie SSL lub TLS<\/h3>\n<p>Ze wzgl\u0119d\u00f3w bezpiecze\u0144stwa oraz w celu ochrony przesy\u0142ania poufnych tre\u015bci, takich jak zam\u00f3wienia lub zapytania, kt\u00f3re wysy\u0142asz do nas jako operatora strony, ta strona korzysta z SSL lub. Szyfrowanie TLS. Po\u0142\u0105czenie szyfrowane mo\u017cna rozpozna\u0107 po tym, \u017ce linia adresu przegl\u0105darki zmienia si\u0119 z \u201ehttps: \/\/\u201d na \u201ehttps: \/\/\u201d oraz po symbolu k\u0142\u00f3dki w linii przegl\u0105darki.<\/p>\n<p>Je\u015bli szyfrowanie SSL lub TLS jest w\u0142\u0105czone, dane, kt\u00f3re nam przesy\u0142asz, nie mog\u0105 by\u0107 odczytywane przez osoby trzecie.<\/p>\n<h3><\/h3>\n<h3><\/h3>\n<h3>Informacje, blokowanie, usuwanie<\/h3>\n<p>W ramach obowi\u0105zuj\u0105cych przepis\u00f3w prawa przys\u0142uguje Pa\u0144stwu prawo do bezp\u0142atnej informacji o przechowywanych przez Pa\u0144stwa danych osobowych, ich pochodzeniu i odbiorcy oraz celu przetwarzania danych, a tak\u017ce, w razie potrzeby, prawo do sprostowania, zablokowania lub usuni\u0119cia tych danych. Mo\u017cesz skontaktowa\u0107 si\u0119 z nami w dowolnym momencie pod adresem podanym w informacji prawnej, je\u015bli masz dodatkowe pytania na temat danych osobowych.<\/p>\n<h3><\/h3>\n<h3><\/h3>\n<h3>Sprzeciw wobec maili reklamowych<\/h3>\n<p>Niniejszym sprzeciwiamy si\u0119 wykorzystywaniu danych kontaktowych opublikowanych w ramach obowi\u0105zku nadruku do wysy\u0142ania niezam\u00f3wionych materia\u0142\u00f3w reklamowych i informacyjnych. Operatorzy stron wyra\u017anie zastrzegaj\u0105 sobie prawo do podj\u0119cia krok\u00f3w prawnych w przypadku niezam\u00f3wionego wysy\u0142ania informacji reklamowych, takich jak wiadomo\u015bci e-mail ze spamem.<\/p>\n<h2><\/h2>\n<h2><\/h2>\n<h2>3. Zbieranie danych na naszej stronie internetowej<\/h2>\n<h3><\/h3>\n<h3><\/h3>\n<h3>Ciasteczka<\/h3>\n<p>Niekt\u00f3re strony internetowe wykorzystuj\u0105 tzw. pliki cookie. Pliki cookie nie powoduj\u0105 \u017cadnych uszkodze\u0144 komputera i nie zawieraj\u0105 wirus\u00f3w. Cookies s\u0142u\u017c\u0105 do tego, aby nasza oferta by\u0142a bardziej przyjazna dla u\u017cytkownika, skuteczniejsza i bezpieczniejsza. Pliki cookie to ma\u0142e pliki tekstowe, kt\u00f3re s\u0105 przechowywane na Twoim komputerze i zapisywane przez Twoj\u0105 przegl\u0105dark\u0119.<\/p>\n<p>Wi\u0119kszo\u015b\u0107 u\u017cywanych przez nas plik\u00f3w cookie to tak zwane \u201epliki cookie sesji\u201d. S\u0105 one automatycznie usuwane po Twojej wizycie. Inne pliki cookie pozostaj\u0105 na Twoim urz\u0105dzeniu do momentu ich usuni\u0119cia przez Ciebie. Te pliki cookie umo\u017cliwiaj\u0105 nam rozpoznanie Twojej przegl\u0105darki przy nast\u0119pnej wizycie.<\/p>\n<p>Mo\u017cesz ustawi\u0107 swoj\u0105 przegl\u0105dark\u0119 tak, aby by\u0142a informowana o ustawieniach plik\u00f3w cookie i zezwala\u0142a na pliki cookie tylko w indywidualnych przypadkach, wyklucza\u0142a akceptacj\u0119 plik\u00f3w cookie w okre\u015blonych przypadkach lub og\u00f3lnie i aktywowa\u0142a automatyczne usuwanie plik\u00f3w cookie po zamkni\u0119ciu przegl\u0105darki. Je\u015bli pliki cookie zostan\u0105 wy\u0142\u0105czone, funkcjonalno\u015b\u0107 tej witryny mo\u017ce by\u0107 ograniczona.<\/p>\n<p>Pliki cookie, kt\u00f3re s\u0105 wymagane do realizacji procesu komunikacji elektronicznej lub zapewnienia okre\u015blonych funkcji, kt\u00f3rych Pa\u0144stwo potrzebuj\u0105 (np. funkcja koszyka zakup\u00f3w), s\u0105 przechowywane na podstawie Art. 6 ust.1 lit. f RODO. Operator strony internetowej ma uzasadniony interes w przechowywaniu plik\u00f3w cookie w celu bezb\u0142\u0119dnego technicznie i zoptymalizowanego \u015bwiadczenia swoich us\u0142ug. Je\u015bli przechowywane s\u0105 inne pliki cookie (np. pliki cookie do analizy zachowania podczas surfowania), b\u0119d\u0105 one traktowane oddzielnie w niniejszym o\u015bwiadczeniu o ochronie danych.<\/p>\n<h3><\/h3>\n<h3><\/h3>\n<h3>Pliki dziennika serwera<\/h3>\n<p>Dostawca stron automatycznie gromadzi i przechowuje informacje w tak zwanych plikach dziennika serwera, kt\u00f3re Twoja przegl\u0105darka automatycznie przesy\u0142a do nas. To s\u0105:<\/p>\n<ul>\n<li>Typ przegl\u0105darki i wersja przegl\u0105darki<\/li>\n<li>u\u017cywany system operacyjny<\/li>\n<li>URL strony odsy\u0142aj\u0105cej<\/li>\n<li>Nazwa hosta komputera uzyskuj\u0105cego dost\u0119p<\/li>\n<li>Czas \u017c\u0105dania serwera<\/li>\n<li>adres IP<\/li>\n<\/ul>\n<p>Dane te nie zostan\u0105 po\u0142\u0105czone z innymi \u017ar\u00f3d\u0142ami danych.<\/p>\n<p>Podstaw\u0105 przetwarzania danych jest Art. 6 ust\u0119p 1 litera b RODO, kt\u00f3ry pozwala na przetwarzanie danych w celu realizacji umowy lub \u015brodk\u00f3w przedumownych.<\/p>\n<h2><\/h2>\n<h2><\/h2>\n<h2>4. Narz\u0119dzia analityczne i reklama<\/h2>\n<h3><\/h3>\n<h3>Google Analytics<\/h3>\n<p>Je\u015bli wyrazili Pa\u0144stwo na to zgod\u0119, na tej stronie internetowej u\u017cywana jest us\u0142uga analizy internetowej Google Analytics udost\u0119pniana przez Google LLC (\u201eGoogle\u201d). Zastosowanie obejmuje tryb pracy \u201eUniversal Analytics\u201d. Umo\u017cliwia to przypisywanie danych, sesji i interakcji na wielu urz\u0105dzeniach do pseudonimowego identyfikatora u\u017cytkownika, a tym samym analizowanie dzia\u0142a\u0144 u\u017cytkownika na r\u00f3\u017cnych urz\u0105dzeniach.<\/p>\n<p>Google Analytics u\u017cywa tak zwanych \u201ecookies\u201d, plik\u00f3w tekstowych, kt\u00f3re s\u0105 przechowywane na Twoim komputerze i umo\u017cliwiaj\u0105 analiz\u0119 korzystania z witryny. Informacje generowane przez cookie na temat korzystania z tej strony internetowej s\u0105 zazwyczaj przesy\u0142ane na serwer Google w USA i tam przechowywane. Je\u015bli anonimizacja IP jest aktywowana na tej stronie, Tw\u00f3j adres IP zostanie wcze\u015bniej skr\u00f3cony przez Google w pa\u0144stwach cz\u0142onkowskich Unii Europejskiej lub w innych umawiaj\u0105cych si\u0119 pa\u0144stwach Porozumienia o Europejskim Obszarze Gospodarczym. Tylko w wyj\u0105tkowych przypadkach pe\u0142ny adres IP zostanie przes\u0142any na serwer Google w USA i tam skr\u00f3cony. Zwracamy uwag\u0119, \u017ce us\u0142uga Google Analytics zosta\u0142a rozszerzona o anonimizacj\u0119 IP na tej stronie internetowej, aby zapewni\u0107 anonimowe gromadzenie adres\u00f3w IP (tzw. maskowanie IP). Adres IP przes\u0142any przez Twoj\u0105 przegl\u0105dark\u0119 w ramach Google Analytics nie b\u0119dzie \u0142\u0105czony z innymi danymi Google. Aby uzyska\u0107 wi\u0119cej informacji na temat warunk\u00f3w u\u017cytkowania i ochrony danych, zobacz<span>\u00a0<\/span><a href=\"https:\/\/www.google.com\/analytics\/terms\/de.html\" target=\"_blank\" rel=\"noopener\">https:\/\/www.google.com\/analytics\/terms\/de.html<\/a><span>\u00a0<\/span>lub poni\u017cej<span>\u00a0<\/span><a href=\"https:\/\/policies.google.com\/?hl=de\" target=\"_blank\" rel=\"noopener\">https:\/\/policies.google.com\/?hl=de<\/a>.<\/p>\n<p><strong>Cele przetwarzania<\/strong><\/p>\n<p>W imieniu operatora tej witryny Google wykorzysta te informacje do oceny korzystania z witryny przez u\u017cytkownika, tworzenia raport\u00f3w dotycz\u0105cych ruchu na stronie oraz \u015bwiadczenia operatorowi witryny innych us\u0142ug zwi\u0105zanych z aktywno\u015bci\u0105 na stronie i korzystaniem z Internetu.<\/p>\n<p><strong>Podstawa prawna<\/strong><\/p>\n<p>Podstaw\u0105 prawn\u0105 korzystania z Google Analytics jest Twoja zgoda<span>\u00a0<\/span><a href=\"https:\/\/dsgvo-gesetz.de\/art-6-dsgvo\/\" target=\"_blank\" rel=\"noopener\">Art. 6 ust.1 zd.1 lit.a RODO<\/a>.<\/p>\n<p><strong>Odbiorcy \/ kategorie odbiorc\u00f3w<\/strong><\/p>\n<p>Odbiorc\u0105 gromadzonych danych jest firma Google.<\/p>\n<p><strong>Przekazywanie do kraj\u00f3w trzecich<\/strong><\/p>\n<p>Dane osobowe s\u0105 przekazywane do USA w ramach Tarczy Prywatno\u015bci UE-USA na podstawie decyzji Komisji Europejskiej w sprawie adekwatno\u015bci. Mo\u017cesz u\u017cy\u0107 certyfikatu<span>\u00a0<\/span><a href=\"https:\/\/www.privacyshield.gov\/participant?id=a2zt000000001L5AAI\" target=\"_blank\" rel=\"noopener\">tutaj<\/a><span>\u00a0<\/span>przypomnienie sobie czego\u015b.<\/p>\n<p><strong>Czas przechowywania danych<\/strong><\/p>\n<p>Przesy\u0142ane przez nas dane i powi\u0105zane z plikami cookie, identyfikatorami u\u017cytkownika (np. identyfikator u\u017cytkownika) lub identyfikatorami reklamowymi s\u0105 automatycznie usuwane po 14 miesi\u0105cach. Usuni\u0119cie danych, kt\u00f3rych okres przechowywania up\u0142yn\u0105\u0142, nast\u0119puje automatycznie raz w miesi\u0105cu.<\/p>\n<p><strong>Naruszone prawa<\/strong><\/p>\n<p>Zgod\u0119 mo\u017cna w ka\u017cdej chwili odwo\u0142a\u0107 ze skutkiem na przysz\u0142o\u015b\u0107, uniemo\u017cliwiaj\u0105c przechowywanie plik\u00f3w cookie, odpowiednio ustawiaj\u0105c oprogramowanie przegl\u0105darki; zwracamy jednak uwag\u0119, \u017ce w takim przypadku mo\u017ce nie by\u0107 mo\u017cliwe pe\u0142ne korzystanie ze wszystkich funkcji tej strony internetowej.<\/p>\n<p>Mo\u017cesz r\u00f3wnie\u017c uniemo\u017cliwi\u0107 Google gromadzenie danych generowanych przez plik cookie i zwi\u0105zanych z korzystaniem z witryny (w tym adresu IP) oraz przetwarzanie tych danych przez Google, wykonuj\u0105c nast\u0119puj\u0105ce czynno\u015bci:<span>\u00a0<\/span><a href=\"https:\/\/tools.google.com\/dlpage\/gaoptout?hl=de\" target=\"_blank\" rel=\"noopener\">Dodatek do przegl\u0105darki<\/a><span>\u00a0<\/span>\u015aci\u0105gnij i zainstaluj. Pliki cookie opt-out zapobiegaj\u0105 gromadzeniu Twoich danych w przysz\u0142o\u015bci podczas odwiedzania tej witryny. Aby zapobiec gromadzeniu danych przez Universal Analytics na r\u00f3\u017cnych urz\u0105dzeniach, musisz zrezygnowa\u0107 ze wszystkich u\u017cywanych system\u00f3w. Je\u015bli klikniesz tutaj, plik cookie rezygnacji zostanie ustawiony:<span>\u00a0<\/span><a><strong>Wy\u0142\u0105cz Google Analytics<\/strong><\/a><\/p>\n<p><em><strong>\u00a0<\/strong><\/em><\/p>\n<h2>5. Wtyczki i narz\u0119dzia<\/p>\n<\/h2>\n<h3>Youtube<\/h3>\n<p>Nasza strona internetowa mo\u017ce wykorzystywa\u0107 wtyczki z serwisu YouTube obs\u0142ugiwanego przez Google. Operatorem serwisu jest YouTube, LLC, 901 Cherry Ave., San Bruno, CA 94066, USA.\u00a0<span style=\"font-size: 14px;\">Je\u015bli odwiedzisz jedn\u0105 z naszych stron wyposa\u017conych we wtyczk\u0119 YouTube, zostanie nawi\u0105zane po\u0142\u0105czenie z serwerami YouTube. Serwer YouTube jest informowany, kt\u00f3re z naszych stron odwiedzi\u0142e\u015b.<\/span><\/p>\n<p>Je\u015bli s\u0105 Pa\u0144stwo zalogowani na swoim koncie YouTube, umo\u017cliwiaj\u0105 Pa\u0144stwo YouTube przyporz\u0105dkowanie Pa\u0144stwa zachowania podczas surfowania bezpo\u015brednio do Pa\u0144stwa osobistego profilu. Mo\u017cesz temu zapobiec, wylogowuj\u0105c si\u0119 z konta YouTube.\u00a0<span style=\"font-size: 14px;\">YouTube jest u\u017cywany w celu atrakcyjnej prezentacji naszych ofert online. Stanowi to uzasadniony interes w rozumieniu Art. 6 ust.1 lit.f RODO.<\/span><\/p>\n<p>Wi\u0119cej informacji na temat post\u0119powania z danymi u\u017cytkownika mo\u017cna znale\u017a\u0107 w o\u015bwiadczeniu o ochronie danych YouTube pod adresem:<span>\u00a0<\/span><a href=\"https:\/\/www.google.de\/intl\/de\/policies\/privacy\" target=\"_blank\" rel=\"noopener\">https:\/\/www.google.de\/intl\/de\/policies\/privacy<\/a>.<\/p>\n<p>&nbsp;<\/p>\n<p><a><strong><\/strong><\/a><\/p>\n<p>[\/ et_pb_text] [\/ et_pb_column] [\/ et_pb_row] [\/ et_pb_section]<\/p>","protected":false},"excerpt":{"rendered":"<p>1. Ochrona danych w skr\u00f3cie Informacje og\u00f3lne Poni\u017csze informacje stanowi\u0105 prosty przegl\u0105d tego, co dzieje si\u0119 z Twoimi danymi osobowymi podczas odwiedzania naszej strony internetowej. Dane osobowe to wszystkie dane, za pomoc\u0105 kt\u00f3rych mo\u017cna Ci\u0119 zidentyfikowa\u0107. Szczeg\u00f3\u0142owe informacje na temat ochrony danych mo\u017cna znale\u017a\u0107 w naszym o\u015bwiadczeniu o ochronie danych, kt\u00f3re znajduje si\u0119 pod tym tekstem. Zbieranie danych na naszej stronie internetowej [...]<\/p>","protected":false},"author":1,"featured_media":2569,"parent":0,"menu_order":0,"comment_status":"closed","ping_status":"closed","template":"","meta":{"_acf_changed":false,"_et_pb_use_builder":"on","_et_pb_old_content":"","_et_gb_content_width":"","footnotes":""},"dipi_cpt_category":[],"class_list":["post-2514","page","type-page","status-publish","has-post-thumbnail","hentry"],"acf":[],"_links":{"self":[{"href":"https:\/\/flughafen-muenchen-riem.de\/pl\/wp-json\/wp\/v2\/pages\/2514","targetHints":{"allow":["GET"]}}],"collection":[{"href":"https:\/\/flughafen-muenchen-riem.de\/pl\/wp-json\/wp\/v2\/pages"}],"about":[{"href":"https:\/\/flughafen-muenchen-riem.de\/pl\/wp-json\/wp\/v2\/types\/page"}],"author":[{"embeddable":true,"href":"https:\/\/flughafen-muenchen-riem.de\/pl\/wp-json\/wp\/v2\/users\/1"}],"replies":[{"embeddable":true,"href":"https:\/\/flughafen-muenchen-riem.de\/pl\/wp-json\/wp\/v2\/comments?post=2514"}],"version-history":[{"count":0,"href":"https:\/\/flughafen-muenchen-riem.de\/pl\/wp-json\/wp\/v2\/pages\/2514\/revisions"}],"wp:featuredmedia":[{"embeddable":true,"href":"https:\/\/flughafen-muenchen-riem.de\/pl\/wp-json\/wp\/v2\/media\/2569"}],"wp:attachment":[{"href":"https:\/\/flughafen-muenchen-riem.de\/pl\/wp-json\/wp\/v2\/media?parent=2514"}],"wp:term":[{"taxonomy":"dipi_cpt_category","embeddable":true,"href":"https:\/\/flughafen-muenchen-riem.de\/pl\/wp-json\/wp\/v2\/dipi_cpt_category?post=2514"}],"curies":[{"name":"wp","href":"https:\/\/api.w.org\/{rel}","templated":true}]}}