{"id":194,"date":"2018-12-25T14:40:16","date_gmt":"2018-12-25T13:40:16","guid":{"rendered":"https:\/\/flughafen-muenchen-riem.de\/?page_id=194"},"modified":"2024-03-06T19:51:50","modified_gmt":"2024-03-06T18:51:50","slug":"impressum","status":"publish","type":"page","link":"https:\/\/flughafen-muenchen-riem.de\/pl\/impressum\/","title":{"rendered":"odcisk"},"content":{"rendered":"<p>[et_pb_section fb_built=\u201c1\u2033 _builder_version=\u201c4.16\u2033 global_colors_info=\u201c{}\u201c][et_pb_row _builder_version=\u201c4.16\u2033 global_colors_info=\u201c{}\u201c][et_pb_column type=\u201c4_4\u2033 _builder_version=\u201c4.16\u2033 custom_padding=&quot;|||&quot; global_colors_info=&quot;{}&quot; custom_padding__hover=&quot;|||&quot;][et_pb_text _builder_version=&quot;4.24.2\u2033 text_text_color=&quot;#3f3f3f&quot; background_color=&quot;rgba(255,229,0,0.22)&quot; custom_padding=&quot;48px|48px|48px|48px|true|true&quot; hover_enabled=&quot;0\u2033 border_width_all=&quot;6px&quot; border_color_all=&quot;#E09900\u2033 global_colors_info=&quot;{}&quot; sticky_enabled=&quot;0\u2033]<\/p>\n<h2>\u017badnych wypo\u017cycze\u0144 na lotnisku \/ imprez i filmowania!<\/h2>\n<p><strong>To prywatne archiwum internetowe. Poniewa\u017c lotnisko Monachium-Riem zosta\u0142o prawie ca\u0142kowicie zdemontowane, logicznie rzecz bior\u0105c NIE mo\u017cna wynajmowa\u0107 lotniska na potrzeby imprez, uroczysto\u015bci, wy\u015bcig\u00f3w, l\u0105dowa\u0144 lub kr\u0119cenia film\u00f3w itp.!<\/strong><\/p>\n<p>Wi\u0119kszo\u015b\u0107 terenu dawnego lotniska to obecnie \u201eNeue <a href=\"https:\/\/messe-muenchen.de\/\" target=\"_blank\" rel=\"noopener\">Wystawa Monachium<\/a>&#8222;.<\/p>\n<p>Jednak niekt\u00f3re obiekty ze starego lotniska w Monachium nadal tam s\u0105.<\/p>\n<p>Zainteresowanych prosimy o kontakt z nast\u0119puj\u0105cymi biurami:<\/p>\n<p><span><\/span><\/p>\n<ul>\n<li><strong>Wie\u017ca na lotnisku Riem<\/strong> (<a href=\"https:\/\/www.brainlab.com\/de\/kontakt\/\" target=\"_blank\" rel=\"nofollow noopener\">Brainlab AG, Olof-Palme-Strasse 9, 81829 Monachium<\/a>)<\/li>\n<li><strong>Sala Herbowa Lotnisko-Riem<\/strong> (<a href=\"https:\/\/www.wappenhalle-muenchen.de\/historie\/\" target=\"_blank\" rel=\"nofollow noopener\"><span>Wappenhalle Monachium GmbH,\u00a0<\/span><span>Hubertusstrasse 4,\u00a0<\/span><\/a><span><a href=\"https:\/\/www.wappenhalle-muenchen.de\/historie\/\" target=\"_blank\" rel=\"noopener\">85661 Forstynowanie<\/a>)<\/span><\/li>\n<li><strong>Audytorium z Buga Lounge<\/strong> (<a href=\"https:\/\/www.muenchen.de\/rathaus\/Stadtverwaltung\/baureferat.html\" target=\"_blank\" rel=\"nofollow noopener\">Miasto Monachium, Wydzia\u0142 Budownictwa, Friedenstra\u00dfe 40, 81671 Monachium<\/a>)<\/li>\n<li><strong>Pozosta\u0142o\u015bci pasa startowego - cz\u0119\u015b\u0107 dawnego terenu BUGA <\/strong>(<a href=\"https:\/\/stadt.muenchen.de\/buergerservice\/freizeit-hobby\/eventmanagement\/anmeldung.html\" target=\"_blank\" rel=\"noopener\">KVR Monachium<\/a> \u2013 WA\u017bNA UWAGA: Poniewa\u017c teren starego SLB po\u0142o\u017cony jest w \u015brodku rezerwatu przyrody, wnioski o organizacj\u0119 imprez lub wykorzystanie komercyjne niestety NIE mog\u0105 zosta\u0107 zatwierdzone przez ni\u017csz\u0105 instytucj\u0119 ochrony przyrody. Stan na: 03.2024)<\/li>\n<\/ul>\n<p>[\/et_pb_text][\/et_pb_column][\/et_pb_row][et_pb_row column_structure=\u201c1_2,1_2\u2033 _builder_version=\u201c4.16\u2033 global_colors_info=\u201c{}\u201c][et_pb_column type=\u201c1_2\u2033 _builder_version=\u201c4.16\u2033 custom_padding=&quot;|||&quot; global_colors_info=\u201d{}\u201d custom_padding__hover=\u201d|||\u201d][et_pb_text _wersja_buildera=\u201d4.16\u2033 global_colors_info=\u201d{}\u201d]<\/p>\n<h2>odcisk<\/h2>\n<p>Carsten Tauber<br \/>Lerchenfeldstr. 15.<br \/>94060 Dziurkowanie<\/p>\n<p>Telefon: +49 (0) 8531\/978 588 - 0<br \/>Faks: +49 (0) 8531\/978 588 - 8<br \/>E-mail: <a href=\"mailto:info@greatsolution.de\">tower@flughafen-riem.de<\/a><\/p>\n<p>&nbsp;<\/p>\n<p><strong>Odpowiedzialny za tre\u015b\u0107<\/strong><\/p>\n<p>Carsten Tauber<br \/>Lerchenfeldstr. 15.<br \/>94060 Dziurkowanie<\/p>\n<p>Telefon: +49 (0) 8531\/978 588 - 0<br \/>Faks: +49 (0) 8531\/978 588 - 8<br \/>E-mail: <a href=\"mailto:info@greatsolution.de\">tower@flughafen-riem.de<\/a><\/p>\n<p>[\/et_pb_text][\/et_pb_column][et_pb_column typ=\u201c1_2\u2033 _builder_version=\u201c4.16\u2033 custom_padding=\u201c|||\u201c global_colors_info=\u201d{}\u201d custom_padding__hover=\u201d|||\u201d][et_pb_text _wersja_buildera=\u201d4.16\u2033 global_colors_info=\u201d{}\u201d]<\/p>\n<p><strong>Odpowiedzialno\u015b\u0107 za tre\u015b\u0107<\/strong><\/p>\n<p>Jako us\u0142ugodawca odpowiadam za w\u0142asne tre\u015bci na tych stronach zgodnie z og\u00f3lnymi przepisami prawa. Jako us\u0142ugodawca nie jeste\u015bmy jednak zobowi\u0105zani do monitorowania przesy\u0142anych lub przechowywanych informacji os\u00f3b trzecich ani do badania okoliczno\u015bci wskazuj\u0105cych na nielegaln\u0105 dzia\u0142alno\u015b\u0107. Zobowi\u0105zania do usuni\u0119cia lub zablokowania korzystania z informacji zgodnie z og\u00f3lnymi przepisami pozostaj\u0105 nienaruszone. Odpowiedzialno\u015b\u0107 w tym zakresie jest jednak mo\u017cliwa dopiero od momentu, w kt\u00f3rym dowiemy si\u0119 o konkretnym naruszeniu prawa. Gdy tylko dowiemy si\u0119 o takich naruszeniach prawa, natychmiast usuniemy te tre\u015bci.<\/p>\n<p>Projekt archiwum internetowego lotniska Monachium-Riem zosta\u0142 oficjalnie zatwierdzony przez Flughafen M\u00fcnchen GmbH (FMG) w 2011 roku. Samo archiwum online dzia\u0142a ca\u0142kowicie niezale\u017cnie i prywatnie i dlatego nie odpowiada automatycznie opinii Flughafen M\u00fcnchen GmbH pod wzgl\u0119dem tre\u015bci.<\/p>\n<p><strong>Odpowiedzialno\u015b\u0107 za linki<\/strong><\/p>\n<p>Moja oferta zawiera linki do zewn\u0119trznych stron internetowych os\u00f3b trzecich, na kt\u00f3rych tre\u015b\u0107 nie mam wp\u0142ywu. Dlatego nie mog\u0119 ponosi\u0107 \u017cadnej odpowiedzialno\u015bci za tre\u015bci os\u00f3b trzecich. Za tre\u015b\u0107 stron, do kt\u00f3rych prowadz\u0105 linki, odpowiada zawsze odpowiedni dostawca lub operator stron. Strony, do kt\u00f3rych prowadz\u0105 linki, zosta\u0142y sprawdzone pod k\u0105tem ewentualnych narusze\u0144 prawa w momencie ich linkowania. W momencie tworzenia linku nie znaleziono tre\u015bci niezgodnych z prawem. Jednak sta\u0142e monitorowanie tre\u015bci stron, do kt\u00f3rych prowadz\u0105 linki, jest nieuzasadnione bez konkretnych dowod\u00f3w naruszenia prawa. Gdy tylko dowiemy si\u0119 o naruszeniach prawa, natychmiast usuniemy takie linki.<\/p>\n<p><strong>prawa autorskie<\/strong><\/p>\n<p>Tre\u015bci i dzie\u0142a stworzone przeze mnie na tych stronach podlegaj\u0105 niemieckiemu prawu autorskiemu. Powielanie, przetwarzanie, rozpowszechnianie i wszelkiego rodzaju wykorzystywanie poza granicami prawa autorskiego wymaga pisemnej zgody odpowiedniego autora lub tw\u00f3rcy. Pobieranie i kopiowanie tej witryny jest dozwolone wy\u0142\u0105cznie do prywatnego, niekomercyjnego u\u017cytku. Historyczne loga \u201eFlughafen-M\u00fcnchen\u201d zosta\u0142y uprzejmie udost\u0119pnione archiwum online do wykorzystania przez Flughafen M\u00fcnchen GmbH \u2013 Dzia\u0142 Komunikacji Korporacyjnej.<\/p>\n<p>O ile tre\u015bci na tej stronie nie zosta\u0142y stworzone przeze mnie, przestrzegane s\u0105 prawa autorskie os\u00f3b trzecich. W szczeg\u00f3lno\u015bci tre\u015bci os\u00f3b trzecich s\u0105 jako takie oznaczone. Je\u015bli mimo wszystko dowiesz si\u0119 o naruszeniu praw autorskich, prosimy o odpowiednie powiadomienie. Je\u015bli dowiemy si\u0119 o naruszeniach prawa, niezw\u0142ocznie usuniemy takie tre\u015bci.<\/p>\n<p>[\/ et_pb_text] [\/ et_pb_column] [\/ et_pb_row] [\/ et_pb_section]<\/p>","protected":false},"excerpt":{"rendered":"<p>\u017badnych wynajm\u00f3w lotniskowych, imprez ani filmowania! To prywatne archiwum online. Poniewa\u017c lotnisko Monachium-Riem zosta\u0142o niemal ca\u0142kowicie zburzone, logiczne jest, \u017ce NIE MO\u017bNA go wynaj\u0105\u0107 na imprezy, uroczysto\u015bci, wy\u015bcigi, l\u0105dowania, filmowanie itp.! Wi\u0119kszo\u015b\u0107 terenu by\u0142ego lotniska jest obecnie \u201eNowym Centrum Targowym w Monachium\u201d. Jednak\u017ce niekt\u00f3re zabytkowe budynki dawnego lotniska w Monachium s\u0105 [\u2026]<\/p>","protected":false},"author":1,"featured_media":2569,"parent":0,"menu_order":0,"comment_status":"closed","ping_status":"closed","template":"","meta":{"_acf_changed":false,"_et_pb_use_builder":"on","_et_pb_old_content":"","_et_gb_content_width":"","footnotes":""},"dipi_cpt_category":[],"class_list":["post-194","page","type-page","status-publish","has-post-thumbnail","hentry"],"acf":[],"_links":{"self":[{"href":"https:\/\/flughafen-muenchen-riem.de\/pl\/wp-json\/wp\/v2\/pages\/194","targetHints":{"allow":["GET"]}}],"collection":[{"href":"https:\/\/flughafen-muenchen-riem.de\/pl\/wp-json\/wp\/v2\/pages"}],"about":[{"href":"https:\/\/flughafen-muenchen-riem.de\/pl\/wp-json\/wp\/v2\/types\/page"}],"author":[{"embeddable":true,"href":"https:\/\/flughafen-muenchen-riem.de\/pl\/wp-json\/wp\/v2\/users\/1"}],"replies":[{"embeddable":true,"href":"https:\/\/flughafen-muenchen-riem.de\/pl\/wp-json\/wp\/v2\/comments?post=194"}],"version-history":[{"count":0,"href":"https:\/\/flughafen-muenchen-riem.de\/pl\/wp-json\/wp\/v2\/pages\/194\/revisions"}],"wp:featuredmedia":[{"embeddable":true,"href":"https:\/\/flughafen-muenchen-riem.de\/pl\/wp-json\/wp\/v2\/media\/2569"}],"wp:attachment":[{"href":"https:\/\/flughafen-muenchen-riem.de\/pl\/wp-json\/wp\/v2\/media?parent=194"}],"wp:term":[{"taxonomy":"dipi_cpt_category","embeddable":true,"href":"https:\/\/flughafen-muenchen-riem.de\/pl\/wp-json\/wp\/v2\/dipi_cpt_category?post=194"}],"curies":[{"name":"wp","href":"https:\/\/api.w.org\/{rel}","templated":true}]}}