{"id":10,"date":"2018-12-20T20:02:24","date_gmt":"2018-12-20T19:02:24","guid":{"rendered":"https:\/\/flughafen-muenchen-riem.de\/?page_id=10"},"modified":"2023-05-01T17:39:13","modified_gmt":"2023-05-01T15:39:13","slug":"10-2","status":"publish","type":"page","link":"https:\/\/flughafen-muenchen-riem.de\/pl\/","title":{"rendered":"Archiwum online starego lotniska Monachium-Riem"},"content":{"rendered":"<p>[et_pb_section fb_built=\u201d1\u2033 _builder_version=\u201d4.16\u2033 custom_padding=\u201d93px|0px|161px|0px|false|false\u201d global_colors_info=\u201d{}\u201d][et_pb_row _builder_version=\u201d4.16\u2033 custom_padding=&quot;0|0px|29px|0px|false|false&quot; global_colors_info=&quot;{}&quot;][et_pb_column type=&quot;4_4\u2033 _builder_version=&quot;4.16\u2033 custom_padding=&quot;|||&quot; global_colors_info=&quot;{}&quot; custom_padding__hover=&quot;|||&quot;][et_pb_text module_class=&quot;dwie kolumny&quot; _builder_version=&quot;4.16\u2033 link_font=&quot;||||||||&quot; global_colors_info=\u201c{}\u201c]<\/p>\n<h1>Lotnisko Monachium-Riem<\/h1>\n<p><strong>Port lotniczy Riem przez prawie 53 lata by\u0142 mi\u0119dzynarodowym portem lotniczym stolicy Bawarii, Monachium. W ci\u0105gu 19197 dni mi\u0119dzy otwarciem i zamkni\u0119ciem 16 maja 1992 r. oko\u0142o 250 milion\u00f3w pasa\u017cer\u00f3w lotniczych, 900 000 ton frachtu lotniczego i 330 000 ton poczty lotniczej zosta\u0142o obs\u0142u\u017conych przy 4 milionach ruch\u00f3w samolot\u00f3w.<\/strong><\/p>\n<p>&nbsp;<\/p>\n<h2>Historia lotniska Monachium-Riem<\/h2>\n<p>&nbsp;<\/p>\n<h3>1936: Monachium potrzebuje nowego lotniska<\/h3>\n<p>Historia lotniska Monachium-Riem zaczyna si\u0119 w 1936 roku. W tym roku ustalono, \u017ce otwarte w 1919 roku lotnisko Oberwiesenfeld nie b\u0119dzie ju\u017c spe\u0142nia\u0142o wymaga\u0144 nowoczesnego lotnictwa, poniewa\u017c nie by\u0142o miejsca na rozbudow\u0119 i renowacj\u0119. Los, kt\u00f3ry bardzo szybko wyprzedzi\u0142by r\u00f3wnie\u017c lotnisko Monachium-Riem (w czasie pokoju) - ale jedno po drugim: Riem jest wybierane jako lokalizacja nowego lotniska w Monachium. Budow\u0119 rozpocz\u0119to rok p\u00f3\u017aniej - otwarcie planowane jest na wrzesie\u0144 1939 roku.<\/p>\n<h3>1939: niepewne oddanie do u\u017cytku lotniska Monachium-Riem<\/h3>\n<p>Lotnisko w Monachium w dystrykcie Riem, kt\u00f3re zosta\u0142o oddane do u\u017cytku 25 pa\u017adziernika 1939 roku, by\u0142o w\u00f3wczas jednym z najnowocze\u015bniejszych lotnisk na \u015bwiecie i zast\u0105pi\u0142o lotnisko Oberwiesenfeld. Ju\u017c wtedy Monachium by\u0142o prawdziwym w\u0119z\u0142em komunikacyjnym dla lot\u00f3w na po\u0142udnie i po\u0142udniowy wsch\u00f3d.<\/p>\n<p>Otwarcie lotniska Monachium-Riem pierwotnie zaplanowano na 1 wrze\u015bnia 1939 r. jako lotnisko cywilne - historyczn\u0105 dat\u0119, w kt\u00f3rej, jak wiadomo, wybuch\u0142a II wojna \u015bwiatowa. Ponadto niedob\u00f3r si\u0142y roboczej i kontyngenty materialne, kt\u00f3re by\u0142y zauwa\u017calne ju\u017c w 1938 r., doprowadzi\u0142y do prawie dwumiesi\u0119cznego op\u00f3\u017anienia w lotnictwie cywilnym. W\u0142a\u015bciwego przeznaczenia \u2013 s\u0142u\u017cy\u0107 jako pokojowy w\u0119ze\u0142 komunikacyjny dla lotnictwa cywilnego \u2013 odm\u00f3wiono wi\u0119c lotnisku w Monachium, poniewa\u017c w czasie II wojny \u015bwiatowej by\u0142o to tak\u017ce lotnisko dla Luftwaffe i m.in. s\u0142u\u017cy\u0142o r\u00f3wnie\u017c do obs\u0142ugi i napraw samolot\u00f3w. silniki Lufthansy i Luftwaffe.<\/p>\n<h3>1945: Zniszczenie lotniska Monachium-Riem<\/h3>\n<p>W trakcie II wojny \u015bwiatowej lotnisko w Monachium by\u0142o r\u00f3wnie\u017c kilkakrotnie bombardowane. 24 marca 1945 r. w rejon lotniska skierowa\u0142o si\u0119 oko\u0142o 80 samolot\u00f3w alianckich. Celem zniszczenia by\u0142o samo lotnisko, stacja radiowa mi\u0119dzy Gronsdorfem a Salmdorfem, a tak\u017ce linia kolejowa mi\u0119dzy Gronsdorfem a Truderingiem i okolicami monachijskiej dzielnicy Riem.<\/p>\n<p>Od 9 kwietnia do 1 maja 1945 r. nast\u0105pi\u0142y kolejne naloty na nowe lotnisko Monachium-Riem i dzielnic\u0119 Monachium-Riem. Pod koniec II wojny \u015bwiatowej lotnisko w Monachium zosta\u0142o zniszczone 70%, w wyniku czego 9 kwietnia 1945 roku loty cywilne jedyne dw\u00f3ch linii lotniczych Swissair i Lufthansa musia\u0142y zosta\u0107 przerwane. W maju 1945 r. lotnisko zaj\u0119\u0142y wojska ameryka\u0144skie. Stany Zjednoczone zbudowa\u0142y pas startowy ze stalowych p\u0142yt na trawiastym asfalcie, kt\u00f3ry by\u0142 w\u00f3wczas zwyczajem.<\/p>\n<p>W pierwszych latach powojennych podrz\u0119dn\u0105 rol\u0119 odgrywa\u0142y s\u0142u\u017cby regularne. Niemcy rzadko mogli bra\u0107 udzia\u0142 w podr\u00f3\u017cy lotniczej, poniewa\u017c bilety lotnicze mo\u017cna by\u0142o p\u0142aci\u0107 tylko w obcej walucie. Po pierwsze <a href=\"https:\/\/de.wikipedia.org\/wiki\/W%C3%A4hrungsreform_1948_(Westdeutschland)\" target=\"_blank\" rel=\"noopener\">Reforma walutowa z 21 czerwca 1948 r.<\/a> stworzy\u0142a warunki do tego, aby w przysz\u0142o\u015bci m\u00f3c ponownie uczestniczy\u0107 w cywilnym ruchu lotniczym jako obywatel RFN.\u00a0<\/p>\n<h3><\/h3>\n<h3>1950: Wzrost na lotnisku Monachium-Riem<\/h3>\n<p>22 listopada 1949 r. nast\u0105pi\u0142o uroczyste otwarcie nowego, 1900-metrowego betonowego pasa startowego. Port lotniczy Monachium Riem by\u0142 zatem zorientowany na rozw\u00f3j w 1950 roku, kt\u00f3ry rozpocz\u0105\u0142 si\u0119 z 28 970 pasa\u017cerami w 1949 roku. Oko\u0142o miesi\u0105c przed otwarciem nowego pasa startowego, 12 pa\u017adziernika 1949 r. powsta\u0142a firma Flughafen M\u00fcnchen-Riem GmbH (przemianowana w 1969 r. na Flughafen M\u00fcnchen GmbH). Wszystko mia\u0142o si\u0119 rozpocz\u0105\u0107 od nowa i tak \u2013 lotnisko w Monachium wystartowa\u0142o: zaledwie dziesi\u0119\u0107 lat p\u00f3\u017aniej pas startowy na lotnisku w Monachium musia\u0142 zosta\u0107 odnowiony, tym razem wyd\u0142u\u017cony do 2600 metr\u00f3w, aby sprosta\u0107 wymaganiom wieku ruchu samolot\u00f3w. Wraz z wiekiem odrzutowc\u00f3w liczba pasa\u017cer\u00f3w gwa\u0142townie ros\u0142a.<\/p>\n<h3>1955: Wydajno\u015b\u0107, bezpiecze\u0144stwo i dobre samopoczucie na granicy<\/h3>\n<p>Zaledwie pi\u0119\u0107 lat p\u00f3\u017aniej, w 1954 roku, rozwa\u017cane s\u0105 mo\u017cliwo\u015bci dalszej rozbudowy lotniska Riem i wyposa\u017cenia go w drugi pas startowy. Poniewa\u017c lotnisko wielokrotnie osi\u0105ga swoje granice przepustowo\u015bci ze wzgl\u0119du na stale rosn\u0105cy ruch lotniczy i stale zwi\u0119kszaj\u0105ce si\u0119 ruchy lotnicze, ten krok wydaje si\u0119 by\u0107 pilnie potrzebny.<\/p>\n<p>Nie tylko ze wzgl\u0119du na wypadki lotnicze w latach 1958 i 1960 odm\u00f3wiono rozbudowy starego lotniska, poniewa\u017c blisko\u015b\u0107 obiekt\u00f3w lotniskowych do centrum Monachium r\u00f3wnie\u017c stwarza\u0142a coraz wi\u0119ksze zagro\u017cenie dla bezpiecze\u0144stwa. na wsch\u00f3d od Monachium i centrum Monachium by\u0142o w centrum miasta zawsze by\u0142o tylko 10 kilometr\u00f3w, a Monachium coraz bardziej zbli\u017ca\u0142o si\u0119 do lotniska.<\/p>\n<p>5 sierpnia 1969 podj\u0119to decyzj\u0119 o budowie nowego monachijskiego lotniska &quot;MUC II&quot; w Erdinger Moos. Do tego czasu lotnisko w Riem b\u0119dzie musia\u0142o wytrzyma\u0107 jeszcze 23 lata\u2026 a zbli\u017caj\u0105 si\u0119 Letnie Igrzyska Olimpijskie 1972!<\/p>\n<h3>1972: Igrzyska Olimpijskie w Monachium \u2013 test wytrzyma\u0142o\u015bciowy dla lotniska Riem<\/h3>\n<p>Port lotniczy Monachium-Riem zosta\u0142 w ostatnich latach rozbudowany o tak zwane \u015brodki pomostowe, w szczeg\u00f3lno\u015bci o tymczasow\u0105 lekk\u0105 konstrukcj\u0119 w ramach przygotowa\u0144 do rosn\u0105cej liczby lot\u00f3w. Po zako\u0144czeniu budowy zdolno\u015b\u0107 prze\u0142adunkowa zosta\u0142a podwojona. Zgodnie z planem lotnisko w Riem by\u0142o w stanie obs\u0142u\u017cy\u0107 oko\u0142o 6 mln pasa\u017cer\u00f3w rocznie.<\/p>\n<h3>1988: Ostatni nowy budynek dalej <span>Flughafen-Riem - jeden <\/span>Mamuta zadanie<span> do kontroli ruchu lotniczego<\/span><\/h3>\n<p><span>W listopadzie 1980 roku w Erdinger Moss w ko\u0144cu rozpocz\u0119to budow\u0119 lotniska im. Franza Josefa Straussa MUC II. Jednak w 1981 roku prace budowlane musia\u0142y zosta\u0107 nagle przerwane. Legalne zamro\u017cenie budowy na nieznany czas!\u00a0<\/span><\/p>\n<p><span>Jednak w 1983 roku roczna liczba pasa\u017cer\u00f3w 6 milion\u00f3w podr\u00f3\u017cnych na lotnisku Riemer jest regularnie przekraczana \u2013 Riem p\u0119ka w szwach, a d\u0142ugo oczekiwany nowy port lotniczy im. Franza Josefa Straussa MUC II prawdopodobnie nie b\u0119dzie gotowy do 1988 roku. <\/span><\/p>\n<p><span>W listopadzie 1988 r. Terminal 2 zosta\u0142 pospiesznie otwarty dla lot\u00f3w czarterowych, aby m\u00f3c przezwyci\u0119\u017cy\u0107 zamro\u017cenie budowy w Erdinger Moos, kt\u00f3re notabene trwa\u0142o 4 lata - w ubieg\u0142ym roku w Riem zarejestrowano ponad 12 milion\u00f3w (!) przewoz\u00f3w pasa\u017cerskich, \u015brednio 520 lot\u00f3w dziennie z tylko jednym pasem startowym.<\/span><\/p>\n<h3>1992: Lotnisko Riem staje si\u0119 spokojn\u0105 imprez\u0105<\/h3>\n<p><span>23 lata po podj\u0119ciu decyzji o budowie nowego monachijskiego lotniska monachijskie lotnisko przenosi si\u0119 do Erdinger Moos na noc 16 maja 1992 r. \u2013 lotnisko Franz Josef Strauss MUC przejmuje operacje, a operacje lotnicze w Riem mog\u0105 zosta\u0107 przerwane. <\/span><\/p>\n<p>W latach po zamkni\u0119ciu stary teren lotniska w Riem b\u0119dzie pocz\u0105tkowo wykorzystywany jako miejsce imprez i obszar pchlego targu.<\/p>\n<h3>1994: Lotnisko w Monachium upada, powstaje targowe miasto Riem<\/h3>\n<p>Od 1994 roku nowe tereny wystawowe i Messestadt Riem z parkiem Riemer, kt\u00f3re wcze\u015bniej by\u0142y cz\u0119\u015bci\u0105 Federalnej Wystawy Ogrodniczej 2005, zosta\u0142y zbudowane na starym terenie lotniska. Stopniowo budynki, \u015bcie\u017cki i pasy startowe znikaj\u0105, aby zrobi\u0107 miejsce dla nowego Centrum Targowego w Monachium.<\/p>\n<p>Dzi\u015b tylko wie\u017ca lotniska, trybuna i sala herbowa - obj\u0119te ochron\u0105 zabytk\u00f3w w 1995 roku - przypominaj\u0105 dawne lotnisko Riem:\u00a0<a href=\"https:\/\/flughafen-muenchen-riem.de\/pl\/relikte\/\" rel=\"noopener noreferrer\" target=\"_blank\">Pozosta\u0142o\u015bci starego lotniska Monachium-Riem<\/a>. W zachodniej cz\u0119\u015bci targowego miasta znajduje si\u0119 r\u00f3wnie\u017c niewielki fragment pasa startowego, kt\u00f3ry jest naprawd\u0119 ma\u0142ym przypomnieniem pasa startowego o d\u0142ugo\u015bci 2804 metr\u00f3w na lotnisku Monachium-Riem.<\/p>\n<h2><\/h2>\n<p>[\/et_pb_text][\/et_pb_column][\/et_pb_row][et_pb_row _builder_version=\u201c4.16\u2033 custom_padding=\u201c76px|0px|29px|0px|false|false\u201c global_colors_info=\u201c{}\u201c][et_pb_column type=\u201c4_4\u2033 _builder_version=\u201c4.16\u2033 custom_padding=\u201c|||\u201c global_colors_info=\u201d{}\u201d custom_padding__hover=\u201d|||\u201d][et_pb_text _wersja_buildera=\u201d4.16\u2033 global_colors_info=\u201d{}\u201d]<\/p>\n<h2>Wiadomo\u015bci o lotniskach w Monachium i Riem<\/h2>\n<p>[\/et_pb_text][et_pb_blog fullwidth=\u201doff\u201d posts_number=\u201d6\u2033 include_categories=\u201dall\u201d meta_date=\u201ddmY\u201d show_more=\u201don\u201d show_author=\u201doff\u201d show_categories=\u201doff\u201d _builder_version=\u201d4.16\u2033 header_font=\u201d||||||||\u201d rozmiar_czcionki_nag\u0142\u00f3wka=\u201c15px\u201d czcionka_nag\u0142\u00f3wka=\u201c|||||||||\u201c rozmiar_czcionki_tre\u015bci=&quot;12px&quot; meta_czcionka=&quot;|||||||||&quot; meta_font_size=&quot;10px&quot; pagination_font=&quot;||||||||&quot; kolor_t\u0142a=&quot;rgba(0,0,0,0.04)&quot; niestandardowy_margines=&quot;0px|0px|0px|0px&quot; niestandardowy_wype\u0142nienie=&quot;60px|40px|40px|40px&quot; styl_animacji=&quot;zanikanie&quot; styl_cienia_pude\u0142ka=&quot;preset2\u2033 poziomy_cie\u0144_pude\u0142ka=&quot;12px&quot; pionowy_cie\u0144_pude\u0142ka=&quot;11px&quot; rozmycie_cienia_pude\u0142ka=\u201d41px\u201d rozproszenie_cienia_pude\u0142ka=-8px\u201d globalne_informacje_o_kolorach=\u201d{}\u201d][\/et_pb_blog][\/et_pb_column][\/et_pb_row][\/et_pb_section]<\/p>","protected":false},"excerpt":{"rendered":"<p>Przez prawie 53 lata lotnisko Monachium-Riem by\u0142o mi\u0119dzynarodowym lotniskiem stolicy Bawarii, Monachium, zanim zosta\u0142o przeniesione do Erdinger Moos w 1992 r. \u2013 to spojrzenie wstecz na dawne lotnisko w Monachium w Riem.<\/p>","protected":false},"author":1,"featured_media":6873,"parent":0,"menu_order":0,"comment_status":"closed","ping_status":"closed","template":"","meta":{"_acf_changed":false,"_et_pb_use_builder":"on","_et_pb_old_content":"","_et_gb_content_width":"","footnotes":""},"dipi_cpt_category":[],"class_list":["post-10","page","type-page","status-publish","has-post-thumbnail","hentry"],"acf":[],"_links":{"self":[{"href":"https:\/\/flughafen-muenchen-riem.de\/pl\/wp-json\/wp\/v2\/pages\/10","targetHints":{"allow":["GET"]}}],"collection":[{"href":"https:\/\/flughafen-muenchen-riem.de\/pl\/wp-json\/wp\/v2\/pages"}],"about":[{"href":"https:\/\/flughafen-muenchen-riem.de\/pl\/wp-json\/wp\/v2\/types\/page"}],"author":[{"embeddable":true,"href":"https:\/\/flughafen-muenchen-riem.de\/pl\/wp-json\/wp\/v2\/users\/1"}],"replies":[{"embeddable":true,"href":"https:\/\/flughafen-muenchen-riem.de\/pl\/wp-json\/wp\/v2\/comments?post=10"}],"version-history":[{"count":0,"href":"https:\/\/flughafen-muenchen-riem.de\/pl\/wp-json\/wp\/v2\/pages\/10\/revisions"}],"wp:featuredmedia":[{"embeddable":true,"href":"https:\/\/flughafen-muenchen-riem.de\/pl\/wp-json\/wp\/v2\/media\/6873"}],"wp:attachment":[{"href":"https:\/\/flughafen-muenchen-riem.de\/pl\/wp-json\/wp\/v2\/media?parent=10"}],"wp:term":[{"taxonomy":"dipi_cpt_category","embeddable":true,"href":"https:\/\/flughafen-muenchen-riem.de\/pl\/wp-json\/wp\/v2\/dipi_cpt_category?post=10"}],"curies":[{"name":"wp","href":"https:\/\/api.w.org\/{rel}","templated":true}]}}