{"id":6381,"date":"2021-11-09T01:03:17","date_gmt":"2021-11-09T00:03:17","guid":{"rendered":"https:\/\/flughafen-muenchen-riem.de\/?page_id=6381"},"modified":"2021-11-09T01:14:47","modified_gmt":"2021-11-09T00:14:47","slug":"riem-geschichte","status":"publish","type":"page","link":"https:\/\/flughafen-muenchen-riem.de\/es\/riem-geschichte\/","title":{"rendered":"M\u00fanich - Riem"},"content":{"rendered":"<p>[et_pb_section fb_built=\u201d1\u2033 _builder_version=\u201d3.22\u2033 custom_padding=\u201d137px|0px|161px|0px|false|false\u201d global_colors_info=\u201d{}\u201d][et_pb_row _builder_version=\u201d3.25\u2033 custom_padding=&quot;0|0px|29px|0|false|false&quot; global_colors_info=&quot;{}&quot;][et_pb_column type=&quot;4_4\u2033 _builder_version=&quot;3.25\u2033 custom_padding=&quot;|||&quot; global_colors_info=&quot;{}&quot; custom_padding__hover=&quot;|||&quot;][et_pb_text module_class=&quot;dos columnas&quot; _builder_version=&quot;4.13.0\u2033 link_font=&quot;||||||||&quot; global_colors_info=&quot;{}&quot;]<\/p>\n<p><strong>Riem se encuentra a unos 7 km al este del centro de la ciudad de M\u00fanich y, junto con Trudering, forma el distrito de la ciudad 15 Trudering-Riem<\/strong><\/p>\n<h2>Riem antes de 1900: hechos hist\u00f3ricos sobre Riem<\/h2>\n<p>La primera menci\u00f3n escrita del Riem actual data del a\u00f1o 788. El nombre original de Riema, que se origin\u00f3 alrededor del siglo IX, se remonta al significado de &quot;cintur\u00f3n&quot;. Posiblemente porque el pueblo original de Riema con sus patios se construy\u00f3 alrededor de la Iglesia de San Mart\u00edn en la actual Trudering-Riem de 1183 como un cintur\u00f3n.<\/p>\n<p>Desde 1158, la carretera de la sal Reichenhall-Augsburg atravesaba el pueblo de Riem y tra\u00eda 5.000 vagones al a\u00f1o. En 1644, Thurn und Taxis construy\u00f3 un poste y una estaci\u00f3n de relevo, y en 1881, el municipio de Dornach le dio a Riem su propio edificio escolar.<\/p>\n<p>A partir de 1818 Riem fue un municipio independiente, m\u00e1s tarde fue asignado al municipio de Dornach durante alg\u00fan tiempo. El hip\u00f3dromo de Riem se construy\u00f3 entre 1895 y 1897.<\/p>\n<h2>Riem 1937: nueva ubicaci\u00f3n del aeropuerto de M\u00fanich<\/h2>\n<p>En 1936, Riem fue nombrada la nueva ubicaci\u00f3n del aeropuerto despu\u00e9s de que el antiguo aer\u00f3dromo de Oberwiesenfeld no se pudiera ampliar debido a la falta de espacio y su proximidad al centro de la ciudad de M\u00fanich. El 1 de enero de 1937, Riem se incorpor\u00f3 al \u00e1rea metropolitana de Munich debido a la construcci\u00f3n del aeropuerto.<\/p>\n<p>Despu\u00e9s de dos a\u00f1os de construcci\u00f3n, el nuevo aeropuerto de Munich - Riem se inaugur\u00f3 el 1 de septiembre de 1939. Dado que la apertura del aeropuerto coincidi\u00f3 con el estallido de la Segunda Guerra Mundial, el tr\u00e1fico a\u00e9reo civil no se inici\u00f3 hasta el 25 de octubre de 1939. En abril de 1945, Riem fue considerablemente destruido en bombardeos. Despu\u00e9s de la reconstrucci\u00f3n, Riem crece con el aeropuerto y, en \u00faltima instancia, es el centro del mundo para los Juegos Ol\u00edmpicos de verano de 1972 durante un corto tiempo. 1975 se convierte en el <a href=\"https:\/\/de.wikipedia.org\/wiki\/Bahnhof_M%C3%BCnchen-Riem\" target=\"_blank\" rel=\"noopener\">Estaci\u00f3n de S-Bahn Riem<\/a> construido.<\/p>\n<h2>Riem 1992: del aeropuerto al recinto ferial<\/h2>\n<p>En 1992, el aeropuerto de Riem se cerr\u00f3 y se traslad\u00f3 a Erdinger Moos. Ya en 1990, el plan b\u00e1sico para el uso del sitio del aeropuerto como &quot;<a href=\"https:\/\/messe-muenchen.de\/de\/unternehmen\/vollendung-messegelaende\/\" target=\"_blank\" rel=\"noopener\">nuevo centro de exposiciones en Munich<\/a>&quot;Adoptado. En los a\u00f1os siguientes, sin embargo, la antigua instalaci\u00f3n del aeropuerto se utiliz\u00f3 inicialmente como lugar de eventos y mercado de pulgas. A partir de 1994, el nuevo recinto ferial y los apartamentos se construyeron en parte del antiguo recinto del aeropuerto. La torre, la tribuna y el sal\u00f3n de los escudos se conservaron como monumentos.<\/p>\n<p>En septiembre de 1992 se inaugur\u00f3 en Riem una de las mayores estaciones de transbordo. La terminal de manipulaci\u00f3n de carga como instalaci\u00f3n de doble m\u00f3dulo en las afueras de la capital b\u00e1vara es un importante centro del tr\u00e1fico norte-sur entre Alemania e Italia. Muchos miles de toneladas se traen aqu\u00ed todos los d\u00edas desde la carretera hasta el ferrocarril y viceversa. La proporci\u00f3n de estos sobres de env\u00edos representa aproximadamente 25% del tr\u00e1fico ferroviario total en la estaci\u00f3n de transbordo de Riem. La terminal de manipulaci\u00f3n de carga tiene una conexi\u00f3n ferroviaria directa a la l\u00ednea principal en todas las direcciones. Como caracter\u00edstica especial del sistema, existe la opci\u00f3n de permitir la entrada de trenes directamente desde la red. La instalaci\u00f3n se ampli\u00f3 para incluir una tercera pista de gr\u00faas en 2011, aumentando la capacidad total de la estaci\u00f3n de transbordo de Riemer hasta 400.000 contenedores de env\u00edo y hasta 7.000 trenes por a\u00f1o (20 trenes y m\u00e1s de 1.000 contenedores por d\u00eda).<\/p>\n<p>El 12 de febrero de 1998, se inaugur\u00f3 oficialmente el nuevo centro de exposiciones de Riem con una superficie total de 140.000 metros cuadrados despu\u00e9s de s\u00f3lo 3,5 a\u00f1os de construcci\u00f3n. Casi 6 semanas despu\u00e9s, Riem recibi\u00f3 una nueva estaci\u00f3n de bomberos. La estaci\u00f3n de bomberos 10 - Riem \/ Neue Messe como zona de guardia incluye los distritos de la ciudad de Daglfing, Riem, Neu Riem, Moosfeld, partes de Trudering y toda el \u00e1rea del New Munich Trade Fair Centre, la ciudad ferial y el m\u00e1s tarde la estaci\u00f3n de metro y el Riem Arcaden.<\/p>\n<p>La l\u00ednea U2 ha estado abriendo todo el sitio desde el 29 de mayo de 1999, despu\u00e9s de un espectacular colapso del t\u00fanel el 20 de septiembre de 1994, en el que el techo del t\u00fanel reci\u00e9n creado en la estaci\u00f3n Trudering colaps\u00f3 debido a la entrada de agua y un autob\u00fas 192. con la parte trasera primero se desliz\u00f3 en el cr\u00e1ter resultante. Dos pasajeros murieron en el autob\u00fas y tambi\u00e9n muri\u00f3 un trabajador de la construcci\u00f3n. Debido al accidente, la apertura de la estaci\u00f3n de metro U2 \/ Messe se retras\u00f3 un a\u00f1o y medio, lo que supuso un coste adicional de 30 millones de euros.<\/p>\n<p>El ICM (Centro Internacional de Congresos de M\u00fanich) abre el 9 de octubre de 1998 y ahora es uno de los principales centros de congresos del mundo. Entre otras cosas, los Premios Bambi, el Premio de Deportes de Baviera y el Kaiserball se llevaron a cabo en el ICM en la ciudad ferial de Riem. Junto con Messe M\u00fcnchen International y el MOC, el ICM forma las ubicaciones de Messe M\u00fcnchen. Gracias a las buenas conexiones de transporte, se puede llegar tanto al aeropuerto como a la estaci\u00f3n principal de trenes de M\u00fanich en 20 minutos.<\/p>\n<p>Paralelamente a la inauguraci\u00f3n de la nueva feria en M\u00fanich, el Parque Riemer se construy\u00f3 en 200 hect\u00e1reas del antiguo recinto del aeropuerto desde 1997, donde se celebr\u00f3 el Sal\u00f3n Federal de Horticultura del 28 de abril al 9 de octubre de 2005. Con un \u00e1rea de exhibici\u00f3n central de 130 hect\u00e1reas dentro del Parque Paisaj\u00edstico Riemer de aproximadamente 200 hect\u00e1reas, la BUGA2005 en Munich fue una de las m\u00e1s grandes de su tipo en Europa.<\/p>\n<h2>Riem 2000: \u00bfvida ecol\u00f3gica en Riem?<\/h2>\n<p>El distrito reci\u00e9n creado de Messestadt Riem est\u00e1 separado del distrito de Riem por la autopista A94. Desde 1999, los residentes han comenzado a trasladarse a la ciudad ferial de Riem. El 10 de marzo de 2004 se inaugur\u00f3 el centro comercial Riem Arcaden con 120 tiendas minoristas, un hotel y numerosas oficinas y unidades residenciales, y al lado se construy\u00f3 un centro ecum\u00e9nico de la iglesia. En 1999 el Messestadt Riem todav\u00eda ten\u00eda 1.600 habitantes, hoy tiene espacio para casi 12.000 habitantes de 111 naciones. Para 2014, se espera que Messestadt Riem tenga 16.000 habitantes. Multiplicar por diez el n\u00famero de habitantes en tan solo 15 a\u00f1os, lo que no es del todo acr\u00edtico desde el punto de vista sociopol\u00edtico. Seg\u00fan el departamento social de la ciudad de M\u00fanich, a principios de 2013 hab\u00eda alrededor de un 638 por ciento m\u00e1s de viviendas sociales y ocupacionales en Riem que el promedio de la ciudad. El n\u00famero de hijos es casi tres veces mayor que el promedio urbano, con un n\u00famero de familias superior al promedio que incluso tiene m\u00e1s de cinco hijos. Al mismo tiempo, hay una falta de infraestructura adecuada: hay una falta de pediatras, guarder\u00edas municipales y escuelas secundarias.<\/p>\n<p>Despu\u00e9s de una fase de planificaci\u00f3n de un a\u00f1o, la Inspecci\u00f3n de Polic\u00eda 25 se puso oficialmente en funcionamiento el 2 de julio de 2008 en Werner-Eckert-Strasse como la inspecci\u00f3n m\u00e1s joven de la Jefatura de Polic\u00eda de M\u00fanich. El \u00e1rea de inspecci\u00f3n de la Comisar\u00eda 25 cubre esencialmente el \u00e1rea del distrito 15 (Trudering - Riem)<\/p>\n<h2>Riem 2006: El Papa en la ciudad ferial<\/h2>\n<p>El 10 de septiembre de 2006, el Papa celebr\u00f3 un servicio dominical en Messestadt Riem. A este servicio asistieron m\u00e1s de un cuarto de mill\u00f3n de personas. En el serm\u00f3n del Papa en Riem, critic\u00f3 indirectamente a la Iglesia cat\u00f3lica alemana, ya que est\u00e1 m\u00e1s comprometida con los proyectos sociales que con los misioneros, pero ambos est\u00e1n estrechamente vinculados. Tambi\u00e9n se quej\u00f3 de una creciente &quot;sordera a Dios&quot;.<\/p>\n<p>[\/ et_pb_text] [\/ et_pb_column] [\/ et_pb_row] [\/ et_pb_section]<\/p>","protected":false},"excerpt":{"rendered":"<p>Representaci\u00f3n hist\u00f3rica de M\u00fanich \u2013 Riem. De la comunidad a la ubicaci\u00f3n del aeropuerto y su incorporaci\u00f3n como distrito de M\u00fanich.<\/p>","protected":false},"author":1,"featured_media":6391,"parent":0,"menu_order":0,"comment_status":"closed","ping_status":"closed","template":"","meta":{"_acf_changed":false,"_et_pb_use_builder":"on","_et_pb_old_content":"","_et_gb_content_width":"","footnotes":""},"dipi_cpt_category":[],"class_list":["post-6381","page","type-page","status-publish","has-post-thumbnail","hentry"],"acf":[],"_links":{"self":[{"href":"https:\/\/flughafen-muenchen-riem.de\/es\/wp-json\/wp\/v2\/pages\/6381","targetHints":{"allow":["GET"]}}],"collection":[{"href":"https:\/\/flughafen-muenchen-riem.de\/es\/wp-json\/wp\/v2\/pages"}],"about":[{"href":"https:\/\/flughafen-muenchen-riem.de\/es\/wp-json\/wp\/v2\/types\/page"}],"author":[{"embeddable":true,"href":"https:\/\/flughafen-muenchen-riem.de\/es\/wp-json\/wp\/v2\/users\/1"}],"replies":[{"embeddable":true,"href":"https:\/\/flughafen-muenchen-riem.de\/es\/wp-json\/wp\/v2\/comments?post=6381"}],"version-history":[{"count":0,"href":"https:\/\/flughafen-muenchen-riem.de\/es\/wp-json\/wp\/v2\/pages\/6381\/revisions"}],"wp:featuredmedia":[{"embeddable":true,"href":"https:\/\/flughafen-muenchen-riem.de\/es\/wp-json\/wp\/v2\/media\/6391"}],"wp:attachment":[{"href":"https:\/\/flughafen-muenchen-riem.de\/es\/wp-json\/wp\/v2\/media?parent=6381"}],"wp:term":[{"taxonomy":"dipi_cpt_category","embeddable":true,"href":"https:\/\/flughafen-muenchen-riem.de\/es\/wp-json\/wp\/v2\/dipi_cpt_category?post=6381"}],"curies":[{"name":"wp","href":"https:\/\/api.w.org\/{rel}","templated":true}]}}