{"id":6258,"date":"2021-11-14T01:25:14","date_gmt":"2021-11-14T00:25:14","guid":{"rendered":"https:\/\/flughafen-muenchen-riem.de\/?page_id=6258"},"modified":"2021-11-14T01:27:54","modified_gmt":"2021-11-14T00:27:54","slug":"flughafen-muenchen-administrator-charles-d-daily","status":"publish","type":"page","link":"https:\/\/flughafen-muenchen-riem.de\/es\/flughafen-muenchen-administrator-charles-d-daily\/","title":{"rendered":"Administrador del aeropuerto de M\u00fanich Charles D. Daily"},"content":{"rendered":"<p>[et_pb_section fb_built = &quot;1 \u2033 _builder_version =&quot; 3.22 \u2033 custom_padding = &quot;137px | 0px | 161px | 0px | false | false&quot; global_colors_info = &quot;{}&quot;] [et_pb_row _builder_version = &quot;3.25 \u2033 custom_margin =&quot; | auto |. -134 auto || &quot;custom_padding =&quot; 0 | 0px | 29px | 0 | false | false &quot;global_colors_info =&quot; {} &quot;] [et_pb_column type =&quot; 4_4 \u2033 _builder_version = &quot;3.25 \u2033 custom_padding =&quot; ||| &quot;global_colors_info =&quot; {} &quot;Custom_padding__hover =&quot; ||| &quot;] [et_pb_text module_class =&quot; dividir dos &quot;_builder_version =&quot; 4.13.0 \u2033 link_font = &quot;||||||||&quot; global_colors_info = &quot;{}&quot;]<\/p>\n<h1>Charles Dennis Daily, Sr.<\/h1>\n<p>Nacido el 15 de mayo de 1899 en Bethany, Missouri. Charles D. Daily fue uno de los 13 ni\u00f1os. Charles D. Daily se fue de casa a la edad de 12 a\u00f1os y se mud\u00f3 a vivir con su hermana mayor en Curtiss, Nebraska. All\u00ed trabaj\u00f3 en la granja como vaquero.<\/p>\n<p>En 1916 gan\u00f3 el Campeonato Bronco Busting en el Cheyenne Rodeo y se uni\u00f3 a la unidad del Ej\u00e9rcito de Colorado como jinete un a\u00f1o despu\u00e9s. En el mismo a\u00f1o fue utilizado como soldado de infanter\u00eda en el sector franc\u00e9s Verdun (ofensiva Mosa-Argonne). Luch\u00f3 en el Chateau Thierry en el Marne y todo el camino hasta Metz hasta el armisticio del 11 de noviembre de 1918. Durante este tiempo estuvo expuesto a ataques con gas venenoso por parte de los alemanes, result\u00f3 herido en la lucha y, por lo tanto, recibi\u00f3 la Orden del Coraz\u00f3n P\u00farpura. .<\/p>\n<p>En 1919 Charles D. Daily regres\u00f3 a los Estados Unidos. \u00c9l y su hermano John asistieron a la Academia de la Marina Mercante y navegaron en un aparejo cuadrado a trav\u00e9s del Cabo de Hornos hasta San Francisco. Sin embargo, el marinero no pudo convencerlo, por lo que asisti\u00f3 a la Universidad de Valapriso (Indianna) para completar una formaci\u00f3n radiof\u00f3nica.<\/p>\n<p>Con su compa\u00f1ero de cuarto Charles Colechester, hijo de una acaudalada familia canadiense, fue expulsado de la universidad por la producci\u00f3n ilegal de vino. As\u00ed que trabaj\u00f3 en la extracci\u00f3n de sal en el desierto para ahorrar algo de dinero y viaj\u00f3 de regreso a Kansas City, donde hab\u00eda conseguido un trabajo como conductor de tranv\u00eda en el prospecto.<\/p>\n<p>Poco despu\u00e9s fue utilizado como oficial de patrulla montada.<\/p>\n<p>En 1926, Charles D. Daily comenz\u00f3 a tomar lecciones de vuelo en el antiguo Richards Field. Compr\u00f3 un biplano American Eagle. Mientras tanto, ha sido ascendido a Police Sargent y se le encomend\u00f3 la tarea de encontrar a los g\u00e1ngsters Pretty Boy Floyd, as\u00ed como a Bonnie y Clyde con aviones equipados con radio en el Medio Oeste.<\/p>\n<p>Vol\u00f3 por correo a\u00e9reo durante la crisis postal de 1934. El 17 de marzo de 1934, se estrell\u00f3 con un Douglas O-38 cerca de St. Joseph MO, afortunadamente solo result\u00f3 levemente herido. En 1936 fue nombrado gerente del Aeropuerto Municipal de Kansas City, donde conoci\u00f3 a Dorothy Margaret Widener, con quien se cas\u00f3 en 1937.<\/p>\n<p>En 1940, Charles D. Daily fue nombrado miembro del Cuerpo A\u00e9reo del Ej\u00e9rcito y estableci\u00f3 escuelas de vuelo en el Medio Oeste. En 1943 fue transferido al comando de transporte a\u00e9reo y se desempe\u00f1\u00f3 como inspector de todos los aeropuertos ATC del mundo (Alaska, EE. UU., Brasil, \u00c1frica, Arabia, India, China, Inglaterra e Italia). Termin\u00f3 la guerra como coronel en el USAAC (Army Air Corps, el precursor de la Fuerza A\u00e9rea de los Estados Unidos).<\/p>\n<p>Cuando termin\u00f3 la guerra, era coronel en el Cuerpo A\u00e9reo del Ej\u00e9rcito de EE. UU. Y regres\u00f3 como Director de Aviaci\u00f3n Civil de Kansas City y Gerente General del Aeropuerto Municipal de Kansas City, permaneciendo en la Fuerza A\u00e9rea de EE. UU. Como reservista.<\/p>\n<p>En 1948, la Alta Comisi\u00f3n Aliada le orden\u00f3 al aeropuerto de Munich-Riem que reanudara las operaciones all\u00ed en el aeropuerto que fue destruido por 70%. A finales de 1949, se pusieron en funcionamiento las pistas ampliadas, que hab\u00eda propuesto para habilitar de nuevo la aviaci\u00f3n civil. Tambi\u00e9n hab\u00eda designado al cargador Wulf Dieter zu Castell (quien, adem\u00e1s de ser muy en\u00e9rgico, tambi\u00e9n hablaba 3 idiomas con fluidez) como el nuevo director del aeropuerto.<\/p>\n<p>[\/ et_pb_text] [et_pb_image src = \u201chttps:\/\/flughafen-muenchen-riem.de\/wp-content\/uploads\/2021\/11\/charles-d-daily-wulf-dieter-zu-castell-1.jpg\u201c title_text = &quot;Charles-d-daily-wulf-dieter-zu-castell&quot; _builder_version = &quot;4.13.0 \u2033 _module_preset =&quot; default &quot;filter_saturate =&quot; 0% &quot;filter_brightness =&quot; 89% &quot;filter_contrast =&quot; 130% &quot;global_colors_info =&quot; {} &quot;] [\/ et_pb_image] [et_pb_text _builder_version = &quot;4.13.0 \u2033 _module_preset =&quot; predeterminado &quot;global_colors_info =&quot; {} &quot;]<\/p>\n<p>En 1952 Charles D. Daily regres\u00f3 a Kansas City y en 1953 fue nombrado comandante de la <a href=\"https:\/\/en.wikipedia.org\/wiki\/442nd_Operations_Group\" target=\"_blank\" rel=\"noopener\">442nd USAF Reserve&#039;s Toup Carrier Group<\/a> seleccionado. Vol\u00f3 C-46, C-119 y C-124 y se retir\u00f3 de la USAF en 1962 con 28.000 horas en aviones militares y miles de otras horas civiles. La 442 Troop Carrier Wing tuvo el mejor r\u00e9cord de seguridad en la USAF durante ese tiempo.<\/p>\n<p>[\/ et_pb_text] [et_pb_image src = &quot;https:\/\/flughafen-muenchen-riem.de\/wp-content\/uploads\/2021\/11\/daily-442-scaled.jpeg&quot; title_text = &quot;daily-442 \u2033 _builder_version =&quot; 4.13 .0 \u2033 _module_preset = &quot;predeterminado&quot; global_colors_info = &quot;{}&quot;] [\/ et_pb_image] [et_pb_text _builder_version = &quot;4.13.0 \u2033 _module_preset =&quot; predeterminado &quot;global_colors_info =&quot; {} &quot;]<\/p>\n<p>Charles D. Daily muri\u00f3 en Kansas City en 1972, teniendo tres hijos (todos en los departamentos m\u00e9dicos de la Armada y el Ej\u00e9rcito de los EE. UU. Como capitanes o coroneles retirados) y una hija (enfermera).<\/p>\n<p>[\/ et_pb_text] [\/ et_pb_column] [\/ et_pb_row] [\/ et_pb_section]<\/p>","protected":false},"excerpt":{"rendered":"<p>El 9 de noviembre de 1948, el departamento de aviaci\u00f3n civil de las fuerzas de ocupaci\u00f3n estadounidenses design\u00f3 al ex piloto estadounidense Charles D. Daily como administrador del aeropuerto de Munich-Riem.<\/p>","protected":false},"author":1,"featured_media":6266,"parent":0,"menu_order":0,"comment_status":"closed","ping_status":"closed","template":"","meta":{"_acf_changed":false,"_et_pb_use_builder":"on","_et_pb_old_content":"","_et_gb_content_width":"","footnotes":""},"dipi_cpt_category":[],"class_list":["post-6258","page","type-page","status-publish","has-post-thumbnail","hentry"],"acf":[],"_links":{"self":[{"href":"https:\/\/flughafen-muenchen-riem.de\/es\/wp-json\/wp\/v2\/pages\/6258","targetHints":{"allow":["GET"]}}],"collection":[{"href":"https:\/\/flughafen-muenchen-riem.de\/es\/wp-json\/wp\/v2\/pages"}],"about":[{"href":"https:\/\/flughafen-muenchen-riem.de\/es\/wp-json\/wp\/v2\/types\/page"}],"author":[{"embeddable":true,"href":"https:\/\/flughafen-muenchen-riem.de\/es\/wp-json\/wp\/v2\/users\/1"}],"replies":[{"embeddable":true,"href":"https:\/\/flughafen-muenchen-riem.de\/es\/wp-json\/wp\/v2\/comments?post=6258"}],"version-history":[{"count":0,"href":"https:\/\/flughafen-muenchen-riem.de\/es\/wp-json\/wp\/v2\/pages\/6258\/revisions"}],"wp:featuredmedia":[{"embeddable":true,"href":"https:\/\/flughafen-muenchen-riem.de\/es\/wp-json\/wp\/v2\/media\/6266"}],"wp:attachment":[{"href":"https:\/\/flughafen-muenchen-riem.de\/es\/wp-json\/wp\/v2\/media?parent=6258"}],"wp:term":[{"taxonomy":"dipi_cpt_category","embeddable":true,"href":"https:\/\/flughafen-muenchen-riem.de\/es\/wp-json\/wp\/v2\/dipi_cpt_category?post=6258"}],"curies":[{"name":"wp","href":"https:\/\/api.w.org\/{rel}","templated":true}]}}