{"id":2617,"date":"2018-12-28T12:18:51","date_gmt":"2018-12-28T11:18:51","guid":{"rendered":"https:\/\/flughafen-muenchen-riem.de\/?page_id=2617"},"modified":"2024-03-07T00:16:18","modified_gmt":"2024-03-06T23:16:18","slug":"relikte","status":"publish","type":"page","link":"https:\/\/flughafen-muenchen-riem.de\/es\/relikte\/","title":{"rendered":"Reliquias del antiguo aeropuerto de Munich-Riem"},"content":{"rendered":"<p>[et_pb_section fb_built=\u201c1\u2033 _builder_version=\u201c4.16\u2033 global_colors_info=\u201c{}\u201c][et_pb_row _builder_version=\u201c4.16\u2033 global_colors_info=\u201c{}\u201c][et_pb_column type=\u201c4_4\u2033 _builder_version=\u201c4.16\u2033 custom_padding=&quot;|||&quot; global_colors_info=\u201d{}\u201d custom_padding__hover=\u201d|||\u201d][et_pb_text _builder_version=\u201d4.24.2\u2033 hover_enabled=\u201d0\u2033 global_colors_info=\u201d{}\u201d text_font=\u201dspecialelite||||||||\u201d sticky_enabled=\u201c0\u2033]<\/p>\n<h2>El antiguo aeropuerto de M\u00fanich da paso al centro de exposiciones de M\u00fanich<\/h2>\n<p>Inmediatamente despu\u00e9s de la clausura, comenz\u00f3 el desmantelamiento del aeropuerto de Munich-Riem; por ejemplo, en noviembre de 1992 se desmantelaron las pasarelas de embarque de pasajeros y los aparcamientos. Desde 1992 hasta el verano de 1996, el antiguo recinto del aeropuerto se utiliz\u00f3 como centro cultural. Poco a poco, los \u00faltimos vestigios del aeropuerto de Riem desaparecieron para dar cabida al nuevo Recinto Ferial de M\u00fanich y la ciudad ferial. En noviembre de 1996, por ejemplo, el <a href=\"https:\/\/flughafen-muenchen-riem.de\/es\/history\/lufthansa-wartungshalle-gesprengt\/\">Hangar de mantenimiento de Lufthansa explotado<\/a>.<\/p>\n<p><strong>El desmantelamiento del aeropuerto de Munich Riem se complet\u00f3 en 1998.<\/strong><\/p>\n<p>El nuevo recinto ferial de M\u00fanich y la ciudad ferial de Riem se encuentran en el \u00e1rea de aproximadamente 500 hect\u00e1reas del antiguo aeropuerto de M\u00fanich en Riem. Todav\u00eda quedan algunos restos del antiguo aeropuerto:<\/p>\n<p>[\/et_pb_text][\/et_pb_column][\/et_pb_row][et_pb_row _builder_version=\u201d4.16\u2033 global_colors_info=\u201d{}\u201d][et_pb_column type=\u201d4_4\u2033 _builder_version=\u201d4.16\u2033 custom_padding=\u201d|||\u201d global_colors_info=\u201d{}\u201d custom_padding__hover=\u201d|||\u201d][et_pb_text _builder_version=\u201d4.16\u2033 global_colors_info=\u201d{}\u201d]<\/p>\n<h2><\/h2>\n<h2>Restos del antiguo aeropuerto de Munich-Riem<\/h2>\n<p>[\/et_pb_text][\/et_pb_column][\/et_pb_row][et_pb_row estructura_columna=\u201c1_2,1_2\u2033 _builder_version=\u201c4.16\u2033 global_colors_info=\u201c{}\u201c][et_pb_column tipo=\u201c1_2\u2033 _builder_version=\u201c4.16\u2033 relleno_personalizado=&quot;|||&quot; informaci\u00f3n_global_colors=\u201d{}\u201d relleno_personalizado__hover=\u201d|||\u201d][et_pb_text _builder_version=\u201d4.16\u2033 informaci\u00f3n_global_colors=\u201d{}\u201d]<\/p>\n<div id=\"attachment_2628\" style=\"width: 610px\" class=\"wp-caption alignnone\"><img loading=\"lazy\" decoding=\"async\" aria-describedby=\"caption-attachment-2628\" src=\"https:\/\/flughafen-muenchen-riem.de\/wp-content\/uploads\/2018\/12\/tower.jpg\" width=\"600\" height=\"270\" alt=\"\" class=\"wp-image-2628 size-full\" srcset=\"https:\/\/flughafen-muenchen-riem.de\/wp-content\/uploads\/2018\/12\/tower.jpg 600w, https:\/\/flughafen-muenchen-riem.de\/wp-content\/uploads\/2018\/12\/tower-300x135.jpg 300w\" sizes=\"(max-width: 600px) 100vw, 600px\" \/><p id=\"caption-attachment-2628\" class=\"wp-caption-text\">Torre de control del aeropuerto de Riem sin edificios en el recinto ferial - \u00a9 Gelbmann<\/p><\/div>\n<p>[\/et_pb_text][\/et_pb_column][et_pb_column type=\u201c1_2\u2033 _builder_version=\u201c4.16\u2033 custom_padding=\u201c|||\u201c global_colors_info=\u201d{}\u201d custom_padding__hover=\u201d|||\u201d][et_pb_text _builder_version=\u201d4.16\u2033 global_colors_info=\u201d{}\u201d]<\/p>\n<h3>Torre de control \/ torre<\/h3>\n<p><span>La torre de control de ocho pisos se coloc\u00f3 bajo protecci\u00f3n de monumento en 1995 y estuvo libre en el \u00e1rea de exhibici\u00f3n de la ciudad de M\u00fanich con 14,000 m2 de espacio de piso hasta 2016. Varios intentos de hacer un buen uso de la antigua torre del aeropuerto y el espacio abierto circundante fracasaron en 1995, 2006 y 2009. <\/span><\/p>\n<p><span>En 2016, la torre se convirti\u00f3 en un moderno complejo de oficinas. El 11 de julio de 2017, la nueva sede de BRAINLAB del Canciller Federal Dr. Angela Merkel se inaugurar\u00e1 oficialmente. El centro de atenci\u00f3n del complejo de oficinas es la torre hist\u00f3rica.<\/span><\/p>\n<p>[\/et_pb_text][\/et_pb_column][\/et_pb_row][et_pb_row estructura_columna=\u201c1_2,1_2\u2033 _builder_version=\u201c4.16\u2033 global_colors_info=\u201c{}\u201c][et_pb_column tipo=\u201c1_2\u2033 _builder_version=\u201c4.16\u2033 relleno_personalizado=&quot;|||&quot; informaci\u00f3n_global_colors=\u201d{}\u201d relleno_personalizado__hover=\u201d|||\u201d][et_pb_text _builder_version=\u201d4.16\u2033 informaci\u00f3n_global_colors=\u201d{}\u201d]<\/p>\n<h3>Sal\u00f3n de recepci\u00f3n \/ sal\u00f3n del escudo de armas<\/h3>\n<p><span>El vest\u00edbulo del aeropuerto, que fue construido en 1939 e inaugurado en 1951, tambi\u00e9n conocido como Wappenhalle, tambi\u00e9n fue catalogado como monumento hist\u00f3rico en 1995 y ahora est\u00e1 integrado en un moderno centro de negocios. <\/span><\/p>\n<p><span>Por lo tanto, el Wappenhalle solo es accesible de forma limitada como centro de negocios en la actualidad y se puede alquilar para eventos.<\/span><\/p>\n<p>&nbsp;<\/p>\n<p>[\/et_pb_text][\/et_pb_column][et_pb_column type=\u201c1_2\u2033 _builder_version=\u201c4.16\u2033 custom_padding=\u201c|||\u201c global_colors_info=\u201d{}\u201d custom_padding__hover=\u201d|||\u201d][et_pb_text _builder_version=\u201d4.16\u2033 global_colors_info=\u201d{}\u201d]<\/p>\n<div id=\"attachment_2634\" style=\"width: 610px\" class=\"wp-caption alignnone\"><img loading=\"lazy\" decoding=\"async\" aria-describedby=\"caption-attachment-2634\" src=\"https:\/\/flughafen-muenchen-riem.de\/wp-content\/uploads\/2018\/12\/wappenhalle.jpg\" width=\"600\" height=\"270\" alt=\"\" class=\"wp-image-2634 size-full\" srcset=\"https:\/\/flughafen-muenchen-riem.de\/wp-content\/uploads\/2018\/12\/wappenhalle.jpg 600w, https:\/\/flughafen-muenchen-riem.de\/wp-content\/uploads\/2018\/12\/wappenhalle-300x135.jpg 300w\" sizes=\"(max-width: 600px) 100vw, 600px\" \/><p id=\"caption-attachment-2634\" class=\"wp-caption-text\">Sal\u00f3n del escudo de armas en el aeropuerto de Riem, cerca del centro de exposiciones de Munich. \u00a9 Gelbmann<\/p><\/div>\n<p>[\/et_pb_text][\/et_pb_column][\/et_pb_row][et_pb_row estructura_columna=\u201c1_2,1_2\u2033 _builder_version=\u201c4.16\u2033 global_colors_info=\u201c{}\u201c][et_pb_column tipo=\u201c1_2\u2033 _builder_version=\u201c4.16\u2033 relleno_personalizado=&quot;|||&quot; informaci\u00f3n_global_colors=\u201d{}\u201d relleno_personalizado__hover=\u201d|||\u201d][et_pb_text _builder_version=\u201d4.16\u2033 informaci\u00f3n_global_colors=\u201d{}\u201d]<div id=\"attachment_2635\" style=\"width: 610px\" class=\"wp-caption alignnone\"><img loading=\"lazy\" decoding=\"async\" aria-describedby=\"caption-attachment-2635\" src=\"https:\/\/flughafen-muenchen-riem.de\/wp-content\/uploads\/2018\/12\/zuschauertribuehne-riem.jpg\" width=\"600\" height=\"270\" alt=\"\" class=\"wp-image-2635 size-full\" srcset=\"https:\/\/flughafen-muenchen-riem.de\/wp-content\/uploads\/2018\/12\/zuschauertribuehne-riem.jpg 600w, https:\/\/flughafen-muenchen-riem.de\/wp-content\/uploads\/2018\/12\/zuschauertribuehne-riem-300x135.jpg 300w\" sizes=\"(max-width: 600px) 100vw, 600px\" \/><p id=\"caption-attachment-2635\" class=\"wp-caption-text\">La tribuna Zeppelin est\u00e1 cerrada a los visitantes debido al riesgo de colapso.<\/p><\/div>[\/et_pb_text][\/et_pb_column][et_pb_column type=\u201c1_2\u2033 _builder_version=\u201c4.16\u2033 custom_padding=\u201c|||\u201c global_colors_info=\u201d{}\u201d custom_padding__hover=\u201d|||\u201d][et_pb_text _builder_version=\u201d4.16\u2033 global_colors_info=\u201d{}\u201d]<\/p>\n<h3>Zeppelin - tribuna<\/h3>\n<p><span><\/span><\/p>\n<p>La tribuna Zeppelin, que tiene una planta ligeramente arqueada y todav\u00eda tiene alrededor de 530 m de largo hoy, est\u00e1 ubicada en el lado oeste del antiguo aeropuerto de Munich Riem. La tribuna destartalada y colapsada fue acordonada en 2008.<\/p>\n<p>Al igual que la torre y el sal\u00f3n del escudo de armas, la tribuna y el edificio frontal se colocaron bajo protecci\u00f3n de monumento en 1995.<\/p>\n<p>[\/et_pb_text][\/et_pb_column][\/et_pb_row][et_pb_row estructura_columna=\u201c1_2,1_2\u2033 _builder_version=\u201c4.16\u2033 global_colors_info=\u201c{}\u201c][et_pb_column tipo=\u201c1_2\u2033 _builder_version=\u201c4.16\u2033 relleno_personalizado=&quot;|||&quot; informaci\u00f3n_global_colors=\u201d{}\u201d relleno_personalizado__hover=\u201d|||\u201d][et_pb_text _builder_version=\u201d4.16\u2033 informaci\u00f3n_global_colors=\u201d{}\u201d]<\/p>\n<h3>Auditorio final del edificio \/ taquilla<\/h3>\n<p><span>El llamado edificio principal es la antigua taquilla de la tribuna. Hasta mediados de la d\u00e9cada de 1970 hab\u00eda un edificio de este tipo tanto al principio como al final de la tribuna. Hoy solo queda el extremo oeste del aeropuerto de Munich. Esto fue ampliamente renovado como un BUGA LOUNGE para el Federal Horticultural Show y podr\u00eda alquilarse con 530 m\u00b2 de espacio utilizable para hasta 500 personas. <\/span><\/p>\n<p><span>Desde mediados de 2014 no ha habido un prop\u00f3sito oficial para el edificio frontal, el edificio ya no se puede alquilar.<\/span><\/p>\n<p>&nbsp;<\/p>\n<p>&nbsp;<\/p>\n<p>[\/et_pb_text][\/et_pb_column][et_pb_column type=\u201c1_2\u2033 _builder_version=\u201c4.16\u2033 custom_padding=\u201c|||\u201c global_colors_info=\u201d{}\u201d custom_padding__hover=\u201d|||\u201d][et_pb_text _builder_version=\u201d4.16\u2033 global_colors_info=\u201d{}\u201d]<div id=\"attachment_2638\" style=\"width: 610px\" class=\"wp-caption alignnone\"><img loading=\"lazy\" decoding=\"async\" aria-describedby=\"caption-attachment-2638\" src=\"https:\/\/flughafen-muenchen-riem.de\/wp-content\/uploads\/2018\/12\/kopfbau.jpg\" width=\"600\" height=\"291\" alt=\"\" class=\"wp-image-2638 size-full\" srcset=\"https:\/\/flughafen-muenchen-riem.de\/wp-content\/uploads\/2018\/12\/kopfbau.jpg 600w, https:\/\/flughafen-muenchen-riem.de\/wp-content\/uploads\/2018\/12\/kopfbau-300x146.jpg 300w\" sizes=\"(max-width: 600px) 100vw, 600px\" \/><p id=\"caption-attachment-2638\" class=\"wp-caption-text\">Antigua taquilla del auditorio Riem, desde 2005 BUGA LOUNGE<\/p><\/div>[\/et_pb_text][\/et_pb_column][\/et_pb_row][et_pb_row estructura_columna=\u201c1_2,1_2\u2033 _builder_version=\u201c4.16\u2033 global_colors_info=\u201c{}\u201c][et_pb_column tipo=\u201c1_2\u2033 _builder_version=\u201c4.16\u2033 relleno_personalizado=&quot;|||&quot; informaci\u00f3n_global_colors=\u201d{}\u201d relleno_personalizado__hover=\u201d|||\u201d][et_pb_text _builder_version=\u201d4.16\u2033 informaci\u00f3n_global_colors=\u201d{}\u201d]<div id=\"attachment_2639\" style=\"width: 610px\" class=\"wp-caption alignnone\"><img loading=\"lazy\" decoding=\"async\" aria-describedby=\"caption-attachment-2639\" src=\"https:\/\/flughafen-muenchen-riem.de\/wp-content\/uploads\/2018\/12\/rest-start-landebahn-flughafen-muenchen-riem.jpg\" width=\"600\" height=\"270\" alt=\"\" class=\"wp-image-2639 size-full\" srcset=\"https:\/\/flughafen-muenchen-riem.de\/wp-content\/uploads\/2018\/12\/rest-start-landebahn-flughafen-muenchen-riem.jpg 600w, https:\/\/flughafen-muenchen-riem.de\/wp-content\/uploads\/2018\/12\/rest-start-landebahn-flughafen-muenchen-riem-300x135.jpg 300w\" sizes=\"(max-width: 600px) 100vw, 600px\" \/><p id=\"caption-attachment-2639\" class=\"wp-caption-text\">Restos de la pista (SLB) \/ pista del aeropuerto de Munich-Riem<\/p><\/div>[\/et_pb_text][\/et_pb_column][et_pb_column type=\u201c1_2\u2033 _builder_version=\u201c4.16\u2033 custom_padding=\u201c|||\u201c global_colors_info=\u201d{}\u201d custom_padding__hover=\u201d|||\u201d][et_pb_text _builder_version=\u201d4.16\u2033 global_colors_info=\u201d{}\u201d]<\/p>\n<h3>Tramo de pista<\/h3>\n<p>Una pieza de la antigua pista de Munich-Riem se guard\u00f3 para una exposici\u00f3n de &quot;Ingold Airlines&quot; durante el Sal\u00f3n Federal de Horticultura en 2005, o una pieza que se hab\u00eda conservado hasta entonces se acort\u00f3 (innecesariamente).<\/p>\n<p>El \u00e1rea est\u00e1 ubicada en una reserva natural y, por lo tanto, solo se puede llegar a pie o en bicicleta.<\/p>\n<p>&nbsp;<\/p>\n<p>[\/et_pb_text][\/et_pb_column][\/et_pb_row][et_pb_row estructura_columna=\u201c1_2,1_2\u2033 _builder_version=\u201c4.16\u2033 global_colors_info=\u201c{}\u201c][et_pb_column tipo=\u201c1_2\u2033 _builder_version=\u201c4.16\u2033 relleno_personalizado=&quot;|||&quot; informaci\u00f3n_global_colors=\u201d{}\u201d relleno_personalizado__hover=\u201d|||\u201d][et_pb_text _builder_version=\u201d4.16\u2033 informaci\u00f3n_global_colors=\u201d{}\u201d]<\/p>\n<h3>L\u00edneas de la antigua pista<\/h3>\n<p>Se trata de referencias muy ocultas al antiguo aeropuerto de M\u00fanich que son dif\u00edciles de ver desde tierra.<\/p>\n<p>Por ejemplo, las l\u00edneas de la antigua pista de aterrizaje en Georg-Kerschensteiner-Strasse est\u00e1n incrustadas en el suelo. La parte occidental de la pista cerca de la nueva \u201cFlughafen-Riem-Strasse\u201d se puede ver desde el aire.<\/p>\n<p>&nbsp;<\/p>\n<p>&nbsp;<\/p>\n<p>[\/et_pb_text][\/et_pb_column][et_pb_column type=\u201c1_2\u2033 _builder_version=\u201c4.16\u2033 custom_padding=\u201c|||\u201c global_colors_info=\u201d{}\u201d custom_padding__hover=\u201d|||\u201d][et_pb_text _builder_version=\u201d4.16\u2033 global_colors_info=\u201d{}\u201d]<\/p>\n<div id=\"attachment_2642\" style=\"width: 610px\" class=\"wp-caption alignnone\"><img loading=\"lazy\" decoding=\"async\" aria-describedby=\"caption-attachment-2642\" src=\"https:\/\/flughafen-muenchen-riem.de\/wp-content\/uploads\/2018\/12\/linienfuehrung.jpg\" width=\"600\" height=\"270\" alt=\"\" class=\"wp-image-2642 size-full\" srcset=\"https:\/\/flughafen-muenchen-riem.de\/wp-content\/uploads\/2018\/12\/linienfuehrung.jpg 600w, https:\/\/flughafen-muenchen-riem.de\/wp-content\/uploads\/2018\/12\/linienfuehrung-300x135.jpg 300w\" sizes=\"(max-width: 600px) 100vw, 600px\" \/><p id=\"caption-attachment-2642\" class=\"wp-caption-text\">Recorrido de la pasarela de Riem \u00a9 Google Earth, Foto: Renate W\u00f6he<\/p><\/div>\n<p>[\/et_pb_text][\/et_pb_column][\/et_pb_row][et_pb_row estructura_columna=\u201c1_2,1_2\u2033 _builder_version=\u201c4.16\u2033 global_colors_info=\u201c{}\u201c][et_pb_column tipo=\u201c1_2\u2033 _builder_version=\u201c4.16\u2033 relleno_personalizado=&quot;|||&quot; informaci\u00f3n_global_colors=\u201d{}\u201d relleno_personalizado__hover=\u201d|||\u201d][et_pb_text _builder_version=\u201d4.16\u2033 informaci\u00f3n_global_colors=\u201d{}\u201d]<\/p>\n<div id=\"attachment_2652\" style=\"width: 610px\" class=\"wp-caption alignnone\"><img loading=\"lazy\" decoding=\"async\" aria-describedby=\"caption-attachment-2652\" src=\"https:\/\/flughafen-muenchen-riem.de\/wp-content\/uploads\/2018\/12\/abflug.jpg\" width=\"600\" height=\"270\" alt=\"\" class=\"wp-image-2652 size-full\" srcset=\"https:\/\/flughafen-muenchen-riem.de\/wp-content\/uploads\/2018\/12\/abflug.jpg 600w, https:\/\/flughafen-muenchen-riem.de\/wp-content\/uploads\/2018\/12\/abflug-300x135.jpg 300w\" sizes=\"(max-width: 600px) 100vw, 600px\" \/><p id=\"caption-attachment-2652\" class=\"wp-caption-text\">Se\u00f1al de salida de la antigua licencia CC del aeropuerto de M\u00fanich - Usuario: Pahu<\/p><\/div>\n<p>[\/et_pb_text][\/et_pb_column][et_pb_column type=\u201c1_2\u2033 _builder_version=\u201c4.16\u2033 custom_padding=\u201c|||\u201c global_colors_info=\u201d{}\u201d custom_padding__hover=\u201d|||\u201d][et_pb_text _builder_version=\u201d4.16\u2033 global_colors_info=\u201d{}\u201d]<\/p>\n<h3>Se\u00f1al de salida<\/h3>\n<p><span>La se\u00f1al de salida del aeropuerto de Riemer sellada en hormig\u00f3n en el parque Riemer Buga. El Abfugschild una vez entroniz\u00f3 frente al sal\u00f3n del escudo de armas y ahora es completamente accesible.\u00a0<\/span><\/p>\n<p><span>La antigua se\u00f1al de salida del aeropuerto de Riem tambi\u00e9n se encuentra en las l\u00edneas de la antigua pista en el oeste de la zona del antiguo aeropuerto, tambi\u00e9n cerca de la nueva &quot;Flughafen-Riem-Strasse&quot;.<\/span><\/p>\n<p>&nbsp;<\/p>\n<p>[\/ et_pb_text] [\/ et_pb_column] [\/ et_pb_row] [\/ et_pb_section]<\/p>","protected":false},"excerpt":{"rendered":"<p>El aeropuerto de Munich-Riem fue dado de baja oficialmente el 16 de mayo de 1992 a las 10:55 p.m. despu\u00e9s de casi 53 a\u00f1os de servicio; la licencia de operaci\u00f3n como aeropuerto expir\u00f3 en agosto de 1992.<\/p>\n<p>En el lugar del antiguo aeropuerto se encuentra ahora el Nuevo Recinto Ferial de M\u00fanich, as\u00ed como el Parque Buga, que est\u00e1 rodeado por la nueva ciudad ferial.<\/p>","protected":false},"author":1,"featured_media":2656,"parent":0,"menu_order":0,"comment_status":"closed","ping_status":"closed","template":"","meta":{"_acf_changed":false,"_et_pb_use_builder":"on","_et_pb_old_content":"","_et_gb_content_width":"","footnotes":""},"dipi_cpt_category":[],"class_list":["post-2617","page","type-page","status-publish","has-post-thumbnail","hentry"],"acf":[],"_links":{"self":[{"href":"https:\/\/flughafen-muenchen-riem.de\/es\/wp-json\/wp\/v2\/pages\/2617","targetHints":{"allow":["GET"]}}],"collection":[{"href":"https:\/\/flughafen-muenchen-riem.de\/es\/wp-json\/wp\/v2\/pages"}],"about":[{"href":"https:\/\/flughafen-muenchen-riem.de\/es\/wp-json\/wp\/v2\/types\/page"}],"author":[{"embeddable":true,"href":"https:\/\/flughafen-muenchen-riem.de\/es\/wp-json\/wp\/v2\/users\/1"}],"replies":[{"embeddable":true,"href":"https:\/\/flughafen-muenchen-riem.de\/es\/wp-json\/wp\/v2\/comments?post=2617"}],"version-history":[{"count":0,"href":"https:\/\/flughafen-muenchen-riem.de\/es\/wp-json\/wp\/v2\/pages\/2617\/revisions"}],"wp:featuredmedia":[{"embeddable":true,"href":"https:\/\/flughafen-muenchen-riem.de\/es\/wp-json\/wp\/v2\/media\/2656"}],"wp:attachment":[{"href":"https:\/\/flughafen-muenchen-riem.de\/es\/wp-json\/wp\/v2\/media?parent=2617"}],"wp:term":[{"taxonomy":"dipi_cpt_category","embeddable":true,"href":"https:\/\/flughafen-muenchen-riem.de\/es\/wp-json\/wp\/v2\/dipi_cpt_category?post=2617"}],"curies":[{"name":"wp","href":"https:\/\/api.w.org\/{rel}","templated":true}]}}