{"id":2543,"date":"2018-12-26T15:24:03","date_gmt":"2018-12-26T14:24:03","guid":{"rendered":"https:\/\/flughafen-muenchen-riem.de\/?page_id=2543"},"modified":"2021-11-18T01:48:44","modified_gmt":"2021-11-18T00:48:44","slug":"about","status":"publish","type":"page","link":"https:\/\/flughafen-muenchen-riem.de\/es\/about\/","title":{"rendered":"El proyecto del aeropuerto de Riem"},"content":{"rendered":"<p>[et_pb_section fb_built = &quot;1 \u2033 _builder_version =&quot; 3.22 \u2033 custom_padding = &quot;137px | 0px | 125px | 0px | falso | falso&quot; global_colors_info = &quot;{}&quot;] [et_pb_row _builder_version = &quot;3.25 \u2033 29px | .x | 0 | falso | false &quot;global_colors_info =&quot; {} &quot;] [et_pb_column type =&quot; 4_4 \u2033 _builder_version = &quot;3.25 \u2033 custom_padding =&quot; ||| &quot;global_colors_info =&quot; {} &quot;custom_padding__hover =&quot; ||| &quot;] [et_pb_text module_class =&quot; Zweis_version &quot; = &quot;4.7.7 \u2033 link_font =&quot; |||||||| &quot;global_colors_info =&quot; {} &quot;]<\/p>\n<h2>Sobre el operador de este sitio ...<\/h2>\n<p>... realmente no hay mucho que decir. Mi nombre es Carsten Tauber y no tengo absolutamente nada que ver con volar.<\/p>\n<p>En otras palabras: no soy piloto ni he trabajado en un aeropuerto. No puedo distinguir los diferentes tipos de aviones y solo tengo una vaga idea de c\u00f3mo funciona un aeropuerto y, sin embargo, eso es exactamente lo que de alguna manera me fascina. El sue\u00f1o de volar y el respeto necesario por la organizaci\u00f3n del flujo fluido del tr\u00e1fico a\u00e9reo en un aeropuerto.<\/p>\n<h3>Entonces, \u00bfqu\u00e9 tiene que ver este tipo con el aeropuerto de Riem?<\/h3>\n<p>Bueno, en mi juventud viv\u00ed no lejos del aeropuerto de Munich-Riem. Cuando \u00e9ramos j\u00f3venes, sol\u00edamos ir al aeropuerto de Riem en bicicleta y ver despegues y aterrizajes. El d\u00eda en que todo el aeropuerto se traslad\u00f3 en mayo de 1992, vimos el espect\u00e1culo, que dur\u00f3 todo el d\u00eda, durante el d\u00eda en la A99 y estuvimos all\u00ed con cientos de espectadores al comienzo de la \u00faltima salida oficial del aeropuerto de Munich Riem.<\/p>\n<p>En este sentido, todav\u00eda puedo recordar que el \u00faltimo avi\u00f3n sali\u00f3 del aeropuerto de M\u00fanich-Riem alrededor de las 11 de la noche con alas bamboleantes en una noche de luna llena con el mejor clima, con el aplauso de la audiencia. Poco despu\u00e9s, la iluminaci\u00f3n del aer\u00f3dromo se apag\u00f3 para siempre. Un evento que todav\u00eda hoy me pone la piel de gallina; despu\u00e9s de todo, un aeropuerto no est\u00e1 cerrado todos los d\u00edas ...<\/p>\n<p>Al d\u00eda siguiente fuimos al nuevo aeropuerto en bici (s\u00ed, entonces sol\u00edamos andar en bici ...). Por cierto, necesit\u00e1bamos un momento para darnos cuenta de que est\u00e1bamos en la v\u00eda de acceso de la autopista con nuestros compa\u00f1eros de &quot;poca potencia&quot;; as\u00ed de fascinados est\u00e1bamos ...<\/p>\n<p>&nbsp;<\/p>\n<h2>\u00bfPor qu\u00e9 este proyecto?<\/h2>\n<p>El proyecto del aeropuerto de Munich Riem naci\u00f3 en septiembre de 2011 debido a la falta de informaci\u00f3n central y emocional. Wikipedia es informativa, pero en mi opini\u00f3n no puede transmitir la informaci\u00f3n de una manera tan emotiva y detallada.<\/p>\n<p>Toda la informaci\u00f3n adicional sobre el antiguo aeropuerto se distribuye a trav\u00e9s de foros o est\u00e1 inactiva en archivos, algunos de los cuales no son de acceso p\u00fablico. Por lo tanto, el objetivo es rendir homenaje al aeropuerto de Riem, aunque las operaciones en Riem, por supuesto, estaban completamente cerradas en ese momento. Munich se hab\u00eda acercado demasiado al aeropuerto y ya no hab\u00eda espacio suficiente para una expansi\u00f3n atrasada en 1955. Adem\u00e1s, Riem ciertamente carece de la base t\u00e9cnica para la era moderna, pero eso es lo que distingui\u00f3 al aeropuerto hasta el final: una mirada retrospectiva a los inicios y el desarrollo de la aviaci\u00f3n.<\/p>\n<p>El proyecto est\u00e1 siendo desarrollado actualmente por Carsten Tauber. <a href=\"https:\/\/greatsolution.de\" target=\"_blank\" rel=\"noopener\">agencia de WordPress m\u00f3vil<\/a> opera.<\/p>\n<p>El objetivo del proyecto del aeropuerto de Munich Riem es crear una plataforma en el antiguo aeropuerto de Riem que sea lo m\u00e1s detallada e informativa posible, \u00a1pero la cooperaci\u00f3n siempre es bienvenida y expresamente deseada!<\/p>\n<p>[\/ et_pb_text] [\/ et_pb_column] [\/ et_pb_row] [\/ et_pb_section]<\/p>","protected":false},"excerpt":{"rendered":"<p>Este archivo en l\u00ednea fue creado en 2011 por el particular Carsten Tauber y desde entonces se ha ampliado en su tiempo libre.<\/p>\n<p>Desde entonces, el aeropuerto de M\u00fanich ha aprobado y respaldado el proyecto en la medida de lo posible, pero por lo tanto debe entenderse como patrocinador y de ninguna manera como operador de este proyecto.<\/p>","protected":false},"author":1,"featured_media":2546,"parent":0,"menu_order":0,"comment_status":"closed","ping_status":"closed","template":"","meta":{"_acf_changed":false,"_et_pb_use_builder":"on","_et_pb_old_content":"","_et_gb_content_width":"","footnotes":""},"dipi_cpt_category":[],"class_list":["post-2543","page","type-page","status-publish","has-post-thumbnail","hentry"],"acf":[],"_links":{"self":[{"href":"https:\/\/flughafen-muenchen-riem.de\/es\/wp-json\/wp\/v2\/pages\/2543","targetHints":{"allow":["GET"]}}],"collection":[{"href":"https:\/\/flughafen-muenchen-riem.de\/es\/wp-json\/wp\/v2\/pages"}],"about":[{"href":"https:\/\/flughafen-muenchen-riem.de\/es\/wp-json\/wp\/v2\/types\/page"}],"author":[{"embeddable":true,"href":"https:\/\/flughafen-muenchen-riem.de\/es\/wp-json\/wp\/v2\/users\/1"}],"replies":[{"embeddable":true,"href":"https:\/\/flughafen-muenchen-riem.de\/es\/wp-json\/wp\/v2\/comments?post=2543"}],"version-history":[{"count":0,"href":"https:\/\/flughafen-muenchen-riem.de\/es\/wp-json\/wp\/v2\/pages\/2543\/revisions"}],"wp:featuredmedia":[{"embeddable":true,"href":"https:\/\/flughafen-muenchen-riem.de\/es\/wp-json\/wp\/v2\/media\/2546"}],"wp:attachment":[{"href":"https:\/\/flughafen-muenchen-riem.de\/es\/wp-json\/wp\/v2\/media?parent=2543"}],"wp:term":[{"taxonomy":"dipi_cpt_category","embeddable":true,"href":"https:\/\/flughafen-muenchen-riem.de\/es\/wp-json\/wp\/v2\/dipi_cpt_category?post=2543"}],"curies":[{"name":"wp","href":"https:\/\/api.w.org\/{rel}","templated":true}]}}