{"id":2514,"date":"2018-12-25T19:20:33","date_gmt":"2018-12-25T18:20:33","guid":{"rendered":"https:\/\/flughafen-muenchen-riem.de\/?page_id=2514"},"modified":"2021-11-14T03:04:13","modified_gmt":"2021-11-14T02:04:13","slug":"datenschutz","status":"publish","type":"page","link":"https:\/\/flughafen-muenchen-riem.de\/es\/datenschutz\/","title":{"rendered":"intimidad"},"content":{"rendered":"<p>[et_pb_section fb_built = &quot;1 \u2033 _builder_version =&quot; 3.22 \u2033 global_colors_info = &quot;{}&quot;] [et_pb_row _builder_version = &quot;3.25 \u2033 global_colors_info =&quot; {} &quot;] [et_pb_column type =&quot; 4_4 \u2033 _dinger_version \u2033 = &quot;4_&quot; \u2033 _Dinger_version = &quot;3.25 \u2033 |&quot; Global_colors_info = &quot;{}&quot; custom_padding__hover = &quot;|||&quot;] [et_pb_text _builder_version = &quot;3.27.4 \u2033 global_colors_info =&quot; {} &quot;]<\/p>\n<h2>1. Protecci\u00f3n de datos de un vistazo<\/h2>\n<h3><\/h3>\n<h3><\/h3>\n<h3>Informaci\u00f3n general<\/h3>\n<p>La siguiente informaci\u00f3n proporciona una descripci\u00f3n general simple de lo que sucede con sus datos personales cuando visita nuestro sitio web. Los datos personales son todos los datos con los que se le puede identificar personalmente. Puede encontrar informaci\u00f3n detallada sobre el tema de la protecci\u00f3n de datos en nuestra declaraci\u00f3n de protecci\u00f3n de datos debajo de este texto.<\/p>\n<h3><\/h3>\n<h3><\/h3>\n<h3>Recopilaci\u00f3n de datos en nuestro sitio web<\/h3>\n<p><strong>\u00bfQui\u00e9n es responsable de la recopilaci\u00f3n de datos en este sitio web?<\/strong><\/p>\n<p>El procesamiento de datos en este sitio web lo lleva a cabo el operador del sitio web. Puede encontrar sus datos de contacto en el pie de imprenta de este sitio web.<\/p>\n<p><strong>\u00bfC\u00f3mo recopilamos sus datos?<\/strong><\/p>\n<p>Por un lado, sus datos se recopilan cuando nos los proporciona. Estos pueden ser, por ejemplo, datos que ingresa en un formulario de contacto.<\/p>\n<p>Nuestros sistemas de TI registran autom\u00e1ticamente otros datos cuando visita el sitio web. Se trata principalmente de datos t\u00e9cnicos (por ejemplo, navegador de Internet, sistema operativo u hora de la vista de la p\u00e1gina). Estos datos se recopilan autom\u00e1ticamente tan pronto como ingresa a nuestro sitio web.<\/p>\n<p><strong>\u00bfPara qu\u00e9 utilizamos sus datos?<\/strong><\/p>\n<p>Algunos de los datos se recopilan para garantizar que el sitio web est\u00e9 libre de errores. Se pueden utilizar otros datos para analizar su comportamiento de usuario.<\/p>\n<p><strong>\u00bfQu\u00e9 derechos tienes con respecto a tus datos?<\/strong><\/p>\n<p>Tiene derecho a recibir informaci\u00f3n sobre el origen, el destinatario y el prop\u00f3sito de sus datos personales almacenados de forma gratuita en cualquier momento. Tambi\u00e9n tiene derecho a solicitar la correcci\u00f3n, bloqueo o eliminaci\u00f3n de estos datos. Puede ponerse en contacto con nosotros en cualquier momento en la direcci\u00f3n que figura en el aviso legal si tiene m\u00e1s preguntas sobre la protecci\u00f3n de datos. Tambi\u00e9n tiene derecho a presentar una reclamaci\u00f3n ante la autoridad de control competente.<\/p>\n<h3><\/h3>\n<h3><\/h3>\n<h3>Herramientas de an\u00e1lisis y herramientas de terceros<\/h3>\n<p>Cuando visita nuestro sitio web, su comportamiento de navegaci\u00f3n se puede evaluar estad\u00edsticamente. Esto se hace principalmente con cookies y los llamados programas de an\u00e1lisis. Su comportamiento de navegaci\u00f3n generalmente se analiza de forma an\u00f3nima; El comportamiento de navegaci\u00f3n no se puede rastrear hasta usted. Puede oponerse a este an\u00e1lisis o evitarlo si no utiliza determinadas herramientas. Puede encontrar informaci\u00f3n detallada al respecto en la siguiente declaraci\u00f3n de protecci\u00f3n de datos.<\/p>\n<p>Puede oponerse a este an\u00e1lisis. Le informaremos sobre las posibilidades de oposici\u00f3n en esta declaraci\u00f3n de protecci\u00f3n de datos.<\/p>\n<h2><\/h2>\n<h2><\/h2>\n<h2>2. Informaci\u00f3n general e informaci\u00f3n obligatoria<\/h2>\n<h3><\/h3>\n<h3><\/h3>\n<h3>intimidad<\/h3>\n<p>Los operadores de este sitio web se toman muy en serio la protecci\u00f3n de sus datos personales. Tratamos sus datos personales de forma confidencial y de acuerdo con la normativa legal de protecci\u00f3n de datos y esta declaraci\u00f3n de protecci\u00f3n de datos.<\/p>\n<p>Cuando utiliza este sitio web, se recopilan varios datos personales. Los datos personales son datos con los que se le puede identificar personalmente. Esta declaraci\u00f3n de protecci\u00f3n de datos explica qu\u00e9 datos recopilamos y para qu\u00e9 los usamos. Tambi\u00e9n explica c\u00f3mo y con qu\u00e9 prop\u00f3sito se hace.<\/p>\n<p>Se\u00f1alamos que la transmisi\u00f3n de datos a trav\u00e9s de Internet (por ejemplo, cuando se comunica por correo electr\u00f3nico) puede tener brechas de seguridad. No es posible una protecci\u00f3n completa de los datos contra el acceso de terceros.<\/p>\n<h3><\/h3>\n<h3>Nota sobre el organismo responsable<\/h3>\n<p>El organismo responsable del tratamiento de datos en este sitio web es:<\/p>\n<p>GRAN soluci\u00f3n<br \/>Carsten Tauber<br \/>Lerchenfeldstr. 15<br \/>94060 Pocking<\/p>\n<p>Tel\u00e9fono: +49 (0) 8531\/978 588-0<br \/>Correo electr\u00f3nico: info@greatsolution.de<\/p>\n<p>El organismo responsable es la persona f\u00edsica o jur\u00eddica que, sola o conjuntamente con otros, decide los fines y los medios de procesamiento de los datos personales (por ejemplo, nombres, direcciones de correo electr\u00f3nico, etc.).<\/p>\n<h3><\/h3>\n<h3><\/h3>\n<h3>Revocaci\u00f3n de su consentimiento para el procesamiento de datos<\/h3>\n<p>Muchas operaciones de procesamiento de datos solo son posibles con su consentimiento expreso. Puede retirar su consentimiento en cualquier momento. Un correo electr\u00f3nico informal es suficiente. La legalidad del procesamiento de datos realizado antes de la revocaci\u00f3n no se ve afectada por la revocaci\u00f3n.<\/p>\n<h3><\/h3>\n<h3><\/h3>\n<h3>Derecho de recurso ante la autoridad supervisora responsable<\/h3>\n<p>En caso de violaciones de la ley de protecci\u00f3n de datos, el interesado tiene derecho a presentar una queja ante la autoridad de control competente. La autoridad supervisora responsable de las cuestiones de protecci\u00f3n de datos es el oficial de protecci\u00f3n de datos estatal del estado federal en el que se encuentra nuestra empresa. Puede encontrar una lista de los oficiales de protecci\u00f3n de datos y sus datos de contacto en el siguiente enlace:<span>\u00a0<\/span><a href=\"https:\/\/www.bfdi.bund.de\/DE\/Infothek\/Anschriften_Links\/anschriften_links-node.html\" target=\"_blank\" rel=\"noopener\">https:\/\/www.bfdi.bund.de\/DE\/Infothek\/Anschriften_Links\/anschriften_links-node.html<\/a>.<\/p>\n<h3><\/h3>\n<h3><\/h3>\n<h3>Derecho a la portabilidad de datos<\/h3>\n<p>Tiene derecho a que los datos que procesamos autom\u00e1ticamente sobre la base de su consentimiento o en cumplimiento de un contrato entregado a usted oa un tercero en un formato com\u00fan legible por m\u00e1quina. Si solicita la cesi\u00f3n directa de los datos a otro responsable, esta solo se har\u00e1 si es t\u00e9cnicamente viable.<\/p>\n<h3><\/h3>\n<h3><\/h3>\n<h3>Cifrado SSL o TLS<\/h3>\n<p>Por razones de seguridad y para proteger la transmisi\u00f3n de contenido confidencial, como pedidos o consultas que nos env\u00eda como operador del sitio, este sitio utiliza un SSL o. Cifrado TLS. Puede reconocer una conexi\u00f3n cifrada por el hecho de que la l\u00ednea de direcci\u00f3n del navegador cambia de &quot;https: \/\/&quot; a &quot;https: \/\/&quot; y por el s\u00edmbolo de candado en la l\u00ednea de su navegador.<\/p>\n<p>Si el cifrado SSL o TLS est\u00e1 activado, los datos que nos transmite no pueden ser le\u00eddos por terceros.<\/p>\n<h3><\/h3>\n<h3><\/h3>\n<h3>Informaci\u00f3n, bloqueo, eliminaci\u00f3n<\/h3>\n<p>En el marco de las disposiciones legales aplicables, tiene derecho a informaci\u00f3n gratuita sobre sus datos personales almacenados, su origen y destinatario y el prop\u00f3sito del procesamiento de datos y, si es necesario, el derecho a corregir, bloquear o eliminar estos datos. Puede ponerse en contacto con nosotros en cualquier momento en la direcci\u00f3n que figura en el aviso legal si tiene m\u00e1s preguntas sobre el tema de los datos personales.<\/p>\n<h3><\/h3>\n<h3><\/h3>\n<h3>Objeci\u00f3n al correo publicitario<\/h3>\n<p>Por la presente, nos oponemos al uso de los datos de contacto publicados como parte de la obligaci\u00f3n de impresi\u00f3n para el env\u00edo de publicidad y material informativo no solicitado. Los operadores de las p\u00e1ginas se reservan expresamente el derecho a emprender acciones legales en caso de env\u00edo no solicitado de informaci\u00f3n publicitaria, como correos electr\u00f3nicos no deseados.<\/p>\n<h2><\/h2>\n<h2><\/h2>\n<h2>3. Recopilaci\u00f3n de datos en nuestro sitio web<\/h2>\n<h3><\/h3>\n<h3><\/h3>\n<h3>Galletas<\/h3>\n<p>Algunos de los sitios web utilizan las llamadas cookies. Las cookies no da\u00f1an su computadora y no contienen virus. Las cookies sirven para hacer nuestra oferta m\u00e1s f\u00e1cil de usar, m\u00e1s efectiva y m\u00e1s segura. Las cookies son peque\u00f1os archivos de texto que se almacenan en su computadora y son guardados por su navegador.<\/p>\n<p>La mayor\u00eda de las cookies que utilizamos son las llamadas &quot;cookies de sesi\u00f3n&quot;. Se eliminan autom\u00e1ticamente despu\u00e9s de su visita. Otras cookies permanecen almacenadas en su dispositivo hasta que las borra. Estas cookies nos permiten reconocer su navegador la pr\u00f3xima vez que lo visite.<\/p>\n<p>Puede configurar su navegador para que est\u00e9 informado sobre la configuraci\u00f3n de cookies y permitir cookies solo en casos individuales, excluir la aceptaci\u00f3n de cookies para ciertos casos o en general, y activar la eliminaci\u00f3n autom\u00e1tica de cookies cuando cierra el navegador. Si se desactivan las cookies, la funcionalidad de este sitio web puede verse restringida.<\/p>\n<p>Las cookies que se requieren para llevar a cabo el proceso de comunicaci\u00f3n electr\u00f3nica o para proporcionar ciertas funciones que usted necesita (por ejemplo, la funci\u00f3n de carrito de compras) se almacenan sobre la base del Art. 6, p\u00e1rrafo 1 lit. f GDPR guardado. El operador del sitio web tiene un inter\u00e9s leg\u00edtimo en almacenar cookies para la prestaci\u00f3n optimizada y t\u00e9cnicamente libre de errores de sus servicios. En la medida en que se almacenen otras cookies (por ejemplo, cookies para analizar su comportamiento de navegaci\u00f3n), se tratar\u00e1n por separado en esta declaraci\u00f3n de protecci\u00f3n de datos.<\/p>\n<h3><\/h3>\n<h3><\/h3>\n<h3>Archivos de registro del servidor<\/h3>\n<p>El proveedor del sitio web recopila y almacena autom\u00e1ticamente informaci\u00f3n en los llamados archivos de registro del servidor, que su navegador nos transmite autom\u00e1ticamente. Estos son:<\/p>\n<ul>\n<li>Tipo de navegador y versi\u00f3n del navegador<\/li>\n<li>sistema operativo utilizado<\/li>\n<li>URL de referencia<\/li>\n<li>Nombre de host de la computadora que accede<\/li>\n<li>Hora de la solicitud del servidor<\/li>\n<li>direcci\u00f3n IP<\/li>\n<\/ul>\n<p>Estos datos no se combinan con otras fuentes de datos.<\/p>\n<p>La base para el procesamiento de datos es el Art. 6, p\u00e1rrafo 1 lit. b GDPR, que permite el procesamiento de datos para la ejecuci\u00f3n de un contrato o medidas precontractuales.<\/p>\n<h2><\/h2>\n<h2><\/h2>\n<h2>4. Herramientas de an\u00e1lisis y publicidad<\/h2>\n<h3><\/h3>\n<h3>Google analitico<\/h3>\n<p>Si ha dado su consentimiento, en este sitio web se utiliza Google Analytics, un servicio de an\u00e1lisis web proporcionado por Google LLC (&quot;Google&quot;). El uso incluye el modo de funcionamiento &quot;Universal Analytics&quot;. Esto hace posible asignar datos, sesiones e interacciones a trav\u00e9s de m\u00faltiples dispositivos a un ID de usuario seud\u00f3nimo y as\u00ed analizar las actividades de un usuario en todos los dispositivos.<\/p>\n<p>Google Analytics utiliza las llamadas &quot;cookies&quot;, archivos de texto que se almacenan en su ordenador y que permiten analizar su uso del sitio web. La informaci\u00f3n generada por la cookie sobre su uso de este sitio web generalmente se transfiere a un servidor de Google en los EE. UU. Y se almacena all\u00ed. Si la anonimizaci\u00f3n de IP est\u00e1 activada en este sitio web, Google acortar\u00e1 de antemano su direcci\u00f3n IP en los estados miembros de la Uni\u00f3n Europea o en otros estados contratantes del Acuerdo sobre el Espacio Econ\u00f3mico Europeo. La direcci\u00f3n IP completa solo se transmite a un servidor de Google en EE. UU. Y se acorta all\u00ed en casos excepcionales. Nos gustar\u00eda se\u00f1alar que Google Analytics se ha ampliado para incluir la anonimizaci\u00f3n de IP en este sitio web con el fin de garantizar la recopilaci\u00f3n an\u00f3nima de direcciones IP (el llamado enmascaramiento de IP). La direcci\u00f3n IP transmitida por su navegador como parte de Google Analytics no se fusionar\u00e1 con otros datos de Google. Para obtener m\u00e1s informaci\u00f3n sobre las condiciones de uso y la protecci\u00f3n de datos, consulte<span>\u00a0<\/span><a href=\"https:\/\/www.google.com\/analytics\/terms\/de.html\" target=\"_blank\" rel=\"noopener\">https:\/\/www.google.com\/analytics\/terms\/de.html<\/a><span>\u00a0<\/span>o debajo<span>\u00a0<\/span><a href=\"https:\/\/policies.google.com\/?hl=de\" target=\"_blank\" rel=\"noopener\">https:\/\/policies.google.com\/?hl=de<\/a>.<\/p>\n<p><strong>Finalidades del tratamiento<\/strong><\/p>\n<p>En nombre del operador de este sitio web, Google utilizar\u00e1 esta informaci\u00f3n para evaluar su uso del sitio web, para compilar informes sobre la actividad del sitio web y para proporcionar al operador del sitio web otros servicios relacionados con la actividad del sitio web y el uso de Internet.<\/p>\n<p><strong>Base legal<\/strong><\/p>\n<p>La base legal para el uso de Google Analytics es su consentimiento.<span>\u00a0<\/span><a href=\"https:\/\/dsgvo-gesetz.de\/art-6-dsgvo\/\" target=\"_blank\" rel=\"noopener\">Art. 6 p\u00e1rr. 1 oraci\u00f3n 1 lit. un GDPR<\/a>.<\/p>\n<p><strong>Destinatarios \/ categor\u00edas de destinatarios<\/strong><\/p>\n<p>El destinatario de los datos recopilados es Google.<\/p>\n<p><strong>Transferencia a terceros pa\u00edses<\/strong><\/p>\n<p>Los datos personales se transmiten a EE. UU. En virtud del Escudo de privacidad UE-EE. UU. Sobre la base de la decisi\u00f3n de adecuaci\u00f3n de la Comisi\u00f3n Europea. Puedes usar el certificado<span>\u00a0<\/span><a href=\"https:\/\/www.privacyshield.gov\/participant?id=a2zt000000001L5AAI\" target=\"_blank\" rel=\"noopener\">aqu\u00ed<\/a><span>\u00a0<\/span>recordar.<\/p>\n<p><strong>Duraci\u00f3n del almacenamiento de datos<\/strong><\/p>\n<p>Los datos enviados por nosotros y vinculados a cookies, ID de usuario (por ejemplo, ID de usuario) o ID de publicidad se eliminan autom\u00e1ticamente despu\u00e9s de 14 meses. La eliminaci\u00f3n de los datos cuyo per\u00edodo de conservaci\u00f3n ha expirado se realiza autom\u00e1ticamente una vez al mes.<\/p>\n<p><strong>Derechos afectados<\/strong><\/p>\n<p>Puede revocar su consentimiento en cualquier momento con efecto para el futuro evitando el almacenamiento de cookies configurando el software de su navegador en consecuencia; sin embargo, nos gustar\u00eda se\u00f1alar que en este caso es posible que no pueda utilizar todas las funciones de este sitio web en toda su extensi\u00f3n.<\/p>\n<p>Tambi\u00e9n puede evitar que Google recopile los datos generados por la cookie y relacionados con su uso del sitio web (incluida su direcci\u00f3n IP) y que procese estos datos por parte de Google.<span>\u00a0<\/span><a href=\"https:\/\/tools.google.com\/dlpage\/gaoptout?hl=de\" target=\"_blank\" rel=\"noopener\">Complemento del navegador<\/a><span>\u00a0<\/span>Descargar e instalar. Las cookies de exclusi\u00f3n voluntaria evitan la recopilaci\u00f3n futura de sus datos cuando visite este sitio web. Para evitar la recopilaci\u00f3n por parte de Universal Analytics en diferentes dispositivos, debe realizar la exclusi\u00f3n voluntaria en todos los sistemas utilizados. Si hace clic aqu\u00ed, se establecer\u00e1 la cookie de exclusi\u00f3n voluntaria:<span>\u00a0<\/span><a><strong>Desactivar Google Analytics<\/strong><\/a><\/p>\n<p><em><strong>\u00a0<\/strong><\/em><\/p>\n<h2>5. Complementos y herramientas<\/p>\n<\/h2>\n<h3>Youtube<\/h3>\n<p>Nuestro sitio web puede utilizar complementos del sitio de YouTube operado por Google. El operador de las p\u00e1ginas es YouTube, LLC, 901 Cherry Ave., San Bruno, CA 94066, EE. UU.\u00a0<span style=\"font-size: 14px;\">Si visita una de nuestras p\u00e1ginas equipadas con un complemento de YouTube, se establecer\u00e1 una conexi\u00f3n con los servidores de YouTube. Se informa al servidor de YouTube cu\u00e1l de nuestras p\u00e1ginas ha visitado.<\/span><\/p>\n<p>Si ha iniciado sesi\u00f3n en su cuenta de YouTube, habilita a YouTube para asignar su comportamiento de navegaci\u00f3n directamente a su perfil personal. Puede evitar esto cerrando sesi\u00f3n en su cuenta de YouTube.\u00a0<span style=\"font-size: 14px;\">YouTube se utiliza en aras de una presentaci\u00f3n atractiva de nuestras ofertas en l\u00ednea. Esto representa un inter\u00e9s leg\u00edtimo en el sentido del Art. 6, p\u00e1rrafo 1 lit. f GDPR.<\/span><\/p>\n<p>Puede encontrar m\u00e1s informaci\u00f3n sobre el manejo de los datos del usuario en la pol\u00edtica de privacidad de YouTube en:<span>\u00a0<\/span><a href=\"https:\/\/www.google.de\/intl\/de\/policies\/privacy\" target=\"_blank\" rel=\"noopener\">https:\/\/www.google.de\/intl\/de\/policies\/privacy<\/a>.<\/p>\n<p>&nbsp;<\/p>\n<p><a><strong><\/strong><\/a><\/p>\n<p>[\/ et_pb_text] [\/ et_pb_column] [\/ et_pb_row] [\/ et_pb_section]<\/p>","protected":false},"excerpt":{"rendered":"<p>1. Protecci\u00f3n de datos de un vistazo Informaci\u00f3n general La siguiente informaci\u00f3n proporciona una descripci\u00f3n general simple de lo que sucede con sus datos personales cuando visita nuestro sitio web. Los datos personales son todos los datos con los que se le puede identificar personalmente. Puede encontrar informaci\u00f3n detallada sobre el tema de la protecci\u00f3n de datos en nuestra declaraci\u00f3n de protecci\u00f3n de datos que se encuentra debajo de este texto. Recopilaci\u00f3n de datos en nuestro sitio web [...]<\/p>","protected":false},"author":1,"featured_media":2569,"parent":0,"menu_order":0,"comment_status":"closed","ping_status":"closed","template":"","meta":{"_acf_changed":false,"_et_pb_use_builder":"on","_et_pb_old_content":"","_et_gb_content_width":"","footnotes":""},"dipi_cpt_category":[],"class_list":["post-2514","page","type-page","status-publish","has-post-thumbnail","hentry"],"acf":[],"_links":{"self":[{"href":"https:\/\/flughafen-muenchen-riem.de\/es\/wp-json\/wp\/v2\/pages\/2514","targetHints":{"allow":["GET"]}}],"collection":[{"href":"https:\/\/flughafen-muenchen-riem.de\/es\/wp-json\/wp\/v2\/pages"}],"about":[{"href":"https:\/\/flughafen-muenchen-riem.de\/es\/wp-json\/wp\/v2\/types\/page"}],"author":[{"embeddable":true,"href":"https:\/\/flughafen-muenchen-riem.de\/es\/wp-json\/wp\/v2\/users\/1"}],"replies":[{"embeddable":true,"href":"https:\/\/flughafen-muenchen-riem.de\/es\/wp-json\/wp\/v2\/comments?post=2514"}],"version-history":[{"count":0,"href":"https:\/\/flughafen-muenchen-riem.de\/es\/wp-json\/wp\/v2\/pages\/2514\/revisions"}],"wp:featuredmedia":[{"embeddable":true,"href":"https:\/\/flughafen-muenchen-riem.de\/es\/wp-json\/wp\/v2\/media\/2569"}],"wp:attachment":[{"href":"https:\/\/flughafen-muenchen-riem.de\/es\/wp-json\/wp\/v2\/media?parent=2514"}],"wp:term":[{"taxonomy":"dipi_cpt_category","embeddable":true,"href":"https:\/\/flughafen-muenchen-riem.de\/es\/wp-json\/wp\/v2\/dipi_cpt_category?post=2514"}],"curies":[{"name":"wp","href":"https:\/\/api.w.org\/{rel}","templated":true}]}}