{"id":194,"date":"2018-12-25T14:40:16","date_gmt":"2018-12-25T13:40:16","guid":{"rendered":"https:\/\/flughafen-muenchen-riem.de\/?page_id=194"},"modified":"2024-03-06T19:51:50","modified_gmt":"2024-03-06T18:51:50","slug":"impressum","status":"publish","type":"page","link":"https:\/\/flughafen-muenchen-riem.de\/es\/impressum\/","title":{"rendered":"imprimir"},"content":{"rendered":"<p>[et_pb_section fb_built=\u201c1\u2033 _builder_version=\u201c4.16\u2033 global_colors_info=\u201c{}\u201c][et_pb_row _builder_version=\u201c4.16\u2033 global_colors_info=\u201c{}\u201c][et_pb_column type=\u201c4_4\u2033 _builder_version=\u201c4.16\u2033 custom_padding=&quot;|||&quot; global_colors_info=&quot;{}&quot; custom_padding__hover=&quot;|||&quot;][et_pb_text _builder_version=&quot;4.24.2\u2033 text_text_color=&quot;#3f3f3f&quot; background_color=&quot;rgba(255,229,0,0.22)&quot; custom_padding=&quot;48px|48px|48px|48px|true|true&quot; hover_enabled=&quot;0\u2033 ancho_del_borde_todos=&quot;6px&quot; color_del_borde_todos=&quot;#E09900\u2033 informaci\u00f3n_de_colores_globales=&quot;{}&quot; habilitado_fijo=&quot;0\u2033]<\/p>\n<h2>\u00a1Sin alquileres \/ eventos en el aeropuerto y filmaciones!<\/h2>\n<p><strong>Este es un archivo privado en l\u00ednea. Dado que el aeropuerto de M\u00fanich-Riem ha sido desmantelado casi por completo, l\u00f3gicamente NO se puede alquilar el aeropuerto para eventos, celebraciones, carreras, aterrizajes, rodajes, etc.<\/strong><\/p>\n<p>La mayor parte del antiguo aeropuerto es ahora el &quot;Neue <a href=\"https:\/\/messe-muenchen.de\/\" target=\"_blank\" rel=\"noopener\">Exposici\u00f3n M\u00fanich<\/a>&#8222;.<\/p>\n<p>Sin embargo, todav\u00eda se conservan algunos objetos catalogados del antiguo aeropuerto de M\u00fanich.<\/p>\n<p>Si es necesario, los interesados deben comunicarse con las siguientes oficinas:<\/p>\n<p><span><\/span><\/p>\n<ul>\n<li><strong>Tower Airport-Riem<\/strong> (<a href=\"https:\/\/www.brainlab.com\/de\/kontakt\/\" target=\"_blank\" rel=\"nofollow noopener\">Brainlab AG, Olof-Palme-Strasse 9, 81829 M\u00fanich<\/a>)<\/li>\n<li><strong>Sal\u00f3n de los escudos de armas Aeropuerto-Riem<\/strong> (<a href=\"https:\/\/www.wappenhalle-muenchen.de\/historie\/\" target=\"_blank\" rel=\"nofollow noopener\"><span>WappenhalleM\u00fcnchen GmbH,\u00a0<\/span><span>Hubertusstrasse 4,\u00a0<\/span><\/a><span><a href=\"https:\/\/www.wappenhalle-muenchen.de\/historie\/\" target=\"_blank\" rel=\"noopener\">85661 Forstinning<\/a>)<\/span><\/li>\n<li><strong>Auditorio con Buga Lounge<\/strong> (<a href=\"https:\/\/www.muenchen.de\/rathaus\/Stadtverwaltung\/baureferat.html\" target=\"_blank\" rel=\"nofollow noopener\">Ciudad de M\u00fanich, Departamento de Construcci\u00f3n, Friedenstra\u00dfe 40, 81671 M\u00fanich<\/a>)<\/li>\n<li><strong>Restos de pista - parte del antiguo sitio de BUGA <\/strong>(<a href=\"https:\/\/stadt.muenchen.de\/buergerservice\/freizeit-hobby\/eventmanagement\/anmeldung.html\" target=\"_blank\" rel=\"noopener\">KVR M\u00fanich<\/a> \u2013 NOTA IMPORTANTE: Dado que el \u00e1rea del antiguo SLB est\u00e1 ubicada en medio de una reserva natural, las solicitudes para eventos o uso comercial lamentablemente NO pueden ser aprobadas de acuerdo con la autoridad inferior de conservaci\u00f3n de la naturaleza. A partir de: 03\/2024)<\/li>\n<\/ul>\n<p>[\/et_pb_text][\/et_pb_column][\/et_pb_row][et_pb_row estructura_columna=\u201c1_2,1_2\u2033 _builder_version=\u201c4.16\u2033 global_colors_info=\u201c{}\u201c][et_pb_column tipo=\u201c1_2\u2033 _builder_version=\u201c4.16\u2033 relleno_personalizado=&quot;|||&quot; informaci\u00f3n_global_colors=\u201d{}\u201d relleno_personalizado__hover=\u201d|||\u201d][et_pb_text _builder_version=\u201d4.16\u2033 informaci\u00f3n_global_colors=\u201d{}\u201d]<\/p>\n<h2>imprimir<\/h2>\n<p>Carsten Tauber<br \/>Lerchenfeldstr. 15<br \/>94060 Pocking<\/p>\n<p>Tel\u00e9fono: +49 (0) 8531\/978 588-0<br \/>Fax: +49 (0) 8531\/978 588 - 8<br \/>Email: <a href=\"mailto:info@greatsolution.de\">tower@flughafen-riem.de<\/a><\/p>\n<p>&nbsp;<\/p>\n<p><strong>Responsable del contenido<\/strong><\/p>\n<p>Carsten Tauber<br \/>Lerchenfeldstr. 15<br \/>94060 Pocking<\/p>\n<p>Tel\u00e9fono: +49 (0) 8531\/978 588-0<br \/>Fax: +49 (0) 8531\/978 588 - 8<br \/>Email: <a href=\"mailto:info@greatsolution.de\">tower@flughafen-riem.de<\/a><\/p>\n<p>[\/et_pb_text][\/et_pb_column][et_pb_column type=\u201c1_2\u2033 _builder_version=\u201c4.16\u2033 custom_padding=\u201c|||\u201c global_colors_info=\u201d{}\u201d custom_padding__hover=\u201d|||\u201d][et_pb_text _builder_version=\u201d4.16\u2033 global_colors_info=\u201d{}\u201d]<\/p>\n<p><strong>Responsabilidad por el contenido<\/strong><\/p>\n<p>Como proveedor de servicios, soy responsable de mi propio contenido en estas p\u00e1ginas de acuerdo con la ley general. Sin embargo, como proveedor de servicios, no estamos obligados a controlar la informaci\u00f3n de terceros transmitida o almacenada ni a investigar las circunstancias que indiquen una actividad ilegal. Las obligaciones de eliminar o bloquear el uso de informaci\u00f3n de acuerdo con las leyes generales no se ven afectadas. Sin embargo, la responsabilidad a este respecto solo es posible a partir del momento en que tengamos conocimiento de una infracci\u00f3n legal espec\u00edfica. Tan pronto como tengamos conocimiento de dichas infracciones legales, eliminaremos este contenido de inmediato.<\/p>\n<p>El proyecto de archivo en l\u00ednea del aeropuerto de Munich-Riem fue aprobado oficialmente por Flughafen M\u00fcnchen GmbH (FMG) en 2011. El archivo en l\u00ednea se gestiona de forma completamente independiente y privada y, por lo tanto, no se corresponde autom\u00e1ticamente con la opini\u00f3n de Flughafen M\u00fcnchen GmbH en t\u00e9rminos de contenido.<\/p>\n<p><strong>Responsabilidad por enlaces<\/strong><\/p>\n<p>Mi oferta contiene enlaces a sitios web externos de terceros, sobre cuyo contenido no tengo ninguna influencia. Por lo tanto, no puedo aceptar ninguna responsabilidad por este contenido de terceros. El respectivo proveedor u operador de las p\u00e1ginas es siempre responsable del contenido de las p\u00e1ginas enlazadas. Las p\u00e1ginas vinculadas se revisaron para detectar posibles infracciones legales en el momento en que se vincularon. No se encontr\u00f3 contenido ilegal en el momento en que se cre\u00f3 el enlace. Sin embargo, el monitoreo permanente del contenido de las p\u00e1ginas vinculadas no es razonable sin evidencia concreta de una violaci\u00f3n de la ley. Tan pronto como tengamos conocimiento de violaciones legales, eliminaremos dichos enlaces de inmediato.<\/p>\n<p><strong>derechos de autor<\/strong><\/p>\n<p>El contenido y las obras que he creado en estas p\u00e1ginas est\u00e1n sujetos a la ley de derechos de autor alemana. La reproducci\u00f3n, procesamiento, distribuci\u00f3n y cualquier tipo de explotaci\u00f3n fuera de los l\u00edmites de la ley de derechos de autor requieren el consentimiento por escrito del autor o creador respectivo. Las descargas y copias de este sitio web solo est\u00e1n permitidas para uso privado y no comercial. Los logotipos hist\u00f3ricos &quot;Flughafen-M\u00fcnchen&quot; se pusieron amablemente a disposici\u00f3n del archivo en l\u00ednea para su uso por Flughafen M\u00fcnchen GmbH - Departamento de Comunicaci\u00f3n Corporativa.<\/p>\n<p>En la medida en que el contenido de esta p\u00e1gina no haya sido creado por m\u00ed, se respetan los derechos de autor de terceros. En particular, los contenidos de terceros est\u00e1n marcados como tales. No obstante, si tiene conocimiento de una infracci\u00f3n de derechos de autor, le rogamos que nos lo notifique. Tan pronto como tengamos conocimiento de violaciones legales, eliminaremos dicho contenido de inmediato.<\/p>\n<p>[\/ et_pb_text] [\/ et_pb_column] [\/ et_pb_row] [\/ et_pb_section]<\/p>","protected":false},"excerpt":{"rendered":"<p>\u00a1Prohibido alquilar el aeropuerto para eventos o filmaciones! Este es un archivo privado en l\u00ednea. Dado que el Aeropuerto de M\u00fanich-Riem ha sido demolido casi por completo, no se puede alquilar para eventos, fiestas, carreras, aterrizajes, filmaciones, etc. La mayor parte del antiguo recinto aeroportuario es ahora el &quot;Nuevo Recinto Ferial de M\u00fanich&quot;. Sin embargo, algunos edificios protegidos del antiguo Aeropuerto de M\u00fanich [\u2026]<\/p>","protected":false},"author":1,"featured_media":2569,"parent":0,"menu_order":0,"comment_status":"closed","ping_status":"closed","template":"","meta":{"_acf_changed":false,"_et_pb_use_builder":"on","_et_pb_old_content":"","_et_gb_content_width":"","footnotes":""},"dipi_cpt_category":[],"class_list":["post-194","page","type-page","status-publish","has-post-thumbnail","hentry"],"acf":[],"_links":{"self":[{"href":"https:\/\/flughafen-muenchen-riem.de\/es\/wp-json\/wp\/v2\/pages\/194","targetHints":{"allow":["GET"]}}],"collection":[{"href":"https:\/\/flughafen-muenchen-riem.de\/es\/wp-json\/wp\/v2\/pages"}],"about":[{"href":"https:\/\/flughafen-muenchen-riem.de\/es\/wp-json\/wp\/v2\/types\/page"}],"author":[{"embeddable":true,"href":"https:\/\/flughafen-muenchen-riem.de\/es\/wp-json\/wp\/v2\/users\/1"}],"replies":[{"embeddable":true,"href":"https:\/\/flughafen-muenchen-riem.de\/es\/wp-json\/wp\/v2\/comments?post=194"}],"version-history":[{"count":0,"href":"https:\/\/flughafen-muenchen-riem.de\/es\/wp-json\/wp\/v2\/pages\/194\/revisions"}],"wp:featuredmedia":[{"embeddable":true,"href":"https:\/\/flughafen-muenchen-riem.de\/es\/wp-json\/wp\/v2\/media\/2569"}],"wp:attachment":[{"href":"https:\/\/flughafen-muenchen-riem.de\/es\/wp-json\/wp\/v2\/media?parent=194"}],"wp:term":[{"taxonomy":"dipi_cpt_category","embeddable":true,"href":"https:\/\/flughafen-muenchen-riem.de\/es\/wp-json\/wp\/v2\/dipi_cpt_category?post=194"}],"curies":[{"name":"wp","href":"https:\/\/api.w.org\/{rel}","templated":true}]}}