{"id":10,"date":"2018-12-20T20:02:24","date_gmt":"2018-12-20T19:02:24","guid":{"rendered":"https:\/\/flughafen-muenchen-riem.de\/?page_id=10"},"modified":"2023-05-01T17:39:13","modified_gmt":"2023-05-01T15:39:13","slug":"10-2","status":"publish","type":"page","link":"https:\/\/flughafen-muenchen-riem.de\/es\/","title":{"rendered":"Archivo online del antiguo aeropuerto de Munich-Riem"},"content":{"rendered":"<p>[et_pb_section fb_built=&quot;1&quot; _builder_version=&quot;4.16&quot; custom_padding=&quot;93px|0px|161px|0px|false|false&quot; global_colors_info=&quot;{}&quot;][et_pb_row _builder_version=&quot;4.16&quot; custom_padding=&quot;0|0px|29px|0px|false|false&quot; global_colors_info=&quot;{}&quot;][et_pb_column type=&quot;4_4&quot; _builder_version=&quot;4.16&quot; custom_padding=&quot;|||&quot; global_colors_info=&quot;{}&quot; custom_padding__hover=&quot;|||&quot;][et_pb_text module_class=&quot;dos columnas&quot; _builder_version=&quot;4.16&quot; link_font=&quot;||||||||&quot; informaci\u00f3n_global_colores=\u201c{}\u201c]<\/p>\n<h1>Aeropuerto de Munich-Riem<\/h1>\n<p><strong>Durante casi 53 a\u00f1os, el aeropuerto de Riem fue el aeropuerto internacional de la capital b\u00e1vara, M\u00fanich. En los 19197 d\u00edas transcurridos entre la apertura y el cierre del 16 de mayo de 1992, se manejaron alrededor de 250 millones de pasajeros a\u00e9reos, 900.000 toneladas de carga a\u00e9rea y 330.000 toneladas de correo a\u00e9reo con 4 millones de movimientos de aeronaves.<\/strong><\/p>\n<p>&nbsp;<\/p>\n<h2>Historia del aeropuerto de Munich-Riem<\/h2>\n<p>&nbsp;<\/p>\n<h3>1936: Munich necesita un nuevo aeropuerto<\/h3>\n<p>La historia del aeropuerto de Munich-Riem comienza en 1936. En ese a\u00f1o se determin\u00f3 que el aer\u00f3dromo de Oberwiesenfeld, inaugurado en 1919, ya no cumplir\u00eda con los requisitos de la aviaci\u00f3n moderna, ya que no hab\u00eda espacio para ampliaciones y renovaciones. Un destino que tambi\u00e9n superar\u00eda al aeropuerto de M\u00fanich-Riem muy r\u00e1pidamente (en tiempos de paz), pero una cosa a la vez: se elige a Riem como la ubicaci\u00f3n del nuevo aeropuerto de M\u00fanich. La construcci\u00f3n comenz\u00f3 un a\u00f1o despu\u00e9s, la apertura est\u00e1 programada para septiembre de 1939.<\/p>\n<h3>1939: puesta en marcha vacilante del aeropuerto de Munich-Riem<\/h3>\n<p>El aeropuerto de M\u00fanich en el distrito de Riem, que entr\u00f3 en funcionamiento el 25 de octubre de 1939, era uno de los aeropuertos m\u00e1s modernos del mundo en ese momento y reemplaz\u00f3 al aer\u00f3dromo de Oberwiesenfeld. Incluso en ese momento, Munich era un verdadero centro de vuelos hacia el sur y el sureste.<\/p>\n<p>La apertura del aeropuerto de M\u00fanich-Riem se plane\u00f3 originalmente para el 1 de septiembre de 1939 como aeropuerto civil, fecha hist\u00f3rica en la que, como es bien sabido, estall\u00f3 la Segunda Guerra Mundial. Adem\u00e1s, la escasez de mano de obra y las cuotas materiales, que ya se notaban en 1938, provocaron un retraso de casi 2 meses para la aviaci\u00f3n civil. Por lo tanto, el prop\u00f3sito real, servir como un centro pac\u00edfico para la aviaci\u00f3n civil, se le neg\u00f3 al aeropuerto de M\u00fanich, porque durante la Segunda Guerra Mundial tambi\u00e9n fue un aer\u00f3dromo para la Luftwaffe y, entre otras cosas, tambi\u00e9n sirvi\u00f3 para el mantenimiento y reparaci\u00f3n de la aeronave. motores de Lufthansa y Luftwaffe.<\/p>\n<h3>1945: Destrucci\u00f3n del aeropuerto de Munich-Riem<\/h3>\n<p>En el transcurso de la Segunda Guerra Mundial, el aeropuerto de Munich tambi\u00e9n fue bombardeado varias veces. El 24 de marzo de 1945, alrededor de 80 aviones aliados se dirigieron a la zona del aeropuerto. El objetivo de la destrucci\u00f3n era el propio aeropuerto, la estaci\u00f3n de transmisi\u00f3n de radio entre Gronsdorf y Salmdorf, as\u00ed como la l\u00ednea ferroviaria entre Gronsdorf y Trudering y los alrededores del distrito de Riem en M\u00fanich.<\/p>\n<p>Entre el 9 de abril y el 1 de mayo de 1945, siguieron m\u00e1s ataques a\u00e9reos contra el nuevo aeropuerto de Munich-Riem y el distrito de Munich-Riem. Al final de la Segunda Guerra Mundial, el aeropuerto de Munich 70% fue destruido, como resultado, el 9 de abril de 1945, las operaciones de vuelo civil de las \u00fanicas dos aerol\u00edneas Swissair y Lufthansa tuvieron que interrumpirse. En mayo de 1945, el aeropuerto fue ocupado por tropas estadounidenses. EE. UU. Construy\u00f3 una pista de aterrizaje hecha de placas de acero sobre el asfalto de hierba que era habitual en ese momento.<\/p>\n<p>Durante los primeros a\u00f1os de la posguerra, los servicios regulares desempe\u00f1aron un papel subordinado. Los alemanes rara vez pod\u00edan participar en viajes a\u00e9reos, ya que los billetes de avi\u00f3n solo pod\u00edan pagarse en moneda extranjera. Primero el <a href=\"https:\/\/de.wikipedia.org\/wiki\/W%C3%A4hrungsreform_1948_(Westdeutschland)\" target=\"_blank\" rel=\"noopener\">Reforma monetaria del 21 de junio de 1948<\/a> cre\u00f3 los requisitos previos para poder volver a participar en el tr\u00e1fico a\u00e9reo civil como ciudadano de la RFA en el futuro.\u00a0<\/p>\n<h3><\/h3>\n<h3>1950: Crecimiento en el aeropuerto de Munich-Riem<\/h3>\n<p>El 22 de noviembre de 1949 se inaugur\u00f3 oficialmente la nueva pista de hormig\u00f3n de 1900 metros de longitud. El aeropuerto de Munich Riem se orient\u00f3 as\u00ed hacia el crecimiento en 1950, que comenz\u00f3 con 28.970 pasajeros en 1949. Aproximadamente un mes antes de la apertura de la nueva pista, Flughafen M\u00fcnchen-Riem GmbH (rebautizada como Flughafen M\u00fcnchen GmbH en 1969) fue fundada el 12 de octubre de 1949. Todo estaba a punto de reiniciarse y s\u00ed, el aeropuerto de M\u00fanich despeg\u00f3: solo diez a\u00f1os despu\u00e9s, la pista del aeropuerto de M\u00fanich tuvo que renovarse, esta vez para ampliarla a 2.600 metros para cumplir con los requisitos de la era del tr\u00e1fico de aviones. Con la era de los aviones a reacci\u00f3n, el n\u00famero de pasajeros creci\u00f3 r\u00e1pidamente.<\/p>\n<h3>1955: Capacidad, seguridad y bienestar al l\u00edmite<\/h3>\n<p>Solo cinco a\u00f1os despu\u00e9s, en 1954, se est\u00e1n examinando opciones para ampliar a\u00fan m\u00e1s el aeropuerto de Riem y equiparlo con una segunda pista. Dado que el aeropuerto est\u00e1 alcanzando repetidamente sus l\u00edmites de capacidad debido al tr\u00e1fico a\u00e9reo en constante aumento y los movimientos de vuelo en constante aumento, este paso parece ser de urgencia.<\/p>\n<p>Sobre todo debido a los accidentes a\u00e9reos de 1958 y 1960, se rechaz\u00f3 la ampliaci\u00f3n del antiguo aeropuerto, porque la proximidad de las instalaciones del aeropuerto al centro de la ciudad de M\u00fanich tambi\u00e9n planteaba un riesgo de seguridad cada vez mayor. Despu\u00e9s de todo, la distancia entre los terrenos del aeropuerto en el al este de M\u00fanich y el centro de M\u00fanich estaba en el centro de la ciudad siempre ha estado a s\u00f3lo 10 kil\u00f3metros y M\u00fanich se acerca cada vez m\u00e1s al aeropuerto.<\/p>\n<p>El 5 de agosto de 1969 se tom\u00f3 la decisi\u00f3n de construir el nuevo aeropuerto de Munich &quot;MUC II&quot; en Erdinger Moos. Hasta entonces, el aeropuerto de Riem tendr\u00e1 que aguantar otros 23 a\u00f1os ... \u00a1y se acercan los Juegos Ol\u00edmpicos de Verano de 1972!<\/p>\n<h3>1972: los Juegos Ol\u00edmpicos de M\u00fanich - prueba de resistencia para el aeropuerto de Riem<\/h3>\n<p>El aeropuerto de M\u00fanich-Riem se ha ampliado en los \u00faltimos a\u00f1os con las llamadas medidas puente, en particular con una construcci\u00f3n ligera temporal en preparaci\u00f3n para el aumento del n\u00famero de vuelos. La capacidad de manipulaci\u00f3n se duplic\u00f3 una vez finalizada la obra. Seg\u00fan la planificaci\u00f3n, el aeropuerto de Riem pudo manejar alrededor de 6 millones de pasajeros al a\u00f1o.<\/p>\n<h3>1988: Un \u00faltimo edificio nuevo en <span>Flughafen-Riem - uno <\/span>Tarea de mamut<span> para el control del tr\u00e1fico a\u00e9reo<\/span><\/h3>\n<p><span>En noviembre de 1980, finalmente comenz\u00f3 la construcci\u00f3n del aeropuerto Franz Josef Strauss MUC II en Erdinger Moss. En 1981, sin embargo, las obras de construcci\u00f3n tuvieron que pararse abruptamente. \u00a1La construcci\u00f3n legal se congela por un tiempo desconocido!\u00a0<\/span><\/p>\n<p><span>Sin embargo, en 1983, el n\u00famero anual de pasajeros de 6 millones de viajeros en el aeropuerto de Riemer se supera regularmente: Riem est\u00e1 a punto de reventar y el tan esperado nuevo aeropuerto Franz Josef Strauss MUC II probablemente no estar\u00e1 listo para 1988. <\/span><\/p>\n<p><span>En noviembre de 1988, la Terminal 2 se abri\u00f3 apresuradamente para vuelos ch\u00e1rter para poder superar el congelamiento de la construcci\u00f3n en Erdinger Moos, que por cierto dur\u00f3 4 a\u00f1os; el a\u00f1o pasado, m\u00e1s de 12 millones (!) Se registraron movimientos de pasajeros en Riem, un promedio de 520 movimientos de vuelo por d\u00eda con una sola pista.<\/span><\/p>\n<h3>1992: el aeropuerto de Riem se convierte en una milla de fiesta relajada<\/h3>\n<p><span>23 a\u00f1os despu\u00e9s de la decisi\u00f3n de construir un nuevo aeropuerto de M\u00fanich, el aeropuerto de M\u00fanich se traslada a Erdinger Moos durante la noche el 16 de mayo de 1992: el aeropuerto Franz Josef Strauss MUC se hace cargo de las operaciones y las operaciones de vuelo en Riem pueden interrumpirse. <\/span><\/p>\n<p>En los a\u00f1os posteriores a su cierre, el antiguo aeropuerto de Riem se utilizar\u00e1 inicialmente como lugar para eventos y \u00e1rea de mercado de pulgas.<\/p>\n<h3>1994: el aeropuerto de M\u00fanich se derrumba, se crea la ciudad ferial de Riem<\/h3>\n<p>A partir de 1994, el nuevo recinto ferial y el Messestadt Riem con el Parque Riemer, que anteriormente formaba parte del Sal\u00f3n Federal de Horticultura 2005, se construyeron en el antiguo recinto del aeropuerto. Poco a poco, los edificios, caminos y pistas de aterrizaje van desapareciendo para dar cabida al nuevo Recinto Ferial de M\u00fanich.<\/p>\n<p>Hoy en d\u00eda, solo la torre del aeropuerto, la tribuna y la sala del escudo de armas, que se colocaron bajo la protecci\u00f3n de los monumentos en 1995, recuerdan al antiguo aeropuerto de Riem:\u00a0<a href=\"https:\/\/flughafen-muenchen-riem.de\/es\/relikte\/\" rel=\"noopener noreferrer\" target=\"_blank\">Restos del antiguo aeropuerto de Munich-Riem<\/a>. Tambi\u00e9n hay una peque\u00f1a pista en el oeste de la ciudad ferial, un peque\u00f1o recordatorio de la pista que alguna vez fue de 2.804 metros de largo en el aeropuerto de Munich-Riem.<\/p>\n<h2><\/h2>\n<p>[\/et_pb_text][\/et_pb_column][\/et_pb_row][et_pb_row _builder_version=\u201c4.16\u2033 custom_padding=\u201c76px|0px|29px|0px|false|false\u201c global_colors_info=\u201c{}\u201c][et_pb_column type=\u201c4_4\u2033 _builder_version=\u201c4.16\u2033 custom_padding=\u201c|||\u201c Informaci\u00f3n global de colores=\u201d{}\u201d Relleno personalizado__hover=\u201d|||\u201d][et_pb_text _builder_version=\u201d4.16\u2033 Informaci\u00f3n global de colores=\u201d{}\u201d]<\/p>\n<h2>Noticias sobre los aeropuertos de Munich y Riem<\/h2>\n<p>[\/et_pb_text][et_pb_blog fullwidth=\u201doff\u201d posts_number=\u201d6\u2033 include_categories=\u201dall\u201d meta_date=\u201ddmY\u201d show_more=\u201don\u201d show_author=\u201doff\u201d show_categories=\u201doff\u201d _builder_version=\u201d4.16\u2033 header_font=\u201d||||||||\u201d tama\u00f1o de fuente del encabezado=\u201c15px\u201d fuente del cuerpo=\u201c||||||||\u201c tama\u00f1o_de_fuente_del_cuerpo=&quot;12px&quot; meta_fuente=&quot;||||||||&quot; meta_font_size=&quot;10px&quot; pagination_font=&quot;||||||||&quot; color_de_fondo=&quot;rgba(0,0,0,0.04)&quot; margen_personalizado=&quot;0px|0px|0px|0px&quot; relleno_personalizado=&quot;60px|40px|40px|40px&quot; estilo_animaci\u00f3n=&quot;desvanecimiento&quot; estilo_sombra_cuadro=&quot;preajuste2\u2033 sombra_cuadro_horizontal=&quot;12px&quot; sombra_cuadro_vertical=&quot;11px&quot; desenfoque_sombra_cuadro=&quot;41px&quot; extensi\u00f3n_sombra_cuadro=-8px&quot; informaci\u00f3n_colores_globales=&quot;{}&quot;][\/et_pb_blog][\/et_pb_column][\/et_pb_row][\/et_pb_section]<\/p>","protected":false},"excerpt":{"rendered":"<p>Durante casi 53 a\u00f1os, el aeropuerto de M\u00fanich-Riem fue el aeropuerto internacional de la capital b\u00e1vara, M\u00fanich, antes de ser trasladado a Erdinger Moos en 1992, una mirada al antiguo aeropuerto de M\u00fanich en Riem.<\/p>","protected":false},"author":1,"featured_media":6873,"parent":0,"menu_order":0,"comment_status":"closed","ping_status":"closed","template":"","meta":{"_acf_changed":false,"_et_pb_use_builder":"on","_et_pb_old_content":"","_et_gb_content_width":"","footnotes":""},"dipi_cpt_category":[],"class_list":["post-10","page","type-page","status-publish","has-post-thumbnail","hentry"],"acf":[],"_links":{"self":[{"href":"https:\/\/flughafen-muenchen-riem.de\/es\/wp-json\/wp\/v2\/pages\/10","targetHints":{"allow":["GET"]}}],"collection":[{"href":"https:\/\/flughafen-muenchen-riem.de\/es\/wp-json\/wp\/v2\/pages"}],"about":[{"href":"https:\/\/flughafen-muenchen-riem.de\/es\/wp-json\/wp\/v2\/types\/page"}],"author":[{"embeddable":true,"href":"https:\/\/flughafen-muenchen-riem.de\/es\/wp-json\/wp\/v2\/users\/1"}],"replies":[{"embeddable":true,"href":"https:\/\/flughafen-muenchen-riem.de\/es\/wp-json\/wp\/v2\/comments?post=10"}],"version-history":[{"count":0,"href":"https:\/\/flughafen-muenchen-riem.de\/es\/wp-json\/wp\/v2\/pages\/10\/revisions"}],"wp:featuredmedia":[{"embeddable":true,"href":"https:\/\/flughafen-muenchen-riem.de\/es\/wp-json\/wp\/v2\/media\/6873"}],"wp:attachment":[{"href":"https:\/\/flughafen-muenchen-riem.de\/es\/wp-json\/wp\/v2\/media?parent=10"}],"wp:term":[{"taxonomy":"dipi_cpt_category","embeddable":true,"href":"https:\/\/flughafen-muenchen-riem.de\/es\/wp-json\/wp\/v2\/dipi_cpt_category?post=10"}],"curies":[{"name":"wp","href":"https:\/\/api.w.org\/{rel}","templated":true}]}}