{"id":6381,"date":"2021-11-09T01:03:17","date_gmt":"2021-11-09T00:03:17","guid":{"rendered":"https:\/\/flughafen-muenchen-riem.de\/?page_id=6381"},"modified":"2021-11-09T01:14:47","modified_gmt":"2021-11-09T00:14:47","slug":"riem-geschichte","status":"publish","type":"page","link":"https:\/\/flughafen-muenchen-riem.de\/cs\/riem-geschichte\/","title":{"rendered":"Mnichov \u2013 Riem"},"content":{"rendered":"<p>[et_pb_section fb_built=\u201d1\u2033 _builder_version=\u201d3.22\u2033 custom_padding=\u201d137px|0px|161px|0px|false|false\u201d global_colors_info=\u201d{}\u201d][et_pb_row _builder_version=\u201d3.25\u2033 custom_padding=&quot;0|0px|29px|0|false|false&quot; global_colors_info=&quot;{}&quot;][et_pb_column type=&quot;4_4\u2033 _builder_version=&quot;3.25\u2033 custom_padding=&quot;|||&quot; global_colors_info=&quot;{}&quot; custom_padding__hover=&quot;|||&quot;][et_pb_text module_class=&quot;dva sloupce&quot; _builder_version=&quot;4.13.0\u2033 link_font=&quot;|||||||&quot; global_colors_info=&quot;{}&quot;]<\/p>\n<p><strong>Riem se nach\u00e1z\u00ed asi 7 km v\u00fdchodn\u011b od centra Mnichova a spolu s Trudering tvo\u0159\u00ed m\u011bstskou \u010d\u00e1st 15 Trudering-Riem<\/strong><\/p>\n<h2>Riem p\u0159ed rokem 1900: historick\u00e1 fakta o Riem<\/h2>\n<p>Prvn\u00ed p\u00edsemn\u00e1 zm\u00ednka o dne\u0161n\u00edm Riem je datov\u00e1na do roku 788. P\u016fvodn\u00ed n\u00e1zev Riema, kter\u00fd vznikl kolem 9. stolet\u00ed, je vysledov\u00e1n a\u017e k v\u00fdznamu \u201ep\u00e1s\u201c. Mo\u017en\u00e1 proto, \u017ee p\u016fvodn\u00ed vesnice Riema se sv\u00fdmi dvory byla postavena kolem kostela svat\u00e9ho Martina v dne\u0161n\u00edm Trudering-Riem od roku 1183 jako \u0159emen.<\/p>\n<p>Od roku 1158 proch\u00e1zela vesnic\u00ed Riem soln\u00e1 cesta Reichenhall-Augsburg a p\u0159iv\u00e1\u017eela 5000 voz\u016f ro\u010dn\u011b. V roce 1644 Thurn und Taxis postavili po\u0161tovn\u00ed a p\u0159epojovac\u00ed stanici a v roce 1881 darovala obec Dornach Riem vlastn\u00ed \u0161koln\u00ed budovu.<\/p>\n<p>Od roku 1818 byl Riem samostatnou obc\u00ed, pozd\u011bji byl na n\u011bjakou dobu p\u0159id\u011blen k obci Dornach. Dostihov\u00e1 dr\u00e1ha v Riem byla postavena v letech 1895 a\u017e 1897.<\/p>\n<h2>Riem 1937: Um\u00edst\u011bn\u00ed nov\u00e9ho leti\u0161t\u011b v Mnichov\u011b<\/h2>\n<p>V roce 1936 byl Riem jmenov\u00e1n nov\u00fdm leti\u0161t\u011bm pot\u00e9, co star\u00e9 leti\u0161t\u011b v Oberwiesenfeldu nemohlo b\u00fdt roz\u0161\u00ed\u0159eno kv\u016fli nedostatku m\u00edsta a jeho bl\u00edzkosti k centru Mnichova. 1. ledna 1937 byl Riem za\u010dlen\u011bn do metropolitn\u00ed oblasti Mnichova kv\u016fli v\u00fdstavb\u011b leti\u0161t\u011b.<\/p>\n<p>Po dvou letech v\u00fdstavby bylo 1. z\u00e1\u0159\u00ed 1939 otev\u0159eno nov\u00e9 leti\u0161t\u011b Mnichov - Riem. Vzhledem k tomu, \u017ee otev\u0159en\u00ed leti\u0161t\u011b se \u010dasov\u011b shodovalo s vypuknut\u00edm druh\u00e9 sv\u011btov\u00e9 v\u00e1lky, civiln\u00ed leteck\u00fd provoz byl zah\u00e1jen a\u017e 25. \u0159\u00edjna 1939. V dubnu 1945 byl Riem zna\u010dn\u011b zni\u010den p\u0159i n\u00e1letech. Po rekonstrukci Riem roste s leti\u0161t\u011bm a je nakonec na kr\u00e1tkou dobu centrem sv\u011bta pro letn\u00ed olympijsk\u00e9 hry v roce 1972. 1975 se st\u00e1v\u00e1 <a href=\"https:\/\/de.wikipedia.org\/wiki\/Bahnhof_M%C3%BCnchen-Riem\" target=\"_blank\" rel=\"noopener\">Stanice S-Bahn Riem<\/a> postaven\u00fd.<\/p>\n<h2>Riem 1992: Z leti\u0161t\u011b na v\u00fdstavi\u0161t\u011b<\/h2>\n<p>V roce 1992 bylo leti\u0161t\u011b v Riem uzav\u0159eno a p\u0159esunuto do Erdinger Moos. Ji\u017e v roce 1990 byl z\u00e1kladn\u00ed pl\u00e1n vyu\u017eit\u00ed are\u00e1lu leti\u0161t\u011b jako \u201e<a href=\"https:\/\/messe-muenchen.de\/de\/unternehmen\/vollendung-messegelaende\/\" target=\"_blank\" rel=\"noopener\">nov\u00e9 v\u00fdstavi\u0161t\u011b v Mnichov\u011b<\/a>\u201eAdoptov\u00e1no. V n\u00e1sleduj\u00edc\u00edch letech v\u0161ak bylo star\u00e9 leti\u0161tn\u00ed za\u0159\u00edzen\u00ed zpo\u010d\u00e1tku vyu\u017e\u00edv\u00e1no jako m\u00edsto kon\u00e1n\u00ed akc\u00ed a ble\u0161\u00ed trh. Od roku 1994 byly na \u010d\u00e1sti star\u00e9ho are\u00e1lu leti\u0161t\u011b vybudov\u00e1ny nov\u00e9 v\u00fdstavn\u00ed prostory a byty. Pam\u00e1tkov\u011b se zachovala v\u011b\u017e, tribuna a erbovn\u00ed s\u00ed\u0148.<\/p>\n<p>V z\u00e1\u0159\u00ed 1992 byla otev\u0159ena jedna z nejv\u011bt\u0161\u00edch p\u0159ekladi\u0161\u0165 v Riem. Termin\u00e1l pro manipulaci s n\u00e1kladem jako dvoumodulov\u00e9 za\u0159\u00edzen\u00ed na okraji hlavn\u00edho m\u011bsta Bavorska je d\u016fle\u017eit\u00fdm uzlem severoji\u017en\u00ed dopravy mezi N\u011bmeckem a It\u00e1li\u00ed. Denn\u011b se sem p\u0159iveze mnoho tis\u00edc tun ze silnice na \u017eeleznici a naopak. Pod\u00edl t\u011bchto ob\u00e1lek z\u00e1silek tvo\u0159\u00ed cca 25% z celkov\u00e9 \u017eelezni\u010dn\u00ed dopravy v p\u0159ekladi\u0161ti Riem. N\u00e1kladn\u00ed manipula\u010dn\u00ed termin\u00e1l m\u00e1 p\u0159\u00edm\u00e9 \u017eelezni\u010dn\u00ed napojen\u00ed na hlavn\u00ed tra\u0165 ve v\u0161ech sm\u011brech. Zvl\u00e1\u0161tnost\u00ed syst\u00e9mu je mo\u017enost umo\u017enit vjezd vlak\u016f p\u0159\u00edmo ze s\u00edt\u011b. Za\u0159\u00edzen\u00ed bylo v roce 2011 roz\u0161\u00ed\u0159eno o t\u0159et\u00ed je\u0159\u00e1bovou dr\u00e1hu, \u010d\u00edm\u017e se celkov\u00e1 kapacita p\u0159ekladi\u0161t\u011b Riemer zv\u00fd\u0161ila a\u017e na 400 000 p\u0159epravn\u00edch kontejner\u016f a a\u017e 7 000 vlak\u016f ro\u010dn\u011b (20 vlak\u016f a p\u0159es 1 000 kontejner\u016f denn\u011b).<\/p>\n<p>12. \u00fanora 1998 bylo po pouh\u00fdch 3,5 letech v\u00fdstavby ofici\u00e1ln\u011b otev\u0159eno nov\u00e9 v\u00fdstavi\u0161t\u011b Riem o celkov\u00e9 plo\u0161e 140 000 metr\u016f \u010dtvere\u010dn\u00edch. T\u00e9m\u011b\u0159 o 6 t\u00fddn\u016f pozd\u011bji dostal Riem novou hasi\u010dskou stanici. Hasi\u010dsk\u00e1 zbrojnice 10 - Riem \/ Neue Messe jako str\u00e1\u017en\u00ed oblast zahrnuje m\u011bstsk\u00e9 \u010d\u00e1sti Daglfing, Riem, Neu Riem, Moosfeld, \u010d\u00e1sti Trudering a cel\u00fd are\u00e1l Nov\u00e9ho Mnichovsk\u00e9ho v\u00fdstavi\u0161t\u011b, veletr\u017en\u00ed m\u011bsto a pozd\u011bji stanice metra a Riem Arcaden.<\/p>\n<p>Linka U2 cel\u00fd are\u00e1l zp\u0159\u00edstup\u0148uje od 29. kv\u011btna 1999 po velkolep\u00e9m propadu tunelu 20. z\u00e1\u0159\u00ed 1994, kdy se v d\u016fsledku pr\u016fniku vody a autobusu 192 z\u0159\u00edtila st\u0159echa nov\u011b vytvo\u0159en\u00e9ho tunelu ve stanici Trudering. p\u0159i\u010dem\u017e zadn\u00ed \u010d\u00e1st nejprve vklouzla do vznikl\u00e9ho kr\u00e1teru. V autobuse zahynuli dva cestuj\u00edc\u00ed a zem\u0159el tak\u00e9 stavebn\u00ed d\u011bln\u00edk. Kv\u016fli nehod\u011b se otev\u0159en\u00ed stanice metra U2 \/ Messe zpozdilo o jeden a p\u016fl roku, co\u017e m\u011blo za n\u00e1sledek dodate\u010dn\u00e9 n\u00e1klady ve v\u00fd\u0161i 30 milion\u016f eur.<\/p>\n<p>ICM (International Congress Center Munich) se otev\u00edr\u00e1 9. \u0159\u00edjna 1998 a nyn\u00ed je jedn\u00edm z p\u0159edn\u00edch kongresov\u00fdch center na sv\u011bt\u011b. V ICM ve veletr\u017en\u00edm m\u011bst\u011b Riem se mimo jin\u00e9 konaly ceny Bambi, Bavorsk\u00e1 sportovn\u00ed cena a Kaiserball. Spole\u010dn\u011b s Messe M\u00fcnchen International a MOC tvo\u0159\u00ed ICM pobo\u010dky Messe M\u00fcnchen. D\u00edky dobr\u00e9mu dopravn\u00edmu spojen\u00ed se na leti\u0161t\u011b i na hlavn\u00ed vlakov\u00e9 n\u00e1dra\u017e\u00ed v Mnichov\u011b dostanete za 20 minut.<\/p>\n<p>Sou\u010dasn\u011b s otev\u0159en\u00edm nov\u00e9ho veletrhu v Mnichov\u011b byl na 200 hektarech star\u00e9ho leti\u0161tn\u00edho are\u00e1lu z roku 1997 vybudov\u00e1n Riemer\u016fv park, kde se od 28. dubna do 9. \u0159\u00edjna 2005 konala Spolkov\u00e1 zahradnick\u00e1 v\u00fdstava. S centr\u00e1ln\u00ed v\u00fdstavn\u00ed plochou 130 hektar\u016f v r\u00e1mci p\u0159ibli\u017en\u011b 200 hektarov\u00e9ho parku Riemer Landscape Park byl BUGA2005 v Mnichov\u011b jedn\u00edm z nejv\u011bt\u0161\u00edch sv\u00e9ho druhu v Evrop\u011b.<\/p>\n<h2>Riem 2000: ekologick\u00fd \u017eivot v Riem?<\/h2>\n<p>Nov\u011b vznikl\u00e1 \u010dtvr\u0165 Messestadt Riem je odd\u011blena od \u010dtvrti Riem d\u00e1lnic\u00ed A94. Od roku 1999 se obyvatel\u00e9 za\u010dali st\u011bhovat do veletr\u017en\u00edho m\u011bsta Riem. Obchodn\u00ed centrum Riem Arcaden se 120 maloobchodn\u00edmi prodejnami, hotelem a \u010detn\u00fdmi kancel\u00e1\u0159sk\u00fdmi a bytov\u00fdmi jednotkami bylo otev\u0159eno 10. b\u0159ezna 2004 a vedle n\u011bj bylo vybudov\u00e1no ekumenick\u00e9 c\u00edrkevn\u00ed centrum. V roce 1999 m\u011bl Messestadt Riem je\u0161t\u011b 1 600 obyvatel, dnes m\u00e1 prostor pro t\u00e9m\u011b\u0159 12 000 obyvatel ze 111 n\u00e1rod\u016f. O\u010dek\u00e1v\u00e1 se, \u017ee do roku 2014 bude m\u00edt Messestadt Riem 16 000 obyvatel. Desetin\u00e1sobn\u00fd n\u00e1r\u016fst po\u010dtu obyvatel b\u011bhem pouh\u00fdch 15 let, co\u017e nen\u00ed ze spole\u010densko-politick\u00e9ho hlediska zcela nekritick\u00e9. Podle soci\u00e1ln\u00edho odboru m\u011bsta Mnichov bylo na za\u010d\u00e1tku roku 2013 v Riem asi o 638 procent v\u00edce soci\u00e1ln\u00edch a pracovn\u00edch byt\u016f, ne\u017e je pr\u016fm\u011br m\u011bsta. Po\u010det d\u011bt\u00ed je t\u00e9m\u011b\u0159 t\u0159ikr\u00e1t vy\u0161\u0161\u00ed ne\u017e m\u011bstsk\u00fd pr\u016fm\u011br, nadpr\u016fm\u011brn\u00fd po\u010det rodin m\u00e1 dokonce v\u00edce ne\u017e p\u011bt d\u011bt\u00ed. Z\u00e1rove\u0148 chyb\u00ed vhodn\u00e1 infrastruktura: chyb\u00ed d\u011bt\u0161t\u00ed l\u00e9ka\u0159i, m\u011bstsk\u00e9 jesli\u010dky a st\u0159edn\u00ed \u0161koly.<\/p>\n<p>Po ro\u010dn\u00ed pl\u00e1novac\u00ed f\u00e1zi byla 2. \u010dervence 2008 ve Werner-Eckert-Strasse ofici\u00e1ln\u011b uvedena do provozu Policejn\u00ed inspekce 25 jako nejmlad\u0161\u00ed inspekce mnichovsk\u00e9ho policejn\u00edho \u0159editelstv\u00ed. Kontroln\u00ed oblast Policejn\u00ed stanice 25 v podstat\u011b pokr\u00fdv\u00e1 oblast 15. obvodu (Trudering - Riem)<\/p>\n<h2>Riem 2006: Pape\u017e ve veletr\u017en\u00edm m\u011bst\u011b<\/h2>\n<p>10. z\u00e1\u0159\u00ed 2006 slou\u017eil pape\u017e ned\u011bln\u00ed bohoslu\u017ebu v Messestadt Riem. T\u00e9to bohoslu\u017eby se z\u00fa\u010dastnilo v\u00edce ne\u017e \u010dtvrt milionu lid\u00ed. V pape\u017esk\u00e9m k\u00e1z\u00e1n\u00ed v Riem nep\u0159\u00edmo kritizoval n\u011bmeckou katolickou c\u00edrkev, proto\u017ee se v\u00edce v\u011bnuje soci\u00e1ln\u00edm ne\u017e misijn\u00edm projekt\u016fm \u2013 ale oboj\u00ed spolu \u00fazce souvis\u00ed. St\u011b\u017eoval si tak\u00e9 na rostouc\u00ed \u201ehluchotu k Bohu\u201c.<\/p>\n<p>[\/ et_pb_text] [\/ et_pb_column] [\/ et_pb_row] [\/ et_pb_section]<\/p>","protected":false},"excerpt":{"rendered":"<p>Historick\u00e1 reprezentace Mnichova \u2013 Riem. Od komunity po um\u00edst\u011bn\u00ed leti\u0161t\u011b a jeho za\u010dlen\u011bn\u00ed jako okres Mnichova.<\/p>","protected":false},"author":1,"featured_media":6391,"parent":0,"menu_order":0,"comment_status":"closed","ping_status":"closed","template":"","meta":{"_acf_changed":false,"_et_pb_use_builder":"on","_et_pb_old_content":"","_et_gb_content_width":"","footnotes":""},"dipi_cpt_category":[],"class_list":["post-6381","page","type-page","status-publish","has-post-thumbnail","hentry"],"acf":[],"_links":{"self":[{"href":"https:\/\/flughafen-muenchen-riem.de\/cs\/wp-json\/wp\/v2\/pages\/6381","targetHints":{"allow":["GET"]}}],"collection":[{"href":"https:\/\/flughafen-muenchen-riem.de\/cs\/wp-json\/wp\/v2\/pages"}],"about":[{"href":"https:\/\/flughafen-muenchen-riem.de\/cs\/wp-json\/wp\/v2\/types\/page"}],"author":[{"embeddable":true,"href":"https:\/\/flughafen-muenchen-riem.de\/cs\/wp-json\/wp\/v2\/users\/1"}],"replies":[{"embeddable":true,"href":"https:\/\/flughafen-muenchen-riem.de\/cs\/wp-json\/wp\/v2\/comments?post=6381"}],"version-history":[{"count":0,"href":"https:\/\/flughafen-muenchen-riem.de\/cs\/wp-json\/wp\/v2\/pages\/6381\/revisions"}],"wp:featuredmedia":[{"embeddable":true,"href":"https:\/\/flughafen-muenchen-riem.de\/cs\/wp-json\/wp\/v2\/media\/6391"}],"wp:attachment":[{"href":"https:\/\/flughafen-muenchen-riem.de\/cs\/wp-json\/wp\/v2\/media?parent=6381"}],"wp:term":[{"taxonomy":"dipi_cpt_category","embeddable":true,"href":"https:\/\/flughafen-muenchen-riem.de\/cs\/wp-json\/wp\/v2\/dipi_cpt_category?post=6381"}],"curies":[{"name":"wp","href":"https:\/\/api.w.org\/{rel}","templated":true}]}}