{"id":6258,"date":"2021-11-14T01:25:14","date_gmt":"2021-11-14T00:25:14","guid":{"rendered":"https:\/\/flughafen-muenchen-riem.de\/?page_id=6258"},"modified":"2021-11-14T01:27:54","modified_gmt":"2021-11-14T00:27:54","slug":"flughafen-muenchen-administrator-charles-d-daily","status":"publish","type":"page","link":"https:\/\/flughafen-muenchen-riem.de\/cs\/flughafen-muenchen-administrator-charles-d-daily\/","title":{"rendered":"Spr\u00e1vce leti\u0161t\u011b Mnichov Charles D. Daily"},"content":{"rendered":"<p>[et_pb_section fb_built=\u201d1\u2033 _builder_version=\u201d3.22\u2033 custom_padding=\u201d137px|0px|161px|0px|false|false\u201d global_colors_info=\u201d{}\u201d\u201d][et_pb_row _builder_auto-1version=\u201d3.25\u2033|4 custom_px auto||&quot; custom_padding=&quot;0|0px|29px|0|false|false&quot; global_colors_info=&quot;{}&quot;][et_pb_column type=&quot;4_4\u2033 _builder_version=&quot;3,25\u2033 custom_padding=&quot;|||&quot; global_colors_info=&quot;{} \u201c custom_padding__hover=\u201d|||\u201d][et_pb_text module_class=\u201ddva sloupce\u201d _builder_version=\u201d4.13.0\u2033 link_font=\u201d||||||||\u201d global_colors_info=\u201d{}\u201d]<\/p>\n<h1>Charles Dennis Daily, Sr.<\/h1>\n<p>Narozen 15. kv\u011btna 1899 v Bethany, Missouri. Charles D. Daily byl jedn\u00edm ze 13 d\u011bt\u00ed. Charles D. Daily ode\u0161el z domova ve v\u011bku 12 let a p\u0159est\u011bhoval se ke sv\u00e9 nejstar\u0161\u00ed sest\u0159e do Curtissu v Nebrasce. Tam pracoval na farm\u011b jako kovboj.<\/p>\n<p>V roce 1916 vyhr\u00e1l Bronco Busting Championship na Cheyenne Rodeo a o rok pozd\u011bji se p\u0159ipojil k arm\u00e1dn\u00ed jednotce Colorado jako jezdec. Ve stejn\u00e9m roce byl pou\u017eit jako p\u011b\u0161\u00e1k ve francouzsk\u00e9m sektoru Verdun (ofenziva Meuse-Argonne). Bojoval v Chateau Thierry na Marn\u011b a a\u017e do Metz a\u017e do p\u0159\u00edm\u011b\u0159\u00ed 11. listopadu 1918. B\u011bhem t\u00e9to doby byl vystaven \u00fatok\u016fm jedovat\u00fdch plyn\u016f N\u011bmc\u016f, byl zran\u011bn v boji a byl tak vyznamen\u00e1n \u0158\u00e1dem Purpurov\u00e9ho srdce. .<\/p>\n<p>V roce 1919 se Charles D. Daily vr\u00e1til do Spojen\u00fdch st\u00e1t\u016f. On a jeho bratr John nav\u0161t\u011bvovali Merchant Marine Academy a plavili \u010dtvercovou plo\u0161inu p\u0159es Cape Horn do San Francisca. N\u00e1mo\u0159n\u00ed plavba ho v\u0161ak nedok\u00e1zala p\u0159esv\u011bd\u010dit, a proto nav\u0161t\u011bvoval univerzitu Valapriso (Indianna), aby dokon\u010dil r\u00e1diov\u00fd v\u00fdcvik.<\/p>\n<p>Se sv\u00fdm spolubydl\u00edc\u00edm Charlesem Colechesterem \u2013 synem z bohat\u00e9 kanadsk\u00e9 rodiny, byl vylou\u010den z univerzity kv\u016fli neleg\u00e1ln\u00ed v\u00fdrob\u011b v\u00edna. Pracoval tedy v t\u011b\u017eb\u011b soli v pou\u0161ti, aby u\u0161et\u0159il n\u011bjak\u00e9 pen\u00edze, a odcestoval zp\u011bt do Kansas City, kde dostal pr\u00e1ci jako pr\u016fvod\u010d\u00ed tramvaje ve vyhl\u00eddce.<\/p>\n<p>Kr\u00e1tce pot\u00e9 byl pou\u017eit jako j\u00edzdn\u00ed hl\u00eddkov\u00fd d\u016fstojn\u00edk.<\/p>\n<p>V roce 1926 za\u010dal Charles D. Daily chodit na lekce l\u00e9t\u00e1n\u00ed na star\u00e9m Richards Field. Koupil si dvouplo\u0161n\u00edk American Eagle. Mezit\u00edm byl pov\u00fd\u0161en na Policejn\u00edho sargenta a m\u011bl za \u00fakol naj\u00edt na St\u0159edoz\u00e1pad\u011b gangstery Pretty Boy Floyd a tak\u00e9 Bonnie a Clyde s r\u00e1diem vybaven\u00fdm letadlem.<\/p>\n<p>B\u011bhem po\u0161tovn\u00ed krize v roce 1934 l\u00e9tal s leteckou po\u0161tou. 17. b\u0159ezna 1934 havaroval s Douglasem O-38 u St. Joseph MO, na\u0161t\u011bst\u00ed jen lehce zran\u011bn. V roce 1936 byl jmenov\u00e1n mana\u017eerem m\u011bstsk\u00e9ho leti\u0161t\u011b Kansas City, kde se setkal s Dorothy Margaret Widener, se kterou se o\u017eenil v roce 1937.<\/p>\n<p>V roce 1940 byl Charles D. Daily jmenov\u00e1n do Army Air Corps a zalo\u017eil leteck\u00e9 \u0161koly na St\u0159edoz\u00e1pad\u011b. V roce 1943 byl p\u0159evelen k velitelstv\u00ed leteck\u00e9 dopravy a slou\u017eil jako inspektor pro v\u0161echna leti\u0161t\u011b ATC sv\u011bta (Alja\u0161ka, USA, Braz\u00edlie, Afrika, Ar\u00e1bie, Indie, \u010c\u00edna, Anglie a It\u00e1lie). V\u00e1lku ukon\u010dil jako plukovn\u00edk v USAAC (Army Air Corps, p\u0159edch\u016fdce letectva Spojen\u00fdch st\u00e1t\u016f).<\/p>\n<p>Kdy\u017e v\u00e1lka skon\u010dila, byl plukovn\u00edkem v US Army Air Corps a vr\u00e1til se jako \u0159editel civiln\u00edho letectv\u00ed pro Kansas City a gener\u00e1ln\u00ed \u0159editel m\u011bstsk\u00e9ho leti\u0161t\u011b Kansas City, kde z\u016fstal v americk\u00e9m letectvu jako z\u00e1lo\u017en\u00edk.<\/p>\n<p>V roce 1948 dostal rozkaz od spojeneck\u00e9 vysok\u00e9 komise na leti\u0161t\u011b Mnichov-Riem, aby tam obnovil provoz na leti\u0161ti, kter\u00e9 bylo zni\u010deno 70%. Do konce roku 1949 byly zprovozn\u011bny prodlou\u017een\u00e9 dr\u00e1hy, kter\u00e9 navrhoval, aby znovu umo\u017enily civiln\u00ed letectv\u00ed. Nov\u00fdm \u0159editelem leti\u0161t\u011b jmenoval tak\u00e9 naklada\u010de Wulfa Dietera zu Castella (kter\u00fd krom\u011b toho, \u017ee byl velmi energick\u00fd, um\u011bl tak\u00e9 plynn\u011b 3 jazyky).<\/p>\n<p>[\/et_pb_text][et_pb_image src=&quot;https:\/\/flughafen-muenchen-riem.de\/wp-content\/uploads\/2021\/11\/charles-d-daily-wulf-dieter-zu-castell-1.jpg&quot; title_text =&quot;charles-d-daily-wulf-dieter-zu-castell&quot; _builder_version=&quot;4.13.0\u2033 _module_preset=&quot;v\u00fdchoz\u00ed&quot; filter_saturate=&quot;0%&quot; filter_brightness=&quot;89%&quot; filter_contrast=&quot;130%&quot; global_colors_info=&quot;{}&quot;]colors_info=&quot;{101} [\/et_pb_image][et_pb_text _builder_version=\u201d4.13.0\u2033 _module_preset=\u201ddefault\u201d global_colors_info=\u201d{}\u201d]<\/p>\n<p>V roce 1952 se Charles D. Daily vr\u00e1til do Kansas City a v roce 1953 byl jmenov\u00e1n velitelem <a href=\"https:\/\/en.wikipedia.org\/wiki\/442nd_Operations_Group\" target=\"_blank\" rel=\"noopener\">442. skupina z\u00e1lo\u017en\u00edch nosi\u010d\u016f USAF<\/a> vybran\u00fd. L\u00e9tal na C-46, C-119 a C-124 a ode\u0161el z USAF v roce 1962 s 28 000 hodinami ve vojensk\u00fdch letadlech a tis\u00edci dal\u0161\u00edch civiln\u00edch hodin. Letoun 442 Troop Carrier Wing m\u011bl v t\u00e9 dob\u011b nejlep\u0161\u00ed bezpe\u010dnostn\u00ed v\u00fdsledky v USAF.<\/p>\n<p>[\/et_pb_text][et_pb_image src=\u201dhttps:\/\/flughafen-muenchen-riem.de\/wp-content\/uploads\/2021\/11\/daily-442-scaled.jpeg\u201d title_text=\u201ddaily-442\u2033 _builder_version=\u201d4.13 .0\u2033 _module_preset=\u201ddefault\u201d global_colors_info=\u201d{}\u201d][\/et_pb_image][et_pb_text _builder_version=\u201d4.13.0\u2033 _module_preset=\u201ddefault\u201d global_colors_info=\u201d{}\u201d]<\/p>\n<p>Charles D. Daily zem\u0159el v Kansas City v roce 1972, m\u011bl t\u0159i syny (v\u0161ichni v US Navy a Army Medical Department jako kapit\u00e1ni nebo plukovn\u00edci ve v\u00fdslu\u017eb\u011b) a dceru (zdravotn\u00ed sestra)<\/p>\n<p>[\/ et_pb_text] [\/ et_pb_column] [\/ et_pb_row] [\/ et_pb_section]<\/p>","protected":false},"excerpt":{"rendered":"<p>Dne 9. listopadu 1948 jmenovalo odd\u011blen\u00ed civiln\u00edho letectv\u00ed americk\u00fdch okupa\u010dn\u00edch sil b\u00fdval\u00e9ho americk\u00e9ho pilota Charlese D. Dailyho spr\u00e1vcem leti\u0161t\u011b Mnichov-Riem.<\/p>","protected":false},"author":1,"featured_media":6266,"parent":0,"menu_order":0,"comment_status":"closed","ping_status":"closed","template":"","meta":{"_acf_changed":false,"_et_pb_use_builder":"on","_et_pb_old_content":"","_et_gb_content_width":"","footnotes":""},"dipi_cpt_category":[],"class_list":["post-6258","page","type-page","status-publish","has-post-thumbnail","hentry"],"acf":[],"_links":{"self":[{"href":"https:\/\/flughafen-muenchen-riem.de\/cs\/wp-json\/wp\/v2\/pages\/6258","targetHints":{"allow":["GET"]}}],"collection":[{"href":"https:\/\/flughafen-muenchen-riem.de\/cs\/wp-json\/wp\/v2\/pages"}],"about":[{"href":"https:\/\/flughafen-muenchen-riem.de\/cs\/wp-json\/wp\/v2\/types\/page"}],"author":[{"embeddable":true,"href":"https:\/\/flughafen-muenchen-riem.de\/cs\/wp-json\/wp\/v2\/users\/1"}],"replies":[{"embeddable":true,"href":"https:\/\/flughafen-muenchen-riem.de\/cs\/wp-json\/wp\/v2\/comments?post=6258"}],"version-history":[{"count":0,"href":"https:\/\/flughafen-muenchen-riem.de\/cs\/wp-json\/wp\/v2\/pages\/6258\/revisions"}],"wp:featuredmedia":[{"embeddable":true,"href":"https:\/\/flughafen-muenchen-riem.de\/cs\/wp-json\/wp\/v2\/media\/6266"}],"wp:attachment":[{"href":"https:\/\/flughafen-muenchen-riem.de\/cs\/wp-json\/wp\/v2\/media?parent=6258"}],"wp:term":[{"taxonomy":"dipi_cpt_category","embeddable":true,"href":"https:\/\/flughafen-muenchen-riem.de\/cs\/wp-json\/wp\/v2\/dipi_cpt_category?post=6258"}],"curies":[{"name":"wp","href":"https:\/\/api.w.org\/{rel}","templated":true}]}}