{"id":3054,"date":"2019-05-13T11:53:10","date_gmt":"2019-05-13T09:53:10","guid":{"rendered":"https:\/\/flughafen-muenchen-riem.de\/?page_id=3054"},"modified":"2024-03-06T23:38:26","modified_gmt":"2024-03-06T22:38:26","slug":"bilder","status":"publish","type":"page","link":"https:\/\/flughafen-muenchen-riem.de\/cs\/bilder\/","title":{"rendered":"Obr\u00e1zky ze star\u00e9ho leti\u0161t\u011b Mnichov-Riem"},"content":{"rendered":"<p>[et_pb_section fb_built=\u201d1\u2033 _builder_version=\u201d4.16\u2033 _module_preset=\u201ddefault\u201d global_colors_info=\u201d{}\u201d][et_pb_row _builder_version=\u201d4.16\u2033 _module_preset=\u201ddefault\u201d global_colors_info=\u201d{}\u201d][et_pb_column type=\u201d4_4\u2033 _builder_version=\u201d4.16\u2033 _module_preset=\u201ddefault\u201d global_colors_info=\u201d{}\u201d][et_pb_text _builder_version=\u201d4.16\u2033 _module_preset=\u201ddefault\u201d hover_enabled=\u201d0\u2033 global_colors_info=\u201d{}\u201d sticky_enabled=\u201d0\u2033]<\/p>\n<h1>Fotografie z leti\u0161t\u011b Mnichov-Riem<\/h1>\n<p>... nejsou pry\u010d, ale toto je v sou\u010dasn\u00e9 dob\u011b ve v\u00fdstavb\u011b.<\/p>\n<p>[\/ et_pb_text] [\/ et_pb_column] [\/ et_pb_row] [\/ et_pb_section]<\/p>","protected":false},"excerpt":{"rendered":"<p>Na tomto m\u00edst\u011b uv\u00e1d\u00edme obr\u00e1zky star\u00e9ho leti\u0161t\u011b v Mnichov\u011b z r\u016fzn\u00fdch zdroj\u016f. D\u00edky n\u011bkter\u00fdm podporovatel\u016fm m\u00e1me i my sami n\u011bjak\u00fd obrazov\u00fd materi\u00e1l - ale tento obrazov\u00fd materi\u00e1l se v sou\u010dasn\u00e9 dob\u011b p\u0159epracov\u00e1v\u00e1 a odevzd\u00e1v\u00e1 pozd\u011bji.<\/p>","protected":false},"author":1,"featured_media":144,"parent":0,"menu_order":0,"comment_status":"closed","ping_status":"closed","template":"","meta":{"_acf_changed":false,"_et_pb_use_builder":"on","_et_pb_old_content":"","_et_gb_content_width":"","footnotes":""},"dipi_cpt_category":[],"class_list":["post-3054","page","type-page","status-publish","has-post-thumbnail","hentry"],"acf":[],"_links":{"self":[{"href":"https:\/\/flughafen-muenchen-riem.de\/cs\/wp-json\/wp\/v2\/pages\/3054","targetHints":{"allow":["GET"]}}],"collection":[{"href":"https:\/\/flughafen-muenchen-riem.de\/cs\/wp-json\/wp\/v2\/pages"}],"about":[{"href":"https:\/\/flughafen-muenchen-riem.de\/cs\/wp-json\/wp\/v2\/types\/page"}],"author":[{"embeddable":true,"href":"https:\/\/flughafen-muenchen-riem.de\/cs\/wp-json\/wp\/v2\/users\/1"}],"replies":[{"embeddable":true,"href":"https:\/\/flughafen-muenchen-riem.de\/cs\/wp-json\/wp\/v2\/comments?post=3054"}],"version-history":[{"count":0,"href":"https:\/\/flughafen-muenchen-riem.de\/cs\/wp-json\/wp\/v2\/pages\/3054\/revisions"}],"wp:featuredmedia":[{"embeddable":true,"href":"https:\/\/flughafen-muenchen-riem.de\/cs\/wp-json\/wp\/v2\/media\/144"}],"wp:attachment":[{"href":"https:\/\/flughafen-muenchen-riem.de\/cs\/wp-json\/wp\/v2\/media?parent=3054"}],"wp:term":[{"taxonomy":"dipi_cpt_category","embeddable":true,"href":"https:\/\/flughafen-muenchen-riem.de\/cs\/wp-json\/wp\/v2\/dipi_cpt_category?post=3054"}],"curies":[{"name":"wp","href":"https:\/\/api.w.org\/{rel}","templated":true}]}}