{"id":2617,"date":"2018-12-28T12:18:51","date_gmt":"2018-12-28T11:18:51","guid":{"rendered":"https:\/\/flughafen-muenchen-riem.de\/?page_id=2617"},"modified":"2024-03-07T00:16:18","modified_gmt":"2024-03-06T23:16:18","slug":"relikte","status":"publish","type":"page","link":"https:\/\/flughafen-muenchen-riem.de\/cs\/relikte\/","title":{"rendered":"Poz\u016fstatky star\u00e9ho leti\u0161t\u011b v Mnichov\u011b-Riem"},"content":{"rendered":"<p>[et_pb_section fb_built=\u201c1\u2033 _builder_version=\u201c4.16\u2033 global_colors_info=\u201c{}\u201c][et_pb_row _builder_version=\u201c4.16\u2033 global_colors_info=\u201c{}\u201c][et_pb_column type=\u201c4_4\u2033 _builder_version=\u201c4.16\u2033 custom_padding=&quot;|||&quot; global_colors_info=\u201d{}\u201d custom_padding__hover=\u201d|||\u201d][et_pb_text _builder_version=\u201d4.24.2\u2033 hover_enabled=\u201d0\u2033 global_colors_info=\u201d{}\u201d text_font=\u201dspecialelite||||||||\u201d sticky_enabled=\u201c0\u2033]<\/p>\n<h2>Star\u00e9 mnichovsk\u00e9 leti\u0161t\u011b ustupuje mnichovsk\u00e9mu v\u00fdstavi\u0161ti<\/h2>\n<p>Bezprost\u0159edn\u011b po vy\u0159azen\u00ed z provozu za\u010dala demont\u00e1\u017e leti\u0161t\u011b v Mnichov\u011b-Riemu, nap\u0159\u00edklad do listopadu 1992 byly demontov\u00e1ny n\u00e1stupn\u00ed mosty pro cestuj\u00edc\u00ed a parkovac\u00ed gar\u00e1\u017ee. Od roku 1992 do l\u00e9ta 1996 byl are\u00e1l b\u00fdval\u00e9ho leti\u0161t\u011b vyu\u017e\u00edv\u00e1n jako kulturn\u00ed centrum. Postupn\u011b mizely posledn\u00ed zbytky leti\u0161t\u011b Riem, aby uvolnily m\u00edsto pro nov\u00e9 mnichovsk\u00e9 v\u00fdstavi\u0161t\u011b a veletr\u017en\u00ed m\u011bsto. Nap\u0159\u00edklad v listopadu 1996 <a href=\"https:\/\/flughafen-muenchen-riem.de\/cs\/history\/lufthansa-wartungshalle-gesprengt\/\">\u00dadr\u017eb\u00e1\u0159sk\u00fd hang\u00e1r Lufthansy vyhozen do pov\u011bt\u0159\u00ed<\/a>.<\/p>\n<p><strong>Demont\u00e1\u017e leti\u0161t\u011b Mnichov Riem byla dokon\u010dena v roce 1998.<\/strong><\/p>\n<p>Dnes se Nov\u00e9 mnichovsk\u00e9 v\u00fdstavi\u0161t\u011b a veletr\u017en\u00ed m\u011bsto Riem nach\u00e1z\u00ed na plo\u0161e cca 500 hektar\u016f b\u00fdval\u00e9ho mnichovsk\u00e9ho leti\u0161t\u011b v Riem. St\u00e1le existuje n\u011bkolik zbytk\u016f star\u00e9ho leti\u0161t\u011b:<\/p>\n<p>[\/et_pb_text][\/et_pb_column][\/et_pb_row][et_pb_row _builder_version=\u201d4.16\u2033 global_colors_info=\u201d{}\u201d][et_pb_column type=\u201d4_4\u2033 _builder_version=\u201d4.16\u2033 custom_padding=\u201d|||\u201d global_colors_info=\u201d{}\u201d custom_padding__hover=\u201d|||\u201d][et_pb_text _builder_version=\u201d4.16\u2033 global_colors_info=\u201d{}\u201d]<\/p>\n<h2><\/h2>\n<h2>Zbytky star\u00e9ho leti\u0161t\u011b v Mnichov\u011b-Riem<\/h2>\n<p>[\/et_pb_text][\/et_pb_column][\/et_pb_row][et_pb_row column_structure=\u201c1_2,1_2\u2033 _builder_version=\u201c4.16\u2033 global_colors_info=\u201c{}\u201c][et_pb_column type=\u201c1_2\u2033 _builder_version=\u201c4.16\u2033 custom_padding=&quot;|||&quot; global_colors_info=\u201d{}\u201d custom_padding__hover=\u201d|||\u201d][et_pb_text _builder_version=\u201d4.16\u2033 global_colors_info=\u201d{}\u201d]<\/p>\n<div id=\"attachment_2628\" style=\"width: 610px\" class=\"wp-caption alignnone\"><img loading=\"lazy\" decoding=\"async\" aria-describedby=\"caption-attachment-2628\" src=\"https:\/\/flughafen-muenchen-riem.de\/wp-content\/uploads\/2018\/12\/tower.jpg\" width=\"600\" height=\"270\" alt=\"\" class=\"wp-image-2628 size-full\" srcset=\"https:\/\/flughafen-muenchen-riem.de\/wp-content\/uploads\/2018\/12\/tower.jpg 600w, https:\/\/flughafen-muenchen-riem.de\/wp-content\/uploads\/2018\/12\/tower-300x135.jpg 300w\" sizes=\"(max-width: 600px) 100vw, 600px\" \/><p id=\"caption-attachment-2628\" class=\"wp-caption-text\">\u0158\u00eddic\u00ed v\u011b\u017e leti\u0161t\u011b Riem bez budov na v\u00fdstavi\u0161ti - \u00a9 Gelbmann<\/p><\/div>\n<p>[\/et_pb_text][\/et_pb_column][et_pb_column type=\u201c1_2\u2033 _builder_version=\u201c4.16\u2033 custom_padding=\u201c|||\u201c global_colors_info=\u201d{}\u201d custom_padding__hover=\u201d|||\u201d][et_pb_text _builder_version=\u201d4.16\u2033 global_colors_info=\u201d{}\u201d]<\/p>\n<h3>\u0158\u00edd\u00edc\u00ed v\u011b\u017e \/ v\u011b\u017e<\/h3>\n<p><span>Osmipatrov\u00e1 \u0159\u00eddic\u00ed v\u011b\u017e byla um\u00edst\u011bna pod pam\u00e1tkovou ochranu v roce 1995 a do roku 2016 st\u00e1la voln\u011b na v\u00fdstavn\u00ed plo\u0161e m\u011bsta Mnichov se 14 000 m2 podlahov\u00e9 plochy. R\u016fzn\u00e9 pokusy o dobr\u00e9 vyu\u017eit\u00ed b\u00fdval\u00e9 leti\u0161tn\u00ed v\u011b\u017ee a jej\u00edho okoln\u00edho prostranstv\u00ed ztroskotaly v letech 1995, 2006 a 2009. <\/span><\/p>\n<p><span>V roce 2016 byla v\u011b\u017e p\u0159em\u011bn\u011bna na modern\u00ed kancel\u00e1\u0159sk\u00fd komplex. Dne 11. \u010dervence 2017 se v nov\u00e9 centr\u00e1le BRAINLAB spolkov\u00e9ho kancl\u00e9\u0159e Dr. Angela Merkelov\u00e1 bude ofici\u00e1ln\u011b zah\u00e1jena. Zaj\u00edmavost\u00ed kancel\u00e1\u0159sk\u00e9ho komplexu je historick\u00e1 v\u011b\u017e.<\/span><\/p>\n<p>[\/et_pb_text][\/et_pb_column][\/et_pb_row][et_pb_row column_structure=\u201c1_2,1_2\u2033 _builder_version=\u201c4.16\u2033 global_colors_info=\u201c{}\u201c][et_pb_column type=\u201c1_2\u2033 _builder_version=\u201c4.16\u2033 custom_padding=&quot;|||&quot; global_colors_info=\u201d{}\u201d custom_padding__hover=\u201d|||\u201d][et_pb_text _builder_version=\u201d4.16\u2033 global_colors_info=\u201d{}\u201d]<\/p>\n<h3>P\u0159ij\u00edmac\u00ed s\u00e1l \/ erbovn\u00ed s\u00e1l<\/h3>\n<p><span>Leti\u0161tn\u00ed p\u0159ij\u00edmac\u00ed hala, kter\u00e1 byla postavena v roce 1939 a otev\u0159ena v roce 1951 - zn\u00e1m\u00e1 tak\u00e9 jako erbovn\u00ed s\u00ed\u0148 - byla tak\u00e9 v roce 1995 zaps\u00e1na mezi historickou pam\u00e1tku a nyn\u00ed je integrov\u00e1na do modern\u00edho obchodn\u00edho centra. <\/span><\/p>\n<p><span>Wappenhalle je tedy dnes jako obchodn\u00ed centrum p\u0159\u00edstupn\u00e1 jen omezen\u011b a lze si ji pronajmout na akce.<\/span><\/p>\n<p>&nbsp;<\/p>\n<p>[\/et_pb_text][\/et_pb_column][et_pb_column type=\u201c1_2\u2033 _builder_version=\u201c4.16\u2033 custom_padding=\u201c|||\u201c global_colors_info=\u201d{}\u201d custom_padding__hover=\u201d|||\u201d][et_pb_text _builder_version=\u201d4.16\u2033 global_colors_info=\u201d{}\u201d]<\/p>\n<div id=\"attachment_2634\" style=\"width: 610px\" class=\"wp-caption alignnone\"><img loading=\"lazy\" decoding=\"async\" aria-describedby=\"caption-attachment-2634\" src=\"https:\/\/flughafen-muenchen-riem.de\/wp-content\/uploads\/2018\/12\/wappenhalle.jpg\" width=\"600\" height=\"270\" alt=\"\" class=\"wp-image-2634 size-full\" srcset=\"https:\/\/flughafen-muenchen-riem.de\/wp-content\/uploads\/2018\/12\/wappenhalle.jpg 600w, https:\/\/flughafen-muenchen-riem.de\/wp-content\/uploads\/2018\/12\/wappenhalle-300x135.jpg 300w\" sizes=\"(max-width: 600px) 100vw, 600px\" \/><p id=\"caption-attachment-2634\" class=\"wp-caption-text\">Erbovn\u00ed s\u00ed\u0148 leti\u0161t\u011b Riem pobl\u00ed\u017e mnichovsk\u00e9ho v\u00fdstavi\u0161t\u011b. \u00a9 Gelbmann<\/p><\/div>\n<p>[\/et_pb_text][\/et_pb_column][\/et_pb_row][et_pb_row column_structure=\u201c1_2,1_2\u2033 _builder_version=\u201c4.16\u2033 global_colors_info=\u201c{}\u201c][et_pb_column type=\u201c1_2\u2033 _builder_version=\u201c4.16\u2033 custom_padding=&quot;|||&quot; global_colors_info=\u201d{}\u201d custom_padding__hover=\u201d|||\u201d][et_pb_text _builder_version=\u201d4.16\u2033 global_colors_info=\u201d{}\u201d]<div id=\"attachment_2635\" style=\"width: 610px\" class=\"wp-caption alignnone\"><img loading=\"lazy\" decoding=\"async\" aria-describedby=\"caption-attachment-2635\" src=\"https:\/\/flughafen-muenchen-riem.de\/wp-content\/uploads\/2018\/12\/zuschauertribuehne-riem.jpg\" width=\"600\" height=\"270\" alt=\"\" class=\"wp-image-2635 size-full\" srcset=\"https:\/\/flughafen-muenchen-riem.de\/wp-content\/uploads\/2018\/12\/zuschauertribuehne-riem.jpg 600w, https:\/\/flughafen-muenchen-riem.de\/wp-content\/uploads\/2018\/12\/zuschauertribuehne-riem-300x135.jpg 300w\" sizes=\"(max-width: 600px) 100vw, 600px\" \/><p id=\"caption-attachment-2635\" class=\"wp-caption-text\">Tribuna Zeppelin je pro n\u00e1v\u0161t\u011bvn\u00edky uzav\u0159ena kv\u016fli riziku z\u0159\u00edcen\u00ed<\/p><\/div>[\/et_pb_text][\/et_pb_column][et_pb_column type=\u201c1_2\u2033 _builder_version=\u201c4.16\u2033 custom_padding=\u201c|||\u201c global_colors_info=\u201d{}\u201d custom_padding__hover=\u201d|||\u201d][et_pb_text _builder_version=\u201d4.16\u2033 global_colors_info=\u201d{}\u201d]<\/p>\n<h3>Zeppelin - tribuna<\/h3>\n<p><span><\/span><\/p>\n<p>Tribuna Zeppelin, kter\u00e1 m\u00e1 m\u00edrn\u011b klenut\u00fd p\u016fdorys a je i dnes dlouh\u00e1 kolem 530 m, se nach\u00e1z\u00ed na z\u00e1padn\u00ed stran\u011b b\u00fdval\u00e9ho leti\u0161t\u011b Mnichov Riem. Ch\u00e1traj\u00edc\u00ed a hrout\u00edc\u00ed se tribuna byla v roce 2008 obehn\u00e1na p\u00e1skou.<\/p>\n<p>Stejn\u011b jako v\u011b\u017e a erbovn\u00ed s\u00ed\u0148, tribuna a pr\u016f\u010deln\u00ed budova byly v roce 1995 pam\u00e1tkov\u011b chr\u00e1n\u011bny.<\/p>\n<p>[\/et_pb_text][\/et_pb_column][\/et_pb_row][et_pb_row column_structure=\u201c1_2,1_2\u2033 _builder_version=\u201c4.16\u2033 global_colors_info=\u201c{}\u201c][et_pb_column type=\u201c1_2\u2033 _builder_version=\u201c4.16\u2033 custom_padding=&quot;|||&quot; global_colors_info=\u201d{}\u201d custom_padding__hover=\u201d|||\u201d][et_pb_text _builder_version=\u201d4.16\u2033 global_colors_info=\u201d{}\u201d]<\/p>\n<h3>Konec budovy \/ hledi\u0161t\u011b pokladny<\/h3>\n<p><span>Takzvan\u00e1 hlavn\u00ed budova je b\u00fdval\u00e1 pokladna tribuny. Do poloviny 70. let byla takov\u00e1 p\u0159edn\u00ed budova na za\u010d\u00e1tku i na konci tribuny. Dnes z\u016fstal pouze z\u00e1padn\u00ed konec mnichovsk\u00e9ho leti\u0161t\u011b. Toto bylo rozs\u00e1hle zrekonstruov\u00e1no jako BUGA LOUNGE pro Federal Horticultural Show a bylo mo\u017en\u00e9 si ho pronajmout s 530 m\u00b2 u\u017eitn\u00e9 plochy a\u017e pro 500 osob. <\/span><\/p>\n<p><span>Od poloviny roku 2014 nen\u00ed p\u0159edn\u00ed budova ofici\u00e1ln\u011b vyu\u017e\u00edv\u00e1na, budovu ji\u017e nelze pronaj\u00edmat.<\/span><\/p>\n<p>&nbsp;<\/p>\n<p>&nbsp;<\/p>\n<p>[\/et_pb_text][\/et_pb_column][et_pb_column type=\u201c1_2\u2033 _builder_version=\u201c4.16\u2033 custom_padding=\u201c|||\u201c global_colors_info=\u201d{}\u201d custom_padding__hover=\u201d|||\u201d][et_pb_text _builder_version=\u201d4.16\u2033 global_colors_info=\u201d{}\u201d]<div id=\"attachment_2638\" style=\"width: 610px\" class=\"wp-caption alignnone\"><img loading=\"lazy\" decoding=\"async\" aria-describedby=\"caption-attachment-2638\" src=\"https:\/\/flughafen-muenchen-riem.de\/wp-content\/uploads\/2018\/12\/kopfbau.jpg\" width=\"600\" height=\"291\" alt=\"\" class=\"wp-image-2638 size-full\" srcset=\"https:\/\/flughafen-muenchen-riem.de\/wp-content\/uploads\/2018\/12\/kopfbau.jpg 600w, https:\/\/flughafen-muenchen-riem.de\/wp-content\/uploads\/2018\/12\/kopfbau-300x146.jpg 300w\" sizes=\"(max-width: 600px) 100vw, 600px\" \/><p id=\"caption-attachment-2638\" class=\"wp-caption-text\">B\u00fdval\u00e1 pokladna hledi\u0161t\u011b Riem, od roku 2005 BUGA LOUNGE<\/p><\/div>[\/et_pb_text][\/et_pb_column][\/et_pb_row][et_pb_row column_structure=\u201c1_2,1_2\u2033 _builder_version=\u201c4.16\u2033 global_colors_info=\u201c{}\u201c][et_pb_column type=\u201c1_2\u2033 _builder_version=\u201c4.16\u2033 custom_padding=&quot;|||&quot; global_colors_info=\u201d{}\u201d custom_padding__hover=\u201d|||\u201d][et_pb_text _builder_version=\u201d4.16\u2033 global_colors_info=\u201d{}\u201d]<div id=\"attachment_2639\" style=\"width: 610px\" class=\"wp-caption alignnone\"><img loading=\"lazy\" decoding=\"async\" aria-describedby=\"caption-attachment-2639\" src=\"https:\/\/flughafen-muenchen-riem.de\/wp-content\/uploads\/2018\/12\/rest-start-landebahn-flughafen-muenchen-riem.jpg\" width=\"600\" height=\"270\" alt=\"\" class=\"wp-image-2639 size-full\" srcset=\"https:\/\/flughafen-muenchen-riem.de\/wp-content\/uploads\/2018\/12\/rest-start-landebahn-flughafen-muenchen-riem.jpg 600w, https:\/\/flughafen-muenchen-riem.de\/wp-content\/uploads\/2018\/12\/rest-start-landebahn-flughafen-muenchen-riem-300x135.jpg 300w\" sizes=\"(max-width: 600px) 100vw, 600px\" \/><p id=\"caption-attachment-2639\" class=\"wp-caption-text\">Zbytky ranveje (SLB) \/ ranveje na leti\u0161ti Mnichov-Riem<\/p><\/div>[\/et_pb_text][\/et_pb_column][et_pb_column type=\u201c1_2\u2033 _builder_version=\u201c4.16\u2033 custom_padding=\u201c|||\u201c global_colors_info=\u201d{}\u201d custom_padding__hover=\u201d|||\u201d][et_pb_text _builder_version=\u201d4.16\u2033 global_colors_info=\u201d{}\u201d]<\/p>\n<h3>\u00dasek dr\u00e1hy<\/h3>\n<p>Kus star\u00e9 dr\u00e1hy Mnichov-Riem byl v roce 2005 ponech\u00e1n pro v\u00fdstavu &quot;Ingold Airlines&quot; p\u0159i Spolkov\u00e9 zahradnick\u00e9 v\u00fdstav\u011b - nebo byl do t\u00e9 doby zachoval\u00fd kus zkr\u00e1cen (zbyte\u010dn\u011b).<\/p>\n<p>Oblast se nach\u00e1z\u00ed v p\u0159\u00edrodn\u00ed rezervaci a je tedy dostupn\u00e1 pouze p\u011b\u0161ky nebo na kole.<\/p>\n<p>&nbsp;<\/p>\n<p>[\/et_pb_text][\/et_pb_column][\/et_pb_row][et_pb_row column_structure=\u201c1_2,1_2\u2033 _builder_version=\u201c4.16\u2033 global_colors_info=\u201c{}\u201c][et_pb_column type=\u201c1_2\u2033 _builder_version=\u201c4.16\u2033 custom_padding=&quot;|||&quot; global_colors_info=\u201d{}\u201d custom_padding__hover=\u201d|||\u201d][et_pb_text _builder_version=\u201d4.16\u2033 global_colors_info=\u201d{}\u201d]<\/p>\n<h3>\u010c\u00e1ry star\u00e9 dr\u00e1hy<\/h3>\n<p>Jsou to velmi skryt\u00e9 odkazy na star\u00e9 mnichovsk\u00e9 leti\u0161t\u011b, kter\u00e9 jsou ze zem\u011b t\u011b\u017eko vid\u011bt.<\/p>\n<p>Nap\u0159\u00edklad linie star\u00e9 dr\u00e1hy v Georg-Kerschensteiner-Strasse jsou zapu\u0161t\u011bny do zem\u011b. Z\u00e1padn\u00ed \u010d\u00e1st ranveje pobl\u00ed\u017e nov\u00e9 \u201eFlughafen-Riem-Strasse\u201c je vid\u011bt ze vzduchu.<\/p>\n<p>&nbsp;<\/p>\n<p>&nbsp;<\/p>\n<p>[\/et_pb_text][\/et_pb_column][et_pb_column type=\u201c1_2\u2033 _builder_version=\u201c4.16\u2033 custom_padding=\u201c|||\u201c global_colors_info=\u201d{}\u201d custom_padding__hover=\u201d|||\u201d][et_pb_text _builder_version=\u201d4.16\u2033 global_colors_info=\u201d{}\u201d]<\/p>\n<div id=\"attachment_2642\" style=\"width: 610px\" class=\"wp-caption alignnone\"><img loading=\"lazy\" decoding=\"async\" aria-describedby=\"caption-attachment-2642\" src=\"https:\/\/flughafen-muenchen-riem.de\/wp-content\/uploads\/2018\/12\/linienfuehrung.jpg\" width=\"600\" height=\"270\" alt=\"\" class=\"wp-image-2642 size-full\" srcset=\"https:\/\/flughafen-muenchen-riem.de\/wp-content\/uploads\/2018\/12\/linienfuehrung.jpg 600w, https:\/\/flughafen-muenchen-riem.de\/wp-content\/uploads\/2018\/12\/linienfuehrung-300x135.jpg 300w\" sizes=\"(max-width: 600px) 100vw, 600px\" \/><p id=\"caption-attachment-2642\" class=\"wp-caption-text\">Pr\u016fb\u011bh dr\u00e1hy v Riem \u00a9 Google Earth, Foto: Renate W\u00f6he<\/p><\/div>\n<p>[\/et_pb_text][\/et_pb_column][\/et_pb_row][et_pb_row column_structure=\u201c1_2,1_2\u2033 _builder_version=\u201c4.16\u2033 global_colors_info=\u201c{}\u201c][et_pb_column type=\u201c1_2\u2033 _builder_version=\u201c4.16\u2033 custom_padding=&quot;|||&quot; global_colors_info=\u201d{}\u201d custom_padding__hover=\u201d|||\u201d][et_pb_text _builder_version=\u201d4.16\u2033 global_colors_info=\u201d{}\u201d]<\/p>\n<div id=\"attachment_2652\" style=\"width: 610px\" class=\"wp-caption alignnone\"><img loading=\"lazy\" decoding=\"async\" aria-describedby=\"caption-attachment-2652\" src=\"https:\/\/flughafen-muenchen-riem.de\/wp-content\/uploads\/2018\/12\/abflug.jpg\" width=\"600\" height=\"270\" alt=\"\" class=\"wp-image-2652 size-full\" srcset=\"https:\/\/flughafen-muenchen-riem.de\/wp-content\/uploads\/2018\/12\/abflug.jpg 600w, https:\/\/flughafen-muenchen-riem.de\/wp-content\/uploads\/2018\/12\/abflug-300x135.jpg 300w\" sizes=\"(max-width: 600px) 100vw, 600px\" \/><p id=\"caption-attachment-2652\" class=\"wp-caption-text\">Odjezdov\u00e1 zna\u010dka star\u00e9 licence CC mnichovsk\u00e9ho leti\u0161t\u011b - U\u017eivatel: Pahu<\/p><\/div>\n<p>[\/et_pb_text][\/et_pb_column][et_pb_column type=\u201c1_2\u2033 _builder_version=\u201c4.16\u2033 custom_padding=\u201c|||\u201c global_colors_info=\u201d{}\u201d custom_padding__hover=\u201d|||\u201d][et_pb_text _builder_version=\u201d4.16\u2033 global_colors_info=\u201d{}\u201d]<\/p>\n<h3>Odjezd znamen\u00ed<\/h3>\n<p><span>Odjezdov\u00e1 zna\u010dka leti\u0161t\u011b Riemer zape\u010det\u011bn\u00e1 v betonu v parku Riemer Buga. Abfugschild kdysi tr\u016fnil p\u0159ed erbovn\u00ed s\u00edn\u00ed a nyn\u00ed je pln\u011b p\u0159\u00edstupn\u00fd.\u00a0<\/span><\/p>\n<p><span>Star\u00e1 odjezdov\u00e1 zna\u010dka leti\u0161t\u011b Riem je tak\u00e9 na linii star\u00e9 ranveje na z\u00e1pad\u011b star\u00e9 leti\u0161tn\u00ed plochy, tak\u00e9 pobl\u00ed\u017e nov\u00e9 \u201eFlughafen-Riem-Strasse\u201c.<\/span><\/p>\n<p>&nbsp;<\/p>\n<p>[\/ et_pb_text] [\/ et_pb_column] [\/ et_pb_row] [\/ et_pb_section]<\/p>","protected":false},"excerpt":{"rendered":"<p>Leti\u0161t\u011b Mnichov-Riem bylo ofici\u00e1ln\u011b vy\u0159azeno z provozu 16. kv\u011btna 1992 ve 22:55 po t\u00e9m\u011b\u0159 53 letech slu\u017eby, provozn\u00ed licence jako leti\u0161t\u011b vypr\u0161ela v srpnu 1992.<\/p>\n<p>Na m\u00edst\u011b star\u00e9ho leti\u0161t\u011b se nyn\u00ed nach\u00e1z\u00ed Nov\u00e9 mnichovsk\u00e9 v\u00fdstavi\u0161t\u011b a tak\u00e9 Buga Park, kter\u00fd je obklopen nov\u011b vznikl\u00fdm veletr\u017en\u00edm m\u011bstem.<\/p>","protected":false},"author":1,"featured_media":2656,"parent":0,"menu_order":0,"comment_status":"closed","ping_status":"closed","template":"","meta":{"_acf_changed":false,"_et_pb_use_builder":"on","_et_pb_old_content":"","_et_gb_content_width":"","footnotes":""},"dipi_cpt_category":[],"class_list":["post-2617","page","type-page","status-publish","has-post-thumbnail","hentry"],"acf":[],"_links":{"self":[{"href":"https:\/\/flughafen-muenchen-riem.de\/cs\/wp-json\/wp\/v2\/pages\/2617","targetHints":{"allow":["GET"]}}],"collection":[{"href":"https:\/\/flughafen-muenchen-riem.de\/cs\/wp-json\/wp\/v2\/pages"}],"about":[{"href":"https:\/\/flughafen-muenchen-riem.de\/cs\/wp-json\/wp\/v2\/types\/page"}],"author":[{"embeddable":true,"href":"https:\/\/flughafen-muenchen-riem.de\/cs\/wp-json\/wp\/v2\/users\/1"}],"replies":[{"embeddable":true,"href":"https:\/\/flughafen-muenchen-riem.de\/cs\/wp-json\/wp\/v2\/comments?post=2617"}],"version-history":[{"count":0,"href":"https:\/\/flughafen-muenchen-riem.de\/cs\/wp-json\/wp\/v2\/pages\/2617\/revisions"}],"wp:featuredmedia":[{"embeddable":true,"href":"https:\/\/flughafen-muenchen-riem.de\/cs\/wp-json\/wp\/v2\/media\/2656"}],"wp:attachment":[{"href":"https:\/\/flughafen-muenchen-riem.de\/cs\/wp-json\/wp\/v2\/media?parent=2617"}],"wp:term":[{"taxonomy":"dipi_cpt_category","embeddable":true,"href":"https:\/\/flughafen-muenchen-riem.de\/cs\/wp-json\/wp\/v2\/dipi_cpt_category?post=2617"}],"curies":[{"name":"wp","href":"https:\/\/api.w.org\/{rel}","templated":true}]}}