{"id":2514,"date":"2018-12-25T19:20:33","date_gmt":"2018-12-25T18:20:33","guid":{"rendered":"https:\/\/flughafen-muenchen-riem.de\/?page_id=2514"},"modified":"2021-11-14T03:04:13","modified_gmt":"2021-11-14T02:04:13","slug":"datenschutz","status":"publish","type":"page","link":"https:\/\/flughafen-muenchen-riem.de\/cs\/datenschutz\/","title":{"rendered":"ochrana dat"},"content":{"rendered":"<p>[et_pb_section fb_built = &quot;1 \u2033 _builder_version =&quot; 3.22 \u2033 global_colors_info = &quot;{}&quot;] [et_pb_row _builder_version = &quot;3.25 \u2033 global_colors_info =&quot; {} &quot;] [et_pb_3 verze ding = 4. verze 4 \u2033 4_4. \u2033 _dinger_version = \u201c3.25 \u2033 | \u201cGlobal_colors_info =\u201c {} \u201ccustom_padding__hover =\u201c ||| \u201c] [et_pb_text _builder_version =\u201c 3.27.4 \u2033 global_colors_info = \u201e{}\u201c]<\/p>\n<h2>1. Ochrana dat na prvn\u00ed pohled<\/h2>\n<h3><\/h3>\n<h3><\/h3>\n<h3>Obecn\u00e1 informace<\/h3>\n<p>N\u00e1sleduj\u00edc\u00ed informace poskytuj\u00ed jednoduch\u00fd p\u0159ehled o tom, co se stane s va\u0161imi osobn\u00edmi \u00fadaji, kdy\u017e nav\u0161t\u00edv\u00edte na\u0161e webov\u00e9 str\u00e1nky. Osobn\u00ed \u00fadaje jsou v\u0161echny \u00fadaje, se kter\u00fdmi m\u016f\u017eete b\u00fdt osobn\u011b identifikov\u00e1ni. Podrobn\u00e9 informace o p\u0159edm\u011btu ochrany \u00fadaj\u016f naleznete v na\u0161em prohl\u00e1\u0161en\u00ed o ochran\u011b \u00fadaj\u016f, kter\u00e9 je uvedeno pod t\u00edmto textem.<\/p>\n<h3><\/h3>\n<h3><\/h3>\n<h3>Sb\u011br dat na na\u0161em webu<\/h3>\n<p><strong>Kdo je zodpov\u011bdn\u00fd za shroma\u017e\u010fov\u00e1n\u00ed \u00fadaj\u016f na tomto webu?<\/strong><\/p>\n<p>Zpracov\u00e1n\u00ed \u00fadaj\u016f na tomto webu prov\u00e1d\u00ed provozovatel webu. Jejich kontaktn\u00ed \u00fadaje najdete v tir\u00e1\u017ei tohoto webu.<\/p>\n<p><strong>Jak shroma\u017e\u010fujeme va\u0161e \u00fadaje?<\/strong><\/p>\n<p>Na jedn\u00e9 stran\u011b se va\u0161e \u00fadaje shroma\u017e\u010fuj\u00ed, kdy\u017e n\u00e1m je sd\u011bl\u00edte. Mohou to b\u00fdt nap\u0159\u00edklad \u00fadaje, kter\u00e9 zad\u00e1te do kontaktn\u00edho formul\u00e1\u0159e.<\/p>\n<p>Ostatn\u00ed \u00fadaje jsou automaticky zaznamen\u00e1v\u00e1ny na\u0161imi IT syst\u00e9my, kdy\u017e nav\u0161t\u00edv\u00edte webovou str\u00e1nku. Jedn\u00e1 se p\u0159edev\u0161\u00edm o technick\u00e9 \u00fadaje (nap\u0159. internetov\u00fd prohl\u00ed\u017ee\u010d, opera\u010dn\u00ed syst\u00e9m nebo \u010das zobrazen\u00ed str\u00e1nky). Tyto \u00fadaje se shroma\u017e\u010fuj\u00ed automaticky, jakmile vstoup\u00edte na na\u0161e webov\u00e9 str\u00e1nky.<\/p>\n<p><strong>K \u010demu va\u0161e \u00fadaje pou\u017e\u00edv\u00e1me?<\/strong><\/p>\n<p>N\u011bkter\u00e1 data jsou shroma\u017e\u010fov\u00e1na za \u00fa\u010delem zaji\u0161t\u011bn\u00ed bezchybnosti webu. Dal\u0161\u00ed \u00fadaje lze pou\u017e\u00edt k anal\u00fdze va\u0161eho u\u017eivatelsk\u00e9ho chov\u00e1n\u00ed.<\/p>\n<p><strong>Jak\u00e1 pr\u00e1va m\u00e1te ohledn\u011b sv\u00fdch \u00fadaj\u016f?<\/strong><\/p>\n<p>M\u00e1te pr\u00e1vo kdykoli zdarma obdr\u017eet informace o p\u016fvodu, p\u0159\u00edjemci a \u00fa\u010delu va\u0161ich ulo\u017een\u00fdch osobn\u00edch \u00fadaj\u016f. M\u00e1te tak\u00e9 pr\u00e1vo po\u017eadovat opravu, zablokov\u00e1n\u00ed nebo vymaz\u00e1n\u00ed t\u011bchto \u00fadaj\u016f. M\u00e1te-li jak\u00e9koli dal\u0161\u00ed dotazy k t\u00e9matu ochrany \u00fadaj\u016f, m\u016f\u017eete n\u00e1s kdykoli kontaktovat na adrese uveden\u00e9 v pr\u00e1vn\u00edm upozorn\u011bn\u00ed. M\u00e1te tak\u00e9 pr\u00e1vo podat st\u00ed\u017enost u p\u0159\u00edslu\u0161n\u00e9ho dozorov\u00e9ho \u00fa\u0159adu.<\/p>\n<h3><\/h3>\n<h3><\/h3>\n<h3>Analytick\u00e9 n\u00e1stroje a n\u00e1stroje t\u0159et\u00edch stran<\/h3>\n<p>Kdy\u017e nav\u0161t\u00edv\u00edte na\u0161e webov\u00e9 str\u00e1nky, va\u0161e chov\u00e1n\u00ed p\u0159i surfov\u00e1n\u00ed m\u016f\u017ee b\u00fdt statisticky vyhodnoceno. To se d\u011bje p\u0159edev\u0161\u00edm pomoc\u00ed soubor\u016f cookie a takzvan\u00fdch analytick\u00fdch program\u016f. Va\u0161e chov\u00e1n\u00ed p\u0159i surfov\u00e1n\u00ed je obvykle analyzov\u00e1no anonymn\u011b; chov\u00e1n\u00ed p\u0159i surfov\u00e1n\u00ed nelze zp\u011btn\u011b vysledovat k v\u00e1m. Proti t\u00e9to anal\u00fdze m\u016f\u017eete vzn\u00e9st n\u00e1mitky nebo j\u00ed zabr\u00e1nit t\u00edm, \u017ee nebudete pou\u017e\u00edvat ur\u010dit\u00e9 n\u00e1stroje. Podrobn\u00e9 informace k tomu naleznete v n\u00e1sleduj\u00edc\u00edm prohl\u00e1\u0161en\u00ed o ochran\u011b \u00fadaj\u016f.<\/p>\n<p>Proti t\u00e9to anal\u00fdze m\u016f\u017eete vzn\u00e9st n\u00e1mitku. O mo\u017enostech n\u00e1mitky v\u00e1s budeme informovat v tomto prohl\u00e1\u0161en\u00ed o ochran\u011b \u00fadaj\u016f.<\/p>\n<h2><\/h2>\n<h2><\/h2>\n<h2>2. Obecn\u00e9 informace a povinn\u00e9 informace<\/h2>\n<h3><\/h3>\n<h3><\/h3>\n<h3>ochrana dat<\/h3>\n<p>Provozovatel\u00e9 tohoto webu berou ochranu va\u0161ich osobn\u00edch \u00fadaj\u016f velmi v\u00e1\u017en\u011b. S va\u0161imi osobn\u00edmi \u00fadaji nakl\u00e1d\u00e1me d\u016fv\u011brn\u011b a v souladu se z\u00e1konn\u00fdmi p\u0159edpisy o ochran\u011b \u00fadaj\u016f a t\u00edmto prohl\u00e1\u0161en\u00edm o ochran\u011b \u00fadaj\u016f.<\/p>\n<p>Kdy\u017e pou\u017e\u00edv\u00e1te tento web, shroma\u017e\u010fuj\u00ed se r\u016fzn\u00e9 osobn\u00ed \u00fadaje. Osobn\u00ed \u00fadaje jsou \u00fadaje, se kter\u00fdmi m\u016f\u017eete b\u00fdt osobn\u011b identifikov\u00e1ni. Toto prohl\u00e1\u0161en\u00ed o ochran\u011b \u00fadaj\u016f vysv\u011btluje, kter\u00e1 data shroma\u017e\u010fujeme a k \u010demu je pou\u017e\u00edv\u00e1me. Vysv\u011btluje tak\u00e9, jak a za jak\u00fdm \u00fa\u010delem se to d\u011bl\u00e1.<\/p>\n<p>R\u00e1di bychom upozornili, \u017ee p\u0159enos dat p\u0159es internet (nap\u0159. p\u0159i komunikaci e-mailem) m\u016f\u017ee m\u00edt bezpe\u010dnostn\u00ed mezery. \u00dapln\u00e1 ochrana dat p\u0159ed p\u0159\u00edstupem t\u0159et\u00edch stran nen\u00ed mo\u017en\u00e1.<\/p>\n<h3><\/h3>\n<h3>Pozn\u00e1mka k odpov\u011bdn\u00e9mu org\u00e1nu<\/h3>\n<p>Odpov\u011bdn\u00fdm org\u00e1nem za zpracov\u00e1n\u00ed \u00fadaj\u016f na t\u00e9to webov\u00e9 str\u00e1nce je:<\/p>\n<p>SKV\u011aL\u00c9 \u0159e\u0161en\u00ed<br \/>Carsten Tauber<br \/>Lerchenfeldstr. 15<br \/>94060 Pocking<\/p>\n<p>Telefon: +49 (0) 8531\/978 588 - 0<br \/>E-mail: info@greatsolution.de<\/p>\n<p>Odpov\u011bdn\u00fdm org\u00e1nem je fyzick\u00e1 nebo pr\u00e1vnick\u00e1 osoba, kter\u00e1 sama nebo spole\u010dn\u011b s jin\u00fdmi rozhoduje o \u00fa\u010delech a prost\u0159edc\u00edch zpracov\u00e1n\u00ed osobn\u00edch \u00fadaj\u016f (nap\u0159. jm\u00e9na, e-mailov\u00e9 adresy atd.).<\/p>\n<h3><\/h3>\n<h3><\/h3>\n<h3>Odvol\u00e1n\u00ed va\u0161eho souhlasu se zpracov\u00e1n\u00edm \u00fadaj\u016f<\/h3>\n<p>Mnoho operac\u00ed zpracov\u00e1n\u00ed \u00fadaj\u016f je mo\u017en\u00e9 pouze s va\u0161\u00edm v\u00fdslovn\u00fdm souhlasem. Sv\u016fj souhlas m\u016f\u017eete kdykoli odvolat. Sta\u010d\u00ed n\u00e1m poslat neform\u00e1ln\u00ed e-mail. Z\u00e1konnost zpracov\u00e1n\u00ed \u00fadaj\u016f proveden\u00e9ho p\u0159ed odvol\u00e1n\u00edm z\u016fst\u00e1v\u00e1 odvol\u00e1n\u00edm nedot\u010dena.<\/p>\n<h3><\/h3>\n<h3><\/h3>\n<h3>Pr\u00e1vo na odvol\u00e1n\u00ed u p\u0159\u00edslu\u0161n\u00e9ho dozorov\u00e9ho \u00fa\u0159adu<\/h3>\n<p>V p\u0159\u00edpad\u011b poru\u0161en\u00ed z\u00e1kona o ochran\u011b osobn\u00edch \u00fadaj\u016f m\u00e1 dot\u010den\u00e1 osoba pr\u00e1vo podat st\u00ed\u017enost u p\u0159\u00edslu\u0161n\u00e9ho dozorov\u00e9ho \u00fa\u0159adu. P\u0159\u00edslu\u0161n\u00fdm dozorov\u00fdm \u00fa\u0159adem pro ot\u00e1zky ochrany \u00fadaj\u016f je st\u00e1tn\u00ed pov\u011b\u0159enec pro ochranu \u00fadaj\u016f feder\u00e1ln\u00edho st\u00e1tu, ve kter\u00e9m m\u00e1 na\u0161e spole\u010dnost s\u00eddlo. Seznam pov\u011b\u0159enc\u016f pro ochranu osobn\u00edch \u00fadaj\u016f a jejich kontaktn\u00ed \u00fadaje naleznete na n\u00e1sleduj\u00edc\u00edm odkazu:<span>\u00a0<\/span><a href=\"https:\/\/www.bfdi.bund.de\/DE\/Infothek\/Anschriften_Links\/anschriften_links-node.html\" target=\"_blank\" rel=\"noopener\">https:\/\/www.bfdi.bund.de\/DE\/Infothek\/Anschriften_Links\/anschriften_links-node.html<\/a>.<\/p>\n<h3><\/h3>\n<h3><\/h3>\n<h3>Pr\u00e1vo na p\u0159enositelnost \u00fadaj\u016f<\/h3>\n<p>M\u00e1te pr\u00e1vo na to, aby \u00fadaje, kter\u00e9 zpracov\u00e1v\u00e1me automaticky na z\u00e1klad\u011b va\u0161eho souhlasu nebo v r\u00e1mci pln\u011bn\u00ed smlouvy, byly v\u00e1m nebo t\u0159et\u00ed stran\u011b p\u0159ed\u00e1ny v b\u011b\u017en\u00e9m strojov\u011b \u010diteln\u00e9m form\u00e1tu. Pokud po\u017e\u00e1d\u00e1te o p\u0159\u00edm\u00e9 p\u0159ed\u00e1n\u00ed \u00fadaj\u016f jin\u00e9 odpov\u011bdn\u00e9 osob\u011b, bude to provedeno pouze v p\u0159\u00edpad\u011b, \u017ee je to technicky provediteln\u00e9.<\/p>\n<h3><\/h3>\n<h3><\/h3>\n<h3>SSL nebo TLS \u0161ifrov\u00e1n\u00ed<\/h3>\n<p>Z bezpe\u010dnostn\u00edch d\u016fvod\u016f a pro ochranu p\u0159enosu d\u016fv\u011brn\u00e9ho obsahu, jako jsou objedn\u00e1vky nebo dotazy, kter\u00e9 n\u00e1m jako provozovateli webu zas\u00edl\u00e1te, pou\u017e\u00edv\u00e1 tato str\u00e1nka SSL resp. TLS \u0161ifrov\u00e1n\u00ed. \u0160ifrovan\u00e9 spojen\u00ed pozn\u00e1te podle toho, \u017ee se \u0159\u00e1dek adresy prohl\u00ed\u017ee\u010de zm\u011bn\u00ed z \u201ehttps: \/\/\u201c na \u201ehttps: \/\/\u201c a podle symbolu z\u00e1mku v \u0159\u00e1dku va\u0161eho prohl\u00ed\u017ee\u010de.<\/p>\n<p>Pokud je aktivov\u00e1no \u0161ifrov\u00e1n\u00ed SSL nebo TLS, data, kter\u00e1 n\u00e1m p\u0159ed\u00e1v\u00e1te, nemohou b\u00fdt \u010dtena t\u0159et\u00edmi stranami.<\/p>\n<h3><\/h3>\n<h3><\/h3>\n<h3>Informace, blokov\u00e1n\u00ed, maz\u00e1n\u00ed<\/h3>\n<p>V r\u00e1mci platn\u00fdch z\u00e1konn\u00fdch ustanoven\u00ed m\u00e1te pr\u00e1vo na bezplatn\u00e9 informace o sv\u00fdch ulo\u017een\u00fdch osobn\u00edch \u00fadaj\u00edch, jejich p\u016fvodu a p\u0159\u00edjemci a \u00fa\u010delu zpracov\u00e1n\u00ed \u00fadaj\u016f a v p\u0159\u00edpad\u011b pot\u0159eby pr\u00e1vo na opravu, zablokov\u00e1n\u00ed nebo v\u00fdmaz t\u011bchto \u00fadaj\u016f. M\u00e1te-li jak\u00e9koli dal\u0161\u00ed dotazy k t\u00e9matu osobn\u00edch \u00fadaj\u016f, m\u016f\u017eete n\u00e1s kdykoli kontaktovat na adrese uveden\u00e9 v pr\u00e1vn\u00edm upozorn\u011bn\u00ed.<\/p>\n<h3><\/h3>\n<h3><\/h3>\n<h3>N\u00e1mitka proti reklamn\u00edm e-mail\u016fm<\/h3>\n<p>T\u00edmto nesouhlas\u00edme s pou\u017e\u00edv\u00e1n\u00edm kontaktn\u00edch \u00fadaj\u016f zve\u0159ejn\u011bn\u00fdch v r\u00e1mci povinnosti tir\u00e1\u017e pro zas\u00edl\u00e1n\u00ed nevy\u017e\u00e1dan\u00fdch reklamn\u00edch a informa\u010dn\u00edch materi\u00e1l\u016f. Provozovatel\u00e9 str\u00e1nek si v\u00fdslovn\u011b vyhrazuj\u00ed pr\u00e1vo podniknout pr\u00e1vn\u00ed kroky v p\u0159\u00edpad\u011b nevy\u017e\u00e1dan\u00e9ho zas\u00edl\u00e1n\u00ed reklamn\u00edch informac\u00ed, jako jsou spamov\u00e9 e-maily.<\/p>\n<h2><\/h2>\n<h2><\/h2>\n<h2>3. Sb\u011br dat na na\u0161ich webov\u00fdch str\u00e1nk\u00e1ch<\/h2>\n<h3><\/h3>\n<h3><\/h3>\n<h3>Soubory cookie<\/h3>\n<p>N\u011bkter\u00e9 z internetov\u00fdch str\u00e1nek vyu\u017e\u00edvaj\u00ed tzv. cookies. Soubory cookie nepo\u0161kozuj\u00ed v\u00e1\u0161 po\u010d\u00edta\u010d a neobsahuj\u00ed viry. Cookies slou\u017e\u00ed k tomu, aby na\u0161e nab\u00eddka byla u\u017eivatelsky p\u0159\u00edv\u011btiv\u011bj\u0161\u00ed, efektivn\u011bj\u0161\u00ed a bezpe\u010dn\u011bj\u0161\u00ed. Cookies jsou mal\u00e9 textov\u00e9 soubory, kter\u00e9 se ukl\u00e1daj\u00ed ve va\u0161em po\u010d\u00edta\u010di a ukl\u00e1daj\u00ed va\u0161\u00edm prohl\u00ed\u017ee\u010dem.<\/p>\n<p>V\u011bt\u0161ina soubor\u016f cookie, kter\u00e9 pou\u017e\u00edv\u00e1me, jsou takzvan\u00e9 \u201ecookies relace\u201c. Po va\u0161\u00ed n\u00e1v\u0161t\u011bv\u011b se automaticky sma\u017eou. Ostatn\u00ed soubory cookie z\u016fst\u00e1vaj\u00ed ulo\u017eeny ve va\u0161em za\u0159\u00edzen\u00ed, dokud je nesma\u017eete. Tyto soubory cookie n\u00e1m umo\u017e\u0148uj\u00ed rozpoznat v\u00e1\u0161 prohl\u00ed\u017ee\u010d p\u0159i p\u0159\u00ed\u0161t\u00ed n\u00e1v\u0161t\u011bv\u011b.<\/p>\n<p>Sv\u016fj prohl\u00ed\u017ee\u010d m\u016f\u017eete nastavit tak, abyste byli informov\u00e1ni o nastaven\u00ed soubor\u016f cookie a povolili soubory cookie pouze v jednotliv\u00fdch p\u0159\u00edpadech, vylou\u010dili p\u0159ij\u00edm\u00e1n\u00ed soubor\u016f cookie pro ur\u010dit\u00e9 p\u0159\u00edpady nebo obecn\u011b a aktivovali automatick\u00e9 maz\u00e1n\u00ed soubor\u016f cookie p\u0159i zav\u0159en\u00ed prohl\u00ed\u017ee\u010de. Pokud jsou soubory cookie deaktivov\u00e1ny, m\u016f\u017ee b\u00fdt omezena funk\u010dnost tohoto webu.<\/p>\n<p>Soubory cookie, kter\u00e9 jsou nutn\u00e9 k prov\u00e1d\u011bn\u00ed procesu elektronick\u00e9 komunikace nebo k poskytov\u00e1n\u00ed ur\u010dit\u00fdch funkc\u00ed, kter\u00e9 po\u017eadujete (nap\u0159. funkce n\u00e1kupn\u00edho ko\u0161\u00edku), jsou ukl\u00e1d\u00e1ny na z\u00e1klad\u011b \u010dl. 6 odst. 1 p\u00edsm. f GDPR. Provozovatel webu m\u00e1 opr\u00e1vn\u011bn\u00fd z\u00e1jem na ukl\u00e1d\u00e1n\u00ed cookies pro technicky bezchybn\u00e9 a optimalizovan\u00e9 poskytov\u00e1n\u00ed jeho slu\u017eeb. Pokud jsou ulo\u017eeny dal\u0161\u00ed soubory cookie (nap\u0159. soubory cookie pro anal\u00fdzu va\u0161eho chov\u00e1n\u00ed p\u0159i surfov\u00e1n\u00ed), bude s nimi v tomto prohl\u00e1\u0161en\u00ed o ochran\u011b \u00fadaj\u016f nakl\u00e1d\u00e1no samostatn\u011b.<\/p>\n<h3><\/h3>\n<h3><\/h3>\n<h3>Soubory protokolu serveru<\/h3>\n<p>Poskytovatel str\u00e1nek automaticky shroma\u017e\u010fuje a ukl\u00e1d\u00e1 informace v takzvan\u00fdch souborech protokolu serveru, kter\u00e9 n\u00e1m v\u00e1\u0161 prohl\u00ed\u017ee\u010d automaticky p\u0159ed\u00e1v\u00e1. Tyto jsou:<\/p>\n<ul>\n<li>Typ prohl\u00ed\u017ee\u010de a verze prohl\u00ed\u017ee\u010de<\/li>\n<li>pou\u017eit\u00fd opera\u010dn\u00ed syst\u00e9m<\/li>\n<li>Referen\u010dn\u00ed adresa URL<\/li>\n<li>N\u00e1zev hostitele p\u0159istupuj\u00edc\u00edho po\u010d\u00edta\u010de<\/li>\n<li>\u010cas po\u017eadavku serveru<\/li>\n<li>IP adresa<\/li>\n<\/ul>\n<p>Tato data nebudou slou\u010dena s jin\u00fdmi zdroji dat.<\/p>\n<p>Z\u00e1kladem pro zpracov\u00e1n\u00ed \u00fadaj\u016f je \u010dl. 6 odst. 1 p\u00edsm. b) GDPR, kter\u00fd umo\u017e\u0148uje zpracov\u00e1n\u00ed \u00fadaj\u016f pro pln\u011bn\u00ed smlouvy nebo p\u0159edsmluvn\u00edch opat\u0159en\u00ed.<\/p>\n<h2><\/h2>\n<h2><\/h2>\n<h2>4. Analytick\u00e9 n\u00e1stroje a reklama<\/h2>\n<h3><\/h3>\n<h3>Google Analytics<\/h3>\n<p>Pokud jste ud\u011blili sv\u016fj souhlas, na t\u00e9to webov\u00e9 str\u00e1nce se pou\u017e\u00edv\u00e1 Google Analytics, slu\u017eba webov\u00e9 anal\u00fdzy poskytovan\u00e1 spole\u010dnost\u00ed Google LLC (\u201eGoogle\u201c). Pou\u017eit\u00ed zahrnuje provozn\u00ed re\u017eim \u201eUniversal Analytics\u201c. To umo\u017e\u0148uje p\u0159i\u0159adit data, relace a interakce nap\u0159\u00ed\u010d v\u00edce za\u0159\u00edzen\u00edmi k pseudonymn\u00edmu u\u017eivatelsk\u00e9mu ID a tak analyzovat aktivity u\u017eivatele nap\u0159\u00ed\u010d za\u0159\u00edzen\u00edmi.<\/p>\n<p>Google Analytics pou\u017e\u00edv\u00e1 takzvan\u00e9 \u201ecookies\u201c, textov\u00e9 soubory, kter\u00e9 jsou ulo\u017eeny ve va\u0161em po\u010d\u00edta\u010di a kter\u00e9 umo\u017e\u0148uj\u00ed anal\u00fdzu va\u0161eho pou\u017e\u00edv\u00e1n\u00ed webov\u00e9 str\u00e1nky. Informace generovan\u00e9 souborem cookie o va\u0161em pou\u017e\u00edv\u00e1n\u00ed t\u00e9to webov\u00e9 str\u00e1nky se obvykle p\u0159en\u00e1\u0161ej\u00ed na server Google v USA a tam se ukl\u00e1daj\u00ed. Pokud je na t\u00e9to webov\u00e9 str\u00e1nce aktivov\u00e1na anonymizace IP, bude va\u0161e IP adresa spole\u010dnost\u00ed Google p\u0159edem zkr\u00e1cena v r\u00e1mci \u010dlensk\u00fdch st\u00e1t\u016f Evropsk\u00e9 unie nebo v jin\u00fdch smluvn\u00edch st\u00e1tech Dohody o Evropsk\u00e9m hospod\u00e1\u0159sk\u00e9m prostoru. Cel\u00e1 IP adresa bude p\u0159enesena na server Google v USA a tam zkr\u00e1cena pouze ve v\u00fdjime\u010dn\u00fdch p\u0159\u00edpadech. R\u00e1di bychom upozornili, \u017ee Google Analytics byl na tomto webu roz\u0161\u00ed\u0159en o anonymizaci IP adres, aby bylo zaji\u0161t\u011bno anonymizovan\u00e9 shroma\u017e\u010fov\u00e1n\u00ed IP adres (tzv. IP maskov\u00e1n\u00ed). IP adresa p\u0159en\u00e1\u0161en\u00e1 va\u0161\u00edm prohl\u00ed\u017ee\u010dem v r\u00e1mci Google Analytics nebude slou\u010dena s jin\u00fdmi \u00fadaji Google. Dal\u0161\u00ed informace o podm\u00ednk\u00e1ch pou\u017eit\u00ed a ochran\u011b \u00fadaj\u016f viz<span>\u00a0<\/span><a href=\"https:\/\/www.google.com\/analytics\/terms\/de.html\" target=\"_blank\" rel=\"noopener\">https:\/\/www.google.com\/analytics\/terms\/de.html<\/a><span>\u00a0<\/span>nebo pod<span>\u00a0<\/span><a href=\"https:\/\/policies.google.com\/?hl=de\" target=\"_blank\" rel=\"noopener\">https:\/\/policies.google.com\/?hl=de<\/a>.<\/p>\n<p><strong>\u00da\u010dely zpracov\u00e1n\u00ed<\/strong><\/p>\n<p>Jm\u00e9nem provozovatele tohoto webu bude Google pou\u017e\u00edvat tyto informace k vyhodnocen\u00ed va\u0161eho pou\u017e\u00edv\u00e1n\u00ed webu, k sestavov\u00e1n\u00ed zpr\u00e1v o aktivit\u011b webu a k poskytov\u00e1n\u00ed dal\u0161\u00edch slu\u017eeb provozovateli webu souvisej\u00edc\u00edch s aktivitou na webu a pou\u017e\u00edv\u00e1n\u00edm internetu.<\/p>\n<p><strong>Pr\u00e1vn\u00ed z\u00e1klad<\/strong><\/p>\n<p>Pr\u00e1vn\u00edm z\u00e1kladem pro pou\u017e\u00edv\u00e1n\u00ed Google Analytics je v\u00e1\u0161 souhlas<span>\u00a0<\/span><a href=\"https:\/\/dsgvo-gesetz.de\/art-6-dsgvo\/\" target=\"_blank\" rel=\"noopener\">\u010dl. 6 odst. 1 v\u011bta 1 p\u00edsm<\/a>.<\/p>\n<p><strong>P\u0159\u00edjemci \/ kategorie p\u0159\u00edjemc\u016f<\/strong><\/p>\n<p>P\u0159\u00edjemcem shrom\u00e1\u017ed\u011bn\u00fdch \u00fadaj\u016f je spole\u010dnost Google.<\/p>\n<p><strong>P\u0159evod do t\u0159et\u00edch zem\u00ed<\/strong><\/p>\n<p>Osobn\u00ed \u00fadaje jsou p\u0159ed\u00e1v\u00e1ny do USA v r\u00e1mci EU-US Privacy Shield na z\u00e1klad\u011b rozhodnut\u00ed Evropsk\u00e9 komise o p\u0159im\u011b\u0159enosti. M\u016f\u017eete pou\u017e\u00edt certifik\u00e1t<span>\u00a0<\/span><a href=\"https:\/\/www.privacyshield.gov\/participant?id=a2zt000000001L5AAI\" target=\"_blank\" rel=\"noopener\">tady<\/a><span>\u00a0<\/span>odvol\u00e1n\u00ed.<\/p>\n<p><strong>Doba ulo\u017een\u00ed dat<\/strong><\/p>\n<p>\u00dadaje, kter\u00e9 ode\u0161leme a propoj\u00edme se soubory cookie, u\u017eivatelsk\u00fdmi ID (nap\u0159. ID u\u017eivatele) nebo reklamn\u00edmi ID, se po 14 m\u011bs\u00edc\u00edch automaticky sma\u017eou. Smaz\u00e1n\u00ed \u00fadaj\u016f, jejich\u017e doba uchov\u00e1v\u00e1n\u00ed uplynula, prob\u00edh\u00e1 automaticky jednou m\u011bs\u00ed\u010dn\u011b.<\/p>\n<p><strong>Dot\u010den\u00e1 pr\u00e1va<\/strong><\/p>\n<p>Sv\u016fj souhlas m\u016f\u017eete kdykoli odvolat s \u00fa\u010dinnost\u00ed do budoucna t\u00edm, \u017ee zabr\u00e1n\u00edte ukl\u00e1d\u00e1n\u00ed soubor\u016f cookie p\u0159\u00edslu\u0161n\u00fdm nastaven\u00edm softwaru va\u0161eho prohl\u00ed\u017ee\u010de; r\u00e1di bychom v\u0161ak upozornili, \u017ee v tomto p\u0159\u00edpad\u011b mo\u017en\u00e1 nebudete moci vyu\u017e\u00edvat v\u0161echny funkce t\u00e9to webov\u00e9 str\u00e1nky v pln\u00e9m rozsahu.<\/p>\n<p>M\u016f\u017eete tak\u00e9 zabr\u00e1nit spole\u010dnosti Google ve shroma\u017e\u010fov\u00e1n\u00ed \u00fadaj\u016f generovan\u00fdch souborem cookie a souvisej\u00edc\u00edch s va\u0161\u00edm pou\u017e\u00edv\u00e1n\u00edm webov\u00e9 str\u00e1nky (v\u010detn\u011b va\u0161\u00ed IP adresy) a ve zpracov\u00e1n\u00ed t\u011bchto \u00fadaj\u016f spole\u010dnost\u00ed Google.<span>\u00a0<\/span><a href=\"https:\/\/tools.google.com\/dlpage\/gaoptout?hl=de\" target=\"_blank\" rel=\"noopener\">Dopln\u011bk prohl\u00ed\u017ee\u010de<\/a><span>\u00a0<\/span>st\u00e1hnout a nainstalovat. Opt-out cookies zabra\u0148uj\u00ed budouc\u00edmu shroma\u017e\u010fov\u00e1n\u00ed va\u0161ich \u00fadaj\u016f p\u0159i n\u00e1v\u0161t\u011bv\u011b t\u00e9to webov\u00e9 str\u00e1nky. Abyste zabr\u00e1nili shroma\u017e\u010fov\u00e1n\u00ed \u00fadaj\u016f ze strany Universal Analytics na r\u016fzn\u00fdch za\u0159\u00edzen\u00edch, mus\u00edte prov\u00e9st odhl\u00e1\u0161en\u00ed na v\u0161ech pou\u017e\u00edvan\u00fdch syst\u00e9mech. Pokud kliknete zde, nastav\u00ed se opt-out cookie:<span>\u00a0<\/span><a><strong>Deaktivujte Google Analytics<\/strong><\/a><\/p>\n<p><em><strong>\u00a0<\/strong><\/em><\/p>\n<h2>5. Pluginy a n\u00e1stroje<\/p>\n<\/h2>\n<h3>Youtube<\/h3>\n<p>Na\u0161e webov\u00e9 str\u00e1nky mohou pou\u017e\u00edvat pluginy ze str\u00e1nek YouTube provozovan\u00fdch spole\u010dnost\u00ed Google. Provozovatelem webu je YouTube, LLC, 901 Cherry Ave., San Bruno, CA 94066, USA.\u00a0<span style=\"font-size: 14px;\">Pokud nav\u0161t\u00edv\u00edte n\u011bkterou z na\u0161ich str\u00e1nek vybaven\u00fdch z\u00e1suvn\u00fdm modulem YouTube, bude nav\u00e1z\u00e1no spojen\u00ed se servery YouTube. Server YouTube je informov\u00e1n, kter\u00e9 z na\u0161ich str\u00e1nek jste nav\u0161t\u00edvili.<\/span><\/p>\n<p>Pokud jste p\u0159ihl\u00e1\u0161eni ke sv\u00e9mu \u00fa\u010dtu YouTube, umo\u017en\u00edte YouTube p\u0159i\u0159adit va\u0161e chov\u00e1n\u00ed p\u0159i surfov\u00e1n\u00ed p\u0159\u00edmo k va\u0161emu osobn\u00edmu profilu. Tomu m\u016f\u017eete zabr\u00e1nit odhl\u00e1\u0161en\u00edm ze sv\u00e9ho \u00fa\u010dtu YouTube.\u00a0<span style=\"font-size: 14px;\">YouTube se pou\u017e\u00edv\u00e1 v z\u00e1jmu atraktivn\u00ed prezentace na\u0161ich online nab\u00eddek. To p\u0159edstavuje opr\u00e1vn\u011bn\u00fd z\u00e1jem ve smyslu \u010dl. 6 odst. 1 p\u00edsm.f GDPR.<\/span><\/p>\n<p>Dal\u0161\u00ed informace o nakl\u00e1d\u00e1n\u00ed s u\u017eivatelsk\u00fdmi \u00fadaji naleznete v prohl\u00e1\u0161en\u00ed o ochran\u011b \u00fadaj\u016f YouTube na adrese:<span>\u00a0<\/span><a href=\"https:\/\/www.google.de\/intl\/de\/policies\/privacy\" target=\"_blank\" rel=\"noopener\">https:\/\/www.google.de\/intl\/de\/policies\/privacy<\/a>.<\/p>\n<p>&nbsp;<\/p>\n<p><a><strong><\/strong><\/a><\/p>\n<p>[\/ et_pb_text] [\/ et_pb_column] [\/ et_pb_row] [\/ et_pb_section]<\/p>","protected":false},"excerpt":{"rendered":"<p>1. Stru\u010dn\u00fd p\u0159ehled ochrany dat Obecn\u00e9 informace N\u00e1sleduj\u00edc\u00ed informace poskytuj\u00ed jednoduch\u00fd p\u0159ehled o tom, co se stane s va\u0161imi osobn\u00edmi \u00fadaji, kdy\u017e nav\u0161t\u00edv\u00edte na\u0161i webovou str\u00e1nku. Osobn\u00ed \u00fadaje jsou v\u0161echny \u00fadaje, se kter\u00fdmi m\u016f\u017eete b\u00fdt osobn\u011b identifikov\u00e1ni. Podrobn\u00e9 informace o p\u0159edm\u011btu ochrany \u00fadaj\u016f naleznete v na\u0161em prohl\u00e1\u0161en\u00ed o ochran\u011b \u00fadaj\u016f, kter\u00e9 je uvedeno pod t\u00edmto textem. Sb\u011br dat na na\u0161em webu [...]<\/p>","protected":false},"author":1,"featured_media":2569,"parent":0,"menu_order":0,"comment_status":"closed","ping_status":"closed","template":"","meta":{"_acf_changed":false,"_et_pb_use_builder":"on","_et_pb_old_content":"","_et_gb_content_width":"","footnotes":""},"dipi_cpt_category":[],"class_list":["post-2514","page","type-page","status-publish","has-post-thumbnail","hentry"],"acf":[],"_links":{"self":[{"href":"https:\/\/flughafen-muenchen-riem.de\/cs\/wp-json\/wp\/v2\/pages\/2514","targetHints":{"allow":["GET"]}}],"collection":[{"href":"https:\/\/flughafen-muenchen-riem.de\/cs\/wp-json\/wp\/v2\/pages"}],"about":[{"href":"https:\/\/flughafen-muenchen-riem.de\/cs\/wp-json\/wp\/v2\/types\/page"}],"author":[{"embeddable":true,"href":"https:\/\/flughafen-muenchen-riem.de\/cs\/wp-json\/wp\/v2\/users\/1"}],"replies":[{"embeddable":true,"href":"https:\/\/flughafen-muenchen-riem.de\/cs\/wp-json\/wp\/v2\/comments?post=2514"}],"version-history":[{"count":0,"href":"https:\/\/flughafen-muenchen-riem.de\/cs\/wp-json\/wp\/v2\/pages\/2514\/revisions"}],"wp:featuredmedia":[{"embeddable":true,"href":"https:\/\/flughafen-muenchen-riem.de\/cs\/wp-json\/wp\/v2\/media\/2569"}],"wp:attachment":[{"href":"https:\/\/flughafen-muenchen-riem.de\/cs\/wp-json\/wp\/v2\/media?parent=2514"}],"wp:term":[{"taxonomy":"dipi_cpt_category","embeddable":true,"href":"https:\/\/flughafen-muenchen-riem.de\/cs\/wp-json\/wp\/v2\/dipi_cpt_category?post=2514"}],"curies":[{"name":"wp","href":"https:\/\/api.w.org\/{rel}","templated":true}]}}