{"id":194,"date":"2018-12-25T14:40:16","date_gmt":"2018-12-25T13:40:16","guid":{"rendered":"https:\/\/flughafen-muenchen-riem.de\/?page_id=194"},"modified":"2024-03-06T19:51:50","modified_gmt":"2024-03-06T18:51:50","slug":"impressum","status":"publish","type":"page","link":"https:\/\/flughafen-muenchen-riem.de\/cs\/impressum\/","title":{"rendered":"otisk"},"content":{"rendered":"<p>[et_pb_section fb_built=\u201c1\u2033 _builder_version=\u201c4.16\u2033 global_colors_info=\u201c{}\u201c][et_pb_row _builder_version=\u201c4.16\u2033 global_colors_info=\u201c{}\u201c][et_pb_column type=\u201c4_4\u2033 _builder_version=\u201c4.16\u2033 custom_padding=&quot;|||&quot; global_colors_info=&quot;{}&quot; custom_padding__hover=&quot;|||&quot;][et_pb_text _builder_version=&quot;4.24.2\u2033 text_text_color=&quot;#3f3f3f&quot; background_color=&quot;rgba(255,229,0,0.22)&quot; custom_padding=&quot;48px|48px|48px|48px|true|true&quot; hover_enabled=&quot;0\u2033 border_width_all=&quot;6px&quot; border_color_all=&quot;#E09900\u2033 global_colors_info=&quot;{}&quot; sticky_enabled=&quot;0&quot;]<\/p>\n<h2>\u017d\u00e1dn\u00e9 leti\u0161tn\u00ed pron\u00e1jmy \/ akce a nat\u00e1\u010den\u00ed!<\/h2>\n<p><strong>Toto je soukrom\u00fd online archiv. Vzhledem k tomu, \u017ee leti\u0161t\u011b Mnichov-Riem bylo t\u00e9m\u011b\u0159 kompletn\u011b rozebr\u00e1no, leti\u0161t\u011b se logicky NELZE pronaj\u00edmat na akce, oslavy, z\u00e1vody, p\u0159ist\u00e1n\u00ed nebo nat\u00e1\u010den\u00ed atd.!<\/strong><\/p>\n<p>V\u011bt\u0161ina b\u00fdval\u00e9ho are\u00e1lu leti\u0161t\u011b je nyn\u00ed \u201eNeue <a href=\"https:\/\/messe-muenchen.de\/\" target=\"_blank\" rel=\"noopener\">V\u00fdstava Mnichov<\/a>&#8222;.<\/p>\n<p>N\u011bkter\u00e9 pam\u00e1tkov\u011b chr\u00e1n\u011bn\u00e9 objekty ze star\u00e9ho mnichovsk\u00e9ho leti\u0161t\u011b tam v\u0161ak st\u00e1le jsou.<\/p>\n<p>V p\u0159\u00edpad\u011b z\u00e1jmu kontaktujte n\u00e1sleduj\u00edc\u00ed kancel\u00e1\u0159e:<\/p>\n<p><span><\/span><\/p>\n<ul>\n<li><strong>V\u011b\u017e na leti\u0161ti Riem<\/strong> (<a href=\"https:\/\/www.brainlab.com\/de\/kontakt\/\" target=\"_blank\" rel=\"nofollow noopener\">Brainlab AG, Olof-Palme-Strasse 9, 81829 Mnichov<\/a>)<\/li>\n<li><strong>Erby Hall Airport-Riem<\/strong> (<a href=\"https:\/\/www.wappenhalle-muenchen.de\/historie\/\" target=\"_blank\" rel=\"nofollow noopener\"><span>WappenhalleM\u00fcnchen GmbH,\u00a0<\/span><span>Hubertusstrasse 4,\u00a0<\/span><\/a><span><a href=\"https:\/\/www.wappenhalle-muenchen.de\/historie\/\" target=\"_blank\" rel=\"noopener\">85661 Forstinning<\/a>)<\/span><\/li>\n<li><strong>Auditorium s Buga Lounge<\/strong> (<a href=\"https:\/\/www.muenchen.de\/rathaus\/Stadtverwaltung\/baureferat.html\" target=\"_blank\" rel=\"nofollow noopener\">M\u011bsto Mnichov, Stavebn\u00ed odd\u011blen\u00ed, Friedenstra\u00dfe 40, 81671 Mnichov<\/a>)<\/li>\n<li><strong>Zbytky ranveje - sou\u010d\u00e1st star\u00e9ho are\u00e1lu BUGA <\/strong>(<a href=\"https:\/\/stadt.muenchen.de\/buergerservice\/freizeit-hobby\/eventmanagement\/anmeldung.html\" target=\"_blank\" rel=\"noopener\">KVR Mnichov<\/a> \u2013 D\u016eLE\u017dIT\u00c9 UPOZORN\u011aN\u00cd: Vzhledem k tomu, \u017ee are\u00e1l star\u00e9ho SLB se nach\u00e1z\u00ed uprost\u0159ed p\u0159\u00edrodn\u00ed rezervace, \u017e\u00e1dosti o akce \u010di komer\u010dn\u00ed vyu\u017eit\u00ed bohu\u017eel NEN\u00cd mo\u017en\u00e9 podle ni\u017e\u0161\u00edho org\u00e1nu ochrany p\u0159\u00edrody schv\u00e1lit. Stav: 03\/2024)<\/li>\n<\/ul>\n<p>[\/et_pb_text][\/et_pb_column][\/et_pb_row][et_pb_row column_structure=\u201c1_2,1_2\u2033 _builder_version=\u201c4.16\u2033 global_colors_info=\u201c{}\u201c][et_pb_column type=\u201c1_2\u2033 _builder_version=\u201c4.16\u2033 custom_padding=&quot;|||&quot; global_colors_info=\u201d{}\u201d custom_padding__hover=\u201d|||\u201d][et_pb_text _builder_version=\u201d4.16\u2033 global_colors_info=\u201d{}\u201d]<\/p>\n<h2>otisk<\/h2>\n<p>Carsten Tauber<br \/>Lerchenfeldstr. 15<br \/>94060 Pocking<\/p>\n<p>Telefon: +49 (0) 8531\/978 588 - 0<br \/>Fax: +49 (0) 8531\/978 588 - 8<br \/>E-mailem: <a href=\"mailto:info@greatsolution.de\">tower@flughafen-riem.de<\/a><\/p>\n<p>&nbsp;<\/p>\n<p><strong>Zodpov\u011bdnost za obsah<\/strong><\/p>\n<p>Carsten Tauber<br \/>Lerchenfeldstr. 15<br \/>94060 Pocking<\/p>\n<p>Telefon: +49 (0) 8531\/978 588 - 0<br \/>Fax: +49 (0) 8531\/978 588 - 8<br \/>E-mailem: <a href=\"mailto:info@greatsolution.de\">tower@flughafen-riem.de<\/a><\/p>\n<p>[\/et_pb_text][\/et_pb_column][et_pb_column type=\u201c1_2\u2033 _builder_version=\u201c4.16\u2033 custom_padding=\u201c|||\u201c global_colors_info=\u201d{}\u201d custom_padding__hover=\u201d|||\u201d][et_pb_text _builder_version=\u201d4.16\u2033 global_colors_info=\u201d{}\u201d]<\/p>\n<p><strong>Odpov\u011bdnost za obsah<\/strong><\/p>\n<p>Jako poskytovatel slu\u017eeb jsem odpov\u011bdn\u00fd za sv\u016fj vlastn\u00ed obsah na t\u011bchto str\u00e1nk\u00e1ch v souladu s obecn\u00fdmi z\u00e1kony. Jako poskytovatel slu\u017eeb v\u0161ak nejsme povinni sledovat p\u0159en\u00e1\u0161en\u00e9 nebo ulo\u017een\u00e9 informace t\u0159et\u00edch stran nebo zkoumat okolnosti, kter\u00e9 nazna\u010duj\u00ed nez\u00e1konnou \u010dinnost. Povinnosti odstranit nebo zablokovat pou\u017eit\u00ed informac\u00ed podle obecn\u00fdch z\u00e1kon\u016f z\u016fst\u00e1vaj\u00ed nedot\u010deny. Odpov\u011bdnost v tomto ohledu je v\u0161ak mo\u017en\u00e1 a\u017e od okam\u017eiku, kdy se dozv\u00edme o konkr\u00e9tn\u00edm poru\u0161en\u00ed z\u00e1kona. Jakmile se o takov\u00e9m poru\u0161en\u00ed z\u00e1kona dozv\u00edme, okam\u017eit\u011b tento obsah odstran\u00edme.<\/p>\n<p>Projekt Online archiv leti\u0161t\u011b Mnichov-Riem byl ofici\u00e1ln\u011b schv\u00e1len spole\u010dnost\u00ed Flughafen M\u00fcnchen GmbH (FMG) v roce 2011. Samotn\u00fd online archiv je provozov\u00e1n zcela nez\u00e1visle a soukrom\u011b, a proto obsahov\u011b automaticky neodpov\u00edd\u00e1 n\u00e1zoru spole\u010dnosti Flughafen M\u00fcnchen GmbH.<\/p>\n<p><strong>Odpov\u011bdnost za odkazy<\/strong><\/p>\n<p>Moje nab\u00eddka obsahuje odkazy na extern\u00ed webov\u00e9 str\u00e1nky t\u0159et\u00edch stran, na jejich\u017e obsah nem\u00e1m \u017e\u00e1dn\u00fd vliv. Proto nemohu p\u0159ijmout \u017e\u00e1dnou odpov\u011bdnost za tento obsah t\u0159et\u00edch stran. Za obsah odkazovan\u00fdch str\u00e1nek je v\u017edy odpov\u011bdn\u00fd p\u0159\u00edslu\u0161n\u00fd poskytovatel nebo provozovatel str\u00e1nek. Odkazovan\u00e9 str\u00e1nky byly v dob\u011b, kdy byly propojeny, zkontrolov\u00e1ny z hlediska mo\u017en\u00e9ho poru\u0161en\u00ed z\u00e1kona. V dob\u011b vytvo\u0159en\u00ed odkazu nebyl nalezen \u017e\u00e1dn\u00fd neleg\u00e1ln\u00ed obsah. Trval\u00e1 kontrola obsahu odkazovan\u00fdch str\u00e1nek nen\u00ed p\u0159im\u011b\u0159en\u00e1 bez konkr\u00e9tn\u00edch d\u016fkaz\u016f o poru\u0161en\u00ed z\u00e1kona. Jakmile se dozv\u00edme o poru\u0161en\u00ed z\u00e1kona, takov\u00e9 odkazy okam\u017eit\u011b odstran\u00edme.<\/p>\n<p><strong>autorsk\u00e1 pr\u00e1va<\/strong><\/p>\n<p>Obsah a d\u00edla vytvo\u0159en\u00e1 mnou na t\u011bchto str\u00e1nk\u00e1ch podl\u00e9haj\u00ed n\u011bmeck\u00e9mu autorsk\u00e9mu pr\u00e1vu. Kop\u00edrov\u00e1n\u00ed, zpracov\u00e1n\u00ed, \u0161\u00ed\u0159en\u00ed a jak\u00fdkoli druh vyu\u017eit\u00ed mimo limity autorsk\u00e9ho z\u00e1kona vy\u017eaduje p\u00edsemn\u00fd souhlas p\u0159\u00edslu\u0161n\u00e9ho autora nebo tv\u016frce. Stahov\u00e1n\u00ed a kopie t\u00e9to webov\u00e9 str\u00e1nky jsou povoleny pouze pro soukrom\u00e9, nekomer\u010dn\u00ed pou\u017eit\u00ed. Historick\u00e1 loga \u201eFlughafen-M\u00fcnchen\u201c byla laskav\u011b zp\u0159\u00edstupn\u011bna online archivu pro pou\u017eit\u00ed spole\u010dnosti Flughafen M\u00fcnchen GmbH \u2013 odd\u011blen\u00ed podnikov\u00e9 komunikace.<\/p>\n<p>Pokud obsah t\u00e9to str\u00e1nky nebyl vytvo\u0159en mnou, jsou dodr\u017eov\u00e1na autorsk\u00e1 pr\u00e1va t\u0159et\u00edch stran. Zejm\u00e9na obsahy t\u0159et\u00edch stran jsou jako takov\u00e9 ozna\u010deny. Pokud byste se p\u0159esto dozv\u011bd\u011bli o poru\u0161en\u00ed autorsk\u00fdch pr\u00e1v, po\u017e\u00e1dali bychom v\u00e1s, abyste n\u00e1s o tom informovali. Pokud se dozv\u00edme o poru\u0161en\u00ed z\u00e1kona, okam\u017eit\u011b takov\u00fd obsah odstran\u00edme.<\/p>\n<p>[\/ et_pb_text] [\/ et_pb_column] [\/ et_pb_row] [\/ et_pb_section]<\/p>","protected":false},"excerpt":{"rendered":"<p>\u017d\u00e1dn\u00fd pron\u00e1jem leti\u0161t\u011b\/akce ani nat\u00e1\u010den\u00ed! Toto je soukrom\u00fd online archiv. Vzhledem k tomu, \u017ee leti\u0161t\u011b Mnichov-Riem bylo t\u00e9m\u011b\u0159 kompletn\u011b zbour\u00e1no, nelze jej pronaj\u00edmat pro akce, ve\u010d\u00edrky, z\u00e1vody, p\u0159ist\u00e1n\u00ed ani nat\u00e1\u010den\u00ed atd.! V\u011bt\u0161ina b\u00fdval\u00e9ho are\u00e1lu leti\u0161t\u011b je nyn\u00ed \u201eNov\u00e9 mnichovsk\u00e9 v\u00fdstavi\u0161t\u011b\u201c. N\u011bkter\u00e9 pam\u00e1tkov\u011b chr\u00e1n\u011bn\u00e9 budovy star\u00e9ho mnichovsk\u00e9ho leti\u0161t\u011b jsou v\u0161ak [\u2026]<\/p>","protected":false},"author":1,"featured_media":2569,"parent":0,"menu_order":0,"comment_status":"closed","ping_status":"closed","template":"","meta":{"_acf_changed":false,"_et_pb_use_builder":"on","_et_pb_old_content":"","_et_gb_content_width":"","footnotes":""},"dipi_cpt_category":[],"class_list":["post-194","page","type-page","status-publish","has-post-thumbnail","hentry"],"acf":[],"_links":{"self":[{"href":"https:\/\/flughafen-muenchen-riem.de\/cs\/wp-json\/wp\/v2\/pages\/194","targetHints":{"allow":["GET"]}}],"collection":[{"href":"https:\/\/flughafen-muenchen-riem.de\/cs\/wp-json\/wp\/v2\/pages"}],"about":[{"href":"https:\/\/flughafen-muenchen-riem.de\/cs\/wp-json\/wp\/v2\/types\/page"}],"author":[{"embeddable":true,"href":"https:\/\/flughafen-muenchen-riem.de\/cs\/wp-json\/wp\/v2\/users\/1"}],"replies":[{"embeddable":true,"href":"https:\/\/flughafen-muenchen-riem.de\/cs\/wp-json\/wp\/v2\/comments?post=194"}],"version-history":[{"count":0,"href":"https:\/\/flughafen-muenchen-riem.de\/cs\/wp-json\/wp\/v2\/pages\/194\/revisions"}],"wp:featuredmedia":[{"embeddable":true,"href":"https:\/\/flughafen-muenchen-riem.de\/cs\/wp-json\/wp\/v2\/media\/2569"}],"wp:attachment":[{"href":"https:\/\/flughafen-muenchen-riem.de\/cs\/wp-json\/wp\/v2\/media?parent=194"}],"wp:term":[{"taxonomy":"dipi_cpt_category","embeddable":true,"href":"https:\/\/flughafen-muenchen-riem.de\/cs\/wp-json\/wp\/v2\/dipi_cpt_category?post=194"}],"curies":[{"name":"wp","href":"https:\/\/api.w.org\/{rel}","templated":true}]}}